{"id":303439,"date":"2022-12-16T04:16:59","date_gmt":"2022-12-16T03:16:59","guid":{"rendered":"http:\/\/dev.claret.cat\/llibre\/que-viva-la-cocina-9788417338404\/"},"modified":"2023-01-28T11:46:07","modified_gmt":"2023-01-28T10:46:07","slug":"que-viva-la-cocina-9788417338404","status":"publish","type":"product","link":"https:\/\/www.claret.cat\/es\/libro\/que-viva-la-cocina-9788417338404\/","title":{"rendered":"\u00a1QUE VIVA LA COCINA!"},"content":{"rendered":"<p>Gorka Barredo nos presenta recetas f\u00e1ciles, econ\u00f3micas y r\u00e1pidas de hacer. \u00a1Hola, receteros y receteras! Mi nombre es Gorka Barredo y por mucho que me llamen youtuber, blogger o  influencer, yo prefiero que se me conozca como cocinero; uno que tiene  la peculiaridad de compartir sus recetas a trav\u00e9s de las redes. En \u00a1Que viva la cocina! he recopilado, en exclusiva para ti,  70 recetas que no encontrar\u00e1s ni en mi blog, ni en mis canales de  YouTube ni en Facebook. Primeros, segundos y postres que, como todos los  platos que me caracterizan, son caseros, f\u00e1ciles, baratos  y para todos  los p\u00fablicos. No importa si tienes mucha o poca experiencia entre  fogones, porque el mejor cocinero del mundo no es aquel que mejor guisa, sino el que m\u00e1s entusiasmo le pone a la cocina.<\/p>\n","protected":false},"excerpt":{"rendered":"<p>BARREDO, GORKA<\/p>\n","protected":false},"featured_media":303440,"template":"","meta":{"_acf_changed":false,"om_disable_all_campaigns":false,"rs_blank_template":"","rs_page_bg_color":"","slide_template_v7":"","inline_featured_image":false,"_monsterinsights_skip_tracking":false,"_monsterinsights_sitenote_active":false,"_monsterinsights_sitenote_note":"","_monsterinsights_sitenote_category":0},"product_brand":[],"product_cat":[553,103],"product_tag":[],"class_list":{"0":"post-303439","1":"product","2":"type-product","3":"status-publish","4":"has-post-thumbnail","6":"product_cat-cocina","7":"product_cat-cuina","9":"first","10":"instock","11":"taxable","12":"shipping-taxable","13":"purchasable","14":"product-type-simple"},"acf":{"autor":"BARREDO, GORKA","codart":"841733840","libros-coleccion":"SABORES","ediciones":"1","encuadernacion":"R\u00fastica","fecha_de_publicacion":"01\/05\/2019","novedad":"1","paginas":"192","subtitulo":"RECETAS CASERAS Y F\u00c1CILES PARA TODOS LOS BOLSILLOS","orden":"0","portada":"0","idioma":"spa","editorial":[{"ID":148228,"post_author":"3","post_date":"2022-10-14 11:56:37","post_date_gmt":"2022-10-14 09:56:37","post_content":"","post_title":"GRIJALBO ILUSTRADOS","post_excerpt":"","post_status":"publish","comment_status":"closed","ping_status":"closed","post_password":"","post_name":"grijalbo-ilustrados","to_ping":"","pinged":"","post_modified":"2022-10-14 11:56:37","post_modified_gmt":"2022-10-14 09:56:37","post_content_filtered":"","post_parent":0,"guid":"http:\/\/dev.claret.cat\/editorial\/grijalbo-ilustrados\/","menu_order":0,"post_type":"editorial","post_mime_type":"","comment_count":"0","filter":"raw"}],"autores-libros":[{"ID":157072,"post_author":"3","post_date":"2022-10-14 15:25:54","post_date_gmt":"2022-10-14 13:25:54","post_content":"","post_title":"GORKA BARREDO","post_excerpt":"","post_status":"publish","comment_status":"closed","ping_status":"closed","post_password":"","post_name":"gorka-barredo","to_ping":"","pinged":"","post_modified":"2022-10-14 15:25:54","post_modified_gmt":"2022-10-14 13:25:54","post_content_filtered":"","post_parent":0,"guid":"http:\/\/dev.claret.cat\/autor\/gorka-barredo\/","menu_order":0,"post_type":"autor","post_mime_type":"","comment_count":"0","filter":"raw"}]},"aioseo_notices":[],"_links":{"self":[{"href":"https:\/\/www.claret.cat\/es\/wp-json\/wp\/v2\/product\/303439","targetHints":{"allow":["GET"]}}],"collection":[{"href":"https:\/\/www.claret.cat\/es\/wp-json\/wp\/v2\/product"}],"about":[{"href":"https:\/\/www.claret.cat\/es\/wp-json\/wp\/v2\/types\/product"}],"wp:featuredmedia":[{"embeddable":true,"href":"https:\/\/www.claret.cat\/es\/wp-json\/wp\/v2\/media\/303440"}],"wp:attachment":[{"href":"https:\/\/www.claret.cat\/es\/wp-json\/wp\/v2\/media?parent=303439"}],"wp:term":[{"taxonomy":"product_brand","embeddable":true,"href":"https:\/\/www.claret.cat\/es\/wp-json\/wp\/v2\/product_brand?post=303439"},{"taxonomy":"product_cat","embeddable":true,"href":"https:\/\/www.claret.cat\/es\/wp-json\/wp\/v2\/product_cat?post=303439"},{"taxonomy":"product_tag","embeddable":true,"href":"https:\/\/www.claret.cat\/es\/wp-json\/wp\/v2\/product_tag?post=303439"}],"curies":[{"name":"wp","href":"https:\/\/api.w.org\/{rel}","templated":true}]}}