{"id":303544,"date":"2022-12-16T04:21:35","date_gmt":"2022-12-16T03:21:35","guid":{"rendered":"http:\/\/dev.claret.cat\/llibre\/isabel-la-catolica-por-que-es-santa-9788417407704\/"},"modified":"2025-12-15T12:15:50","modified_gmt":"2025-12-15T11:15:50","slug":"isabel-la-catolica-por-que-es-santa-9788417407704","status":"publish","type":"product","link":"https:\/\/www.claret.cat\/es\/libro\/isabel-la-catolica-por-que-es-santa-9788417407704\/","title":{"rendered":"ISABEL LA CAT\u00d3LICA. POR QU\u00c9 ES SANTA"},"content":{"rendered":"<p>En pleno proceso de beatificaci\u00f3n de Isabel la Cat\u00f3lica, el conocido periodista Jos\u00e9 Mar\u00eda Zavala tuvo el privilegio de acceder a documentos in\u00e9ditos que le hicieron descubrir cu\u00e1n poco sab\u00edamos de la personalidad de nuestra reina m\u00e1s c\u00e9lebre. Emotiva y apasionante, esta singular obra de investigaci\u00f3n nos cuenta la verdadera historia de la Isabel declarada Sierva de Dios por la Santa Sede y que, por tanto, ha emprendido ya el camino hacia los altares. Una soberana que tuvo que tomar controvertidas decisiones no siempre bien comprendidas y que ahora, a la luz de nuevos documentos hist\u00f3ricos, cobran un inusitado valor. La aut\u00e9ntica y desconocida historia, valga la redundancia, de una de las mujeres m\u00e1s fascinantes de la Historia.<\/p>\n","protected":false},"excerpt":{"rendered":"<p>ZAVALA, JOS\u00c9 MAR\u00cdA<\/p>\n","protected":false},"featured_media":303545,"template":"","meta":{"_acf_changed":false,"om_disable_all_campaigns":false,"rs_blank_template":"","rs_page_bg_color":"","slide_template_v7":"","inline_featured_image":false,"_monsterinsights_skip_tracking":false,"_monsterinsights_sitenote_active":false,"_monsterinsights_sitenote_note":"","_monsterinsights_sitenote_category":0},"product_brand":[],"product_cat":[549,99,85,351],"product_tag":[],"class_list":{"0":"post-303544","1":"product","2":"type-product","3":"status-publish","4":"has-post-thumbnail","6":"product_cat-biografias","7":"product_cat-biografies","8":"product_cat-historia","9":"product_cat-historia-2_humanidades","11":"first","12":"instock","13":"taxable","14":"shipping-taxable","15":"purchasable","16":"product-type-simple"},"acf":{"autor":"ZAVALA, JOS\u00c9 MAR\u00cdA","codart":"841740770","libros-coleccion":"","ediciones":"1","encuadernacion":"R\u00fastica","fecha_de_publicacion":"07\/06\/2019","novedad":"1","paginas":"356","subtitulo":"POR QU\u00c9 ES SANTA ","orden":"0","portada":"0","idioma":"spa","editorial":[{"ID":148267,"post_author":"3","post_date":"2022-10-14 11:56:55","post_date_gmt":"2022-10-14 09:56:55","post_content":"","post_title":"HOMOLEGENS","post_excerpt":"","post_status":"publish","comment_status":"closed","ping_status":"closed","post_password":"","post_name":"homolegens","to_ping":"","pinged":"","post_modified":"2022-10-14 11:56:55","post_modified_gmt":"2022-10-14 09:56:55","post_content_filtered":"","post_parent":0,"guid":"http:\/\/dev.claret.cat\/editorial\/homolegens\/","menu_order":0,"post_type":"editorial","post_mime_type":"","comment_count":"0","filter":"raw"}],"autores-libros":[{"ID":5646,"post_author":"3","post_date":"2022-07-28 17:28:27","post_date_gmt":"2022-07-28 15:28:27","post_content":"","post_title":"JOS\u00c9 MAR\u00cdA ZAVALA","post_excerpt":"","post_status":"publish","comment_status":"closed","ping_status":"closed","post_password":"","post_name":"jose-maria-zavala","to_ping":"","pinged":"","post_modified":"2022-07-28 17:28:27","post_modified_gmt":"2022-07-28 15:28:27","post_content_filtered":"","post_parent":0,"guid":"http:\/\/dev.claret.cat\/autor\/jose-maria-zavala\/","menu_order":0,"post_type":"autor","post_mime_type":"","comment_count":"0","filter":"raw"}],"booktrailer":"","resenas":""},"aioseo_notices":[],"_links":{"self":[{"href":"https:\/\/www.claret.cat\/es\/wp-json\/wp\/v2\/product\/303544","targetHints":{"allow":["GET"]}}],"collection":[{"href":"https:\/\/www.claret.cat\/es\/wp-json\/wp\/v2\/product"}],"about":[{"href":"https:\/\/www.claret.cat\/es\/wp-json\/wp\/v2\/types\/product"}],"wp:featuredmedia":[{"embeddable":true,"href":"https:\/\/www.claret.cat\/es\/wp-json\/wp\/v2\/media\/303545"}],"wp:attachment":[{"href":"https:\/\/www.claret.cat\/es\/wp-json\/wp\/v2\/media?parent=303544"}],"wp:term":[{"taxonomy":"product_brand","embeddable":true,"href":"https:\/\/www.claret.cat\/es\/wp-json\/wp\/v2\/product_brand?post=303544"},{"taxonomy":"product_cat","embeddable":true,"href":"https:\/\/www.claret.cat\/es\/wp-json\/wp\/v2\/product_cat?post=303544"},{"taxonomy":"product_tag","embeddable":true,"href":"https:\/\/www.claret.cat\/es\/wp-json\/wp\/v2\/product_tag?post=303544"}],"curies":[{"name":"wp","href":"https:\/\/api.w.org\/{rel}","templated":true}]}}