{"id":303571,"date":"2022-12-16T04:22:49","date_gmt":"2022-12-16T03:22:49","guid":{"rendered":"http:\/\/dev.claret.cat\/llibre\/jo-soc-aquell-que-va-matar-franco-9788417420703\/"},"modified":"2024-01-31T18:46:47","modified_gmt":"2024-01-31T17:46:47","slug":"jo-soc-aquell-que-va-matar-franco-9788417420703","status":"publish","type":"product","link":"https:\/\/www.claret.cat\/es\/libro\/jo-soc-aquell-que-va-matar-franco-9788417420703\/","title":{"rendered":"JO SOC AQUELL QUE VA MATAR FRANCO"},"content":{"rendered":"<p>El personatge que afirma haver matat Franco, Agust\u00ed Vilamat, neix el 1916 en una casa modesta de Solsona. Tot i ser un nen prudent, contemplatiu, perd un ull en un accident absurd. Aviat, gr\u00e0cies a les revistes infantils que guarda un notari amic de la fam\u00edlia, descobreix el gust per la lectura i pels secrets de la llengua, que no l&#8217;abandonar\u00e0 mai. I aix\u00ed, uns anys m\u00e9s tard, baixa a Barcelona a fer de corrector ling\u00fc\u00edstic, poc abans que esclati la guerra. Una guerra que no s&#8217;acaba el 1939, perqu\u00e8 Franco, cedint a les pressions de Hitler, declara la guerra als Aliats i travessa els Pirineus. I la primera acci\u00f3 b\u00e8l\u00b7lica de l&#8217;ex\u00e8rcit franquista a Fran\u00e7a \u00e9s de bombardejar el camp d&#8217;Argelers, on ha anat a parar l&#8217;Agust\u00ed. Qu\u00e8 far\u00e0 aleshores el jove enamorat dels diccionaris?<\/p>\n","protected":false},"excerpt":{"rendered":"<p>LLU\u00cdS, JOAN-LLU\u00cdS<\/p>\n","protected":false},"featured_media":303572,"template":"","meta":{"_acf_changed":false,"om_disable_all_campaigns":false,"rs_blank_template":"","rs_page_bg_color":"","slide_template_v7":"","inline_featured_image":false,"_monsterinsights_skip_tracking":false,"_monsterinsights_sitenote_active":false,"_monsterinsights_sitenote_note":"","_monsterinsights_sitenote_category":0},"product_brand":[],"product_cat":[353,87],"product_tag":[],"class_list":{"0":"post-303571","1":"product","2":"type-product","3":"status-publish","4":"has-post-thumbnail","6":"product_cat-literatura-2_humanidades","7":"product_cat-literatura","9":"first","10":"instock","11":"taxable","12":"shipping-taxable","13":"purchasable","14":"product-type-simple"},"acf":{"autor":"LLU\u00cdS, JOAN-LLU\u00cdS","codart":"841742070","libros-coleccion":"LABUTXACA","ediciones":"1","encuadernacion":"R\u00fastica","fecha_de_publicacion":"01\/06\/2019","novedad":"1","paginas":"299","subtitulo":"PREMI SANT JORDI 2017","orden":"0","portada":"0","idioma":"cat","editorial":[{"ID":6281,"post_author":"3","post_date":"2022-07-28 17:48:50","post_date_gmt":"2022-07-28 15:48:50","post_content":"","post_title":"LABUTXACA","post_excerpt":"","post_status":"publish","comment_status":"closed","ping_status":"closed","post_password":"","post_name":"labutxaca","to_ping":"","pinged":"","post_modified":"2022-07-28 17:48:50","post_modified_gmt":"2022-07-28 15:48:50","post_content_filtered":"","post_parent":0,"guid":"http:\/\/dev.claret.cat\/editorial\/labutxaca\/","menu_order":0,"post_type":"editorial","post_mime_type":"","comment_count":"0","filter":"raw"}],"autores-libros":[{"ID":159468,"post_author":"3","post_date":"2022-10-14 15:45:05","post_date_gmt":"2022-10-14 13:45:05","post_content":"","post_title":"JOAN-LLUIS LLUIS","post_excerpt":"","post_status":"publish","comment_status":"closed","ping_status":"closed","post_password":"","post_name":"joan-lluis-lluis-3","to_ping":"","pinged":"","post_modified":"2022-10-14 15:45:05","post_modified_gmt":"2022-10-14 13:45:05","post_content_filtered":"","post_parent":0,"guid":"http:\/\/dev.claret.cat\/autor\/joan-lluis-lluis-3\/","menu_order":0,"post_type":"autor","post_mime_type":"","comment_count":"0","filter":"raw"}]},"aioseo_notices":[],"_links":{"self":[{"href":"https:\/\/www.claret.cat\/es\/wp-json\/wp\/v2\/product\/303571","targetHints":{"allow":["GET"]}}],"collection":[{"href":"https:\/\/www.claret.cat\/es\/wp-json\/wp\/v2\/product"}],"about":[{"href":"https:\/\/www.claret.cat\/es\/wp-json\/wp\/v2\/types\/product"}],"wp:featuredmedia":[{"embeddable":true,"href":"https:\/\/www.claret.cat\/es\/wp-json\/wp\/v2\/media\/303572"}],"wp:attachment":[{"href":"https:\/\/www.claret.cat\/es\/wp-json\/wp\/v2\/media?parent=303571"}],"wp:term":[{"taxonomy":"product_brand","embeddable":true,"href":"https:\/\/www.claret.cat\/es\/wp-json\/wp\/v2\/product_brand?post=303571"},{"taxonomy":"product_cat","embeddable":true,"href":"https:\/\/www.claret.cat\/es\/wp-json\/wp\/v2\/product_cat?post=303571"},{"taxonomy":"product_tag","embeddable":true,"href":"https:\/\/www.claret.cat\/es\/wp-json\/wp\/v2\/product_tag?post=303571"}],"curies":[{"name":"wp","href":"https:\/\/api.w.org\/{rel}","templated":true}]}}