{"id":303574,"date":"2022-12-16T04:22:57","date_gmt":"2022-12-16T03:22:57","guid":{"rendered":"http:\/\/dev.claret.cat\/llibre\/escollida-pels-deus-9788417420710\/"},"modified":"2024-01-31T18:46:55","modified_gmt":"2024-01-31T17:46:55","slug":"escollida-pels-deus-9788417420710","status":"publish","type":"product","link":"https:\/\/www.claret.cat\/es\/libro\/escollida-pels-deus-9788417420710\/","title":{"rendered":"ESCOLLIDA PELS D\u00c9US"},"content":{"rendered":"<p>Any 305 abans de Crist. Emp\u00f2rion, una petita polis de l&#8217;occident de la Mediterr\u00e0nia, creix pr\u00f2spera, entre altres coses gr\u00e0cies a les riques terres de l&#8217;interior, les dels ibers indigetes. El naixement d&#8217;una nena, fruit d&#8217;un amor prohibit, coincidir\u00e0 amb un per\u00edode d&#8217;hostilitats entre emporitans i indigetes. Reclamada per la sacerdotessa de la ciutat ibera d&#8217;\u00cdndica, per\u00f2 acollida per una cortesana, H\u00e8lia creixer\u00e0 dins les muralles d&#8217;Emp\u00f2rion aliena als interessos enfrontats dels ciutadans. Mentre el ric i venjatiu comerciant Heraclides pret\u00e9n convertir Emp\u00f2rion en una tirania, el seu cunyat Aris somia la reforma dels temples i el culte a Asclepi. D&#8217;altra banda, a \u00cdndica, Unibelos, tan ambici\u00f3s com bon guerrer, conspira per usurpar el poder. Amb l&#8217;Emp\u00faries grega com a escenari, les lluites i les intrigues esclataran barrejant-se amb les passions personals. I a la seva ombra, la sivella d&#8217;una cortesana anir\u00e0 deixant unes cicatrius dif\u00edcils d&#8221;esborrar.<\/p>\n","protected":false},"excerpt":{"rendered":"<p>ROCA, MARIA CARME<\/p>\n","protected":false},"featured_media":303575,"template":"","meta":{"_acf_changed":false,"om_disable_all_campaigns":false,"rs_blank_template":"","rs_page_bg_color":"","slide_template_v7":"","inline_featured_image":false,"_monsterinsights_skip_tracking":false,"_monsterinsights_sitenote_active":false,"_monsterinsights_sitenote_note":"","_monsterinsights_sitenote_category":0},"product_brand":[],"product_cat":[87,353],"product_tag":[],"class_list":{"0":"post-303574","1":"product","2":"type-product","3":"status-publish","4":"has-post-thumbnail","6":"product_cat-literatura","7":"product_cat-literatura-2_humanidades","9":"first","10":"instock","11":"taxable","12":"shipping-taxable","13":"purchasable","14":"product-type-simple"},"acf":{"autor":"ROCA, MARIA CARME","codart":"841742071","libros-coleccion":"LABUTXACA","ediciones":"1","encuadernacion":"R\u00fastica","fecha_de_publicacion":"01\/06\/2019","novedad":"1","paginas":"471","subtitulo":"","orden":"0","portada":"0","idioma":"cat","editorial":[{"ID":6281,"post_author":"3","post_date":"2022-07-28 17:48:50","post_date_gmt":"2022-07-28 15:48:50","post_content":"","post_title":"LABUTXACA","post_excerpt":"","post_status":"publish","comment_status":"closed","ping_status":"closed","post_password":"","post_name":"labutxaca","to_ping":"","pinged":"","post_modified":"2022-07-28 17:48:50","post_modified_gmt":"2022-07-28 15:48:50","post_content_filtered":"","post_parent":0,"guid":"http:\/\/dev.claret.cat\/editorial\/labutxaca\/","menu_order":0,"post_type":"editorial","post_mime_type":"","comment_count":"0","filter":"raw"}],"autores-libros":[{"ID":163549,"post_author":"3","post_date":"2022-10-14 17:39:56","post_date_gmt":"2022-10-14 15:39:56","post_content":"","post_title":"MARIA CARME ROCA","post_excerpt":"","post_status":"publish","comment_status":"closed","ping_status":"closed","post_password":"","post_name":"maria-carme-roca","to_ping":"","pinged":"","post_modified":"2022-10-14 17:39:56","post_modified_gmt":"2022-10-14 15:39:56","post_content_filtered":"","post_parent":0,"guid":"http:\/\/dev.claret.cat\/autor\/maria-carme-roca\/","menu_order":0,"post_type":"autor","post_mime_type":"","comment_count":"0","filter":"raw"}]},"aioseo_notices":[],"_links":{"self":[{"href":"https:\/\/www.claret.cat\/es\/wp-json\/wp\/v2\/product\/303574","targetHints":{"allow":["GET"]}}],"collection":[{"href":"https:\/\/www.claret.cat\/es\/wp-json\/wp\/v2\/product"}],"about":[{"href":"https:\/\/www.claret.cat\/es\/wp-json\/wp\/v2\/types\/product"}],"wp:featuredmedia":[{"embeddable":true,"href":"https:\/\/www.claret.cat\/es\/wp-json\/wp\/v2\/media\/303575"}],"wp:attachment":[{"href":"https:\/\/www.claret.cat\/es\/wp-json\/wp\/v2\/media?parent=303574"}],"wp:term":[{"taxonomy":"product_brand","embeddable":true,"href":"https:\/\/www.claret.cat\/es\/wp-json\/wp\/v2\/product_brand?post=303574"},{"taxonomy":"product_cat","embeddable":true,"href":"https:\/\/www.claret.cat\/es\/wp-json\/wp\/v2\/product_cat?post=303574"},{"taxonomy":"product_tag","embeddable":true,"href":"https:\/\/www.claret.cat\/es\/wp-json\/wp\/v2\/product_tag?post=303574"}],"curies":[{"name":"wp","href":"https:\/\/api.w.org\/{rel}","templated":true}]}}