{"id":303635,"date":"2022-12-16T04:25:51","date_gmt":"2022-12-16T03:25:51","guid":{"rendered":"http:\/\/dev.claret.cat\/llibre\/cuentos-de-hadas-9788417430597\/"},"modified":"2023-01-28T20:38:51","modified_gmt":"2023-01-28T19:38:51","slug":"cuentos-de-hadas-9788417430597","status":"publish","type":"product","link":"https:\/\/www.claret.cat\/es\/libro\/cuentos-de-hadas-9788417430597\/","title":{"rendered":"CUENTOS DE HADAS"},"content":{"rendered":"<p>Charles Perrault es, junto a los hermanos Grimm y Hans Christian Andersen,<br \/> uno de los pilares sobre los que se sostienen los cuentos del mundo<br \/> occidental. En su universo de fantas\u00eda mezcl\u00f3 la tradici\u00f3n oral con la<br \/> recopilaci\u00f3n de antiguas leyendas e inaugur\u00f3 un g\u00e9nero literario: el de los<br \/> cuentos de hadas.<br \/> Sus cuentos han sido capaces de sobrevivir al paso del tiempo y marcar a<br \/> decenas de generaciones, puesto que todos ellos contienen ense\u00f1anzas<br \/> valiosas y una frescura que hacen de su lectura un enorme placer.<\/p>\n","protected":false},"excerpt":{"rendered":"<p>PERRAULT, CHARLES<\/p>\n","protected":false},"featured_media":303636,"template":"","meta":{"_acf_changed":false,"om_disable_all_campaigns":false,"rs_blank_template":"","rs_page_bg_color":"","slide_template_v7":"","inline_featured_image":false,"_monsterinsights_skip_tracking":false,"_monsterinsights_sitenote_active":false,"_monsterinsights_sitenote_note":"","_monsterinsights_sitenote_category":0},"product_brand":[],"product_cat":[87,353],"product_tag":[],"class_list":{"0":"post-303635","1":"product","2":"type-product","3":"status-publish","4":"has-post-thumbnail","6":"product_cat-literatura","7":"product_cat-literatura-2_humanidades","9":"first","10":"instock","11":"taxable","12":"shipping-taxable","13":"purchasable","14":"product-type-simple"},"acf":{"autor":"PERRAULT, CHARLES","codart":"841743059","libros-coleccion":"Cl\u00e1sicos","ediciones":"1","encuadernacion":"Carton\u00e9","fecha_de_publicacion":"01\/06\/2019","novedad":"1","paginas":"158","subtitulo":"","orden":"0","portada":"0","idioma":"spa","editorial":[{"ID":147917,"post_author":"3","post_date":"2022-10-14 11:54:14","post_date_gmt":"2022-10-14 09:54:14","post_content":"","post_title":"EDITORIAL ALMA","post_excerpt":"","post_status":"publish","comment_status":"closed","ping_status":"closed","post_password":"","post_name":"editorial-alma","to_ping":"","pinged":"","post_modified":"2022-10-14 11:54:14","post_modified_gmt":"2022-10-14 09:54:14","post_content_filtered":"","post_parent":0,"guid":"http:\/\/dev.claret.cat\/editorial\/editorial-alma\/","menu_order":0,"post_type":"editorial","post_mime_type":"","comment_count":"0","filter":"raw"}],"autores-libros":[{"ID":152772,"post_author":"3","post_date":"2022-10-14 14:51:27","post_date_gmt":"2022-10-14 12:51:27","post_content":"","post_title":"CHARLES PERRAULT","post_excerpt":"","post_status":"publish","comment_status":"closed","ping_status":"closed","post_password":"","post_name":"charles-perrault","to_ping":"","pinged":"","post_modified":"2022-10-14 14:51:27","post_modified_gmt":"2022-10-14 12:51:27","post_content_filtered":"","post_parent":0,"guid":"http:\/\/dev.claret.cat\/autor\/charles-perrault\/","menu_order":0,"post_type":"autor","post_mime_type":"","comment_count":"0","filter":"raw"}]},"aioseo_notices":[],"_links":{"self":[{"href":"https:\/\/www.claret.cat\/es\/wp-json\/wp\/v2\/product\/303635","targetHints":{"allow":["GET"]}}],"collection":[{"href":"https:\/\/www.claret.cat\/es\/wp-json\/wp\/v2\/product"}],"about":[{"href":"https:\/\/www.claret.cat\/es\/wp-json\/wp\/v2\/types\/product"}],"wp:featuredmedia":[{"embeddable":true,"href":"https:\/\/www.claret.cat\/es\/wp-json\/wp\/v2\/media\/303636"}],"wp:attachment":[{"href":"https:\/\/www.claret.cat\/es\/wp-json\/wp\/v2\/media?parent=303635"}],"wp:term":[{"taxonomy":"product_brand","embeddable":true,"href":"https:\/\/www.claret.cat\/es\/wp-json\/wp\/v2\/product_brand?post=303635"},{"taxonomy":"product_cat","embeddable":true,"href":"https:\/\/www.claret.cat\/es\/wp-json\/wp\/v2\/product_cat?post=303635"},{"taxonomy":"product_tag","embeddable":true,"href":"https:\/\/www.claret.cat\/es\/wp-json\/wp\/v2\/product_tag?post=303635"}],"curies":[{"name":"wp","href":"https:\/\/api.w.org\/{rel}","templated":true}]}}