{"id":303653,"date":"2022-12-16T04:26:36","date_gmt":"2022-12-16T03:26:36","guid":{"rendered":"http:\/\/dev.claret.cat\/llibre\/sagrada-familia-insolita-esp-9788417432089\/"},"modified":"2023-01-28T05:10:06","modified_gmt":"2023-01-28T04:10:06","slug":"sagrada-familia-insolita-esp-9788417432089","status":"publish","type":"product","link":"https:\/\/www.claret.cat\/es\/libro\/sagrada-familia-insolita-esp-9788417432089\/","title":{"rendered":"SAGRADA FAM\u00cdLIA INS\u00d3LITA (ESP)"},"content":{"rendered":"<p>Este libro propone un recorrido visual in\u00e9dito por la Sagrada Fam\u00edlia, el fascinante templo imaginado por Antoni Gaud\u00ed, a cuya construcci\u00f3n dedic\u00f3 buena parte de su vida. A trav\u00e9s de las im\u00e1genes y de los textos que las acompa\u00f1an, la Sagrada Fam\u00edlia se presenta en toda su complejidad y ambici\u00f3n. La c\u00e1mara del fot\u00f3grafo se ha adentrado en rincones hasta ahora desconocidos, tanto de sus fachadas y torres como de su inmenso interior, ofreciendo sorprendentes puntos de vista que permiten redescubrir, con nuevos ojos, la obra maestra del genial arquitecto catal\u00e1n. En definitiva, un viaje \u00fanico por un icono de la Barcelona del siglo xxi<\/p>\n","protected":false},"excerpt":{"rendered":"<p>DANIEL VENTEO<\/p>\n","protected":false},"featured_media":303654,"template":"","meta":{"_acf_changed":false,"om_disable_all_campaigns":false,"rs_blank_template":"","rs_page_bg_color":"","slide_template_v7":"","inline_featured_image":false,"_monsterinsights_skip_tracking":false,"_monsterinsights_sitenote_active":false,"_monsterinsights_sitenote_note":"","_monsterinsights_sitenote_category":0},"product_brand":[],"product_cat":[90,540],"product_tag":[],"class_list":{"0":"post-303653","1":"product","2":"type-product","3":"status-publish","4":"has-post-thumbnail","6":"product_cat-altres","7":"product_cat-otros","9":"first","10":"instock","11":"taxable","12":"shipping-taxable","13":"purchasable","14":"product-type-simple"},"acf":{"autor":"DANIEL VENTEO","codart":"841743208","libros-coleccion":"","ediciones":"1","encuadernacion":"R\u00fastica","fecha_de_publicacion":"01\/06\/2019","novedad":"1","paginas":"184","subtitulo":"","orden":"0","portada":"0","idioma":"spa","editorial":[{"ID":147966,"post_author":"3","post_date":"2022-10-14 11:54:36","post_date_gmt":"2022-10-14 09:54:36","post_content":"","post_title":"EDITORIAL EFADOS","post_excerpt":"","post_status":"publish","comment_status":"closed","ping_status":"closed","post_password":"","post_name":"editorial-efados","to_ping":"","pinged":"","post_modified":"2022-10-14 11:54:36","post_modified_gmt":"2022-10-14 09:54:36","post_content_filtered":"","post_parent":0,"guid":"http:\/\/dev.claret.cat\/editorial\/editorial-efados\/","menu_order":0,"post_type":"editorial","post_mime_type":"","comment_count":"0","filter":"raw"}],"autores-libros":[{"ID":153645,"post_author":"3","post_date":"2022-10-14 14:58:23","post_date_gmt":"2022-10-14 12:58:23","post_content":"","post_title":"DANIEL VENTEO","post_excerpt":"","post_status":"publish","comment_status":"closed","ping_status":"closed","post_password":"","post_name":"daniel-venteo-3","to_ping":"","pinged":"","post_modified":"2022-10-14 14:58:23","post_modified_gmt":"2022-10-14 12:58:23","post_content_filtered":"","post_parent":0,"guid":"http:\/\/dev.claret.cat\/autor\/daniel-venteo-3\/","menu_order":0,"post_type":"autor","post_mime_type":"","comment_count":"0","filter":"raw"}]},"aioseo_notices":[],"_links":{"self":[{"href":"https:\/\/www.claret.cat\/es\/wp-json\/wp\/v2\/product\/303653","targetHints":{"allow":["GET"]}}],"collection":[{"href":"https:\/\/www.claret.cat\/es\/wp-json\/wp\/v2\/product"}],"about":[{"href":"https:\/\/www.claret.cat\/es\/wp-json\/wp\/v2\/types\/product"}],"wp:featuredmedia":[{"embeddable":true,"href":"https:\/\/www.claret.cat\/es\/wp-json\/wp\/v2\/media\/303654"}],"wp:attachment":[{"href":"https:\/\/www.claret.cat\/es\/wp-json\/wp\/v2\/media?parent=303653"}],"wp:term":[{"taxonomy":"product_brand","embeddable":true,"href":"https:\/\/www.claret.cat\/es\/wp-json\/wp\/v2\/product_brand?post=303653"},{"taxonomy":"product_cat","embeddable":true,"href":"https:\/\/www.claret.cat\/es\/wp-json\/wp\/v2\/product_cat?post=303653"},{"taxonomy":"product_tag","embeddable":true,"href":"https:\/\/www.claret.cat\/es\/wp-json\/wp\/v2\/product_tag?post=303653"}],"curies":[{"name":"wp","href":"https:\/\/api.w.org\/{rel}","templated":true}]}}