{"id":303656,"date":"2022-12-16T04:26:43","date_gmt":"2022-12-16T03:26:43","guid":{"rendered":"http:\/\/dev.claret.cat\/llibre\/sagrada-familia-insolite-fra-9788417432096\/"},"modified":"2023-01-28T02:07:58","modified_gmt":"2023-01-28T01:07:58","slug":"sagrada-familia-insolite-fra-9788417432096","status":"publish","type":"product","link":"https:\/\/www.claret.cat\/es\/libro\/sagrada-familia-insolite-fra-9788417432096\/","title":{"rendered":"SAGRADA FAM\u00cdLIA INSOLITE (FRA)"},"content":{"rendered":"<p>Ce livre offre un panorama visuel in\u00e9dit de la Sagrada Fam\u00edlia, la fascinante \u00e9glise imagin\u00e9e par Antoni Gaud\u00ed, et \u00e0 laquelle ce dernier consacra une bonne partie de sa vie. Les illustrations et les textes de cet ouvrage pr\u00e9sentent la Sagrada Fam\u00edlia dans toute sa complexit\u00e9 et son ambition. Le t\u00e9l\u00e9objectif du photographe a permis de d\u00e9couvrir de nouveaux d\u00e9tails inconnus jusqu\u2019alors, \u00e0 la fois \u00e0 l\u2019ext\u00e9rieur sur les fa\u00e7ades et les fl\u00e8ches, et dans le vaste int\u00e9rieur, en apportant de surprenants points de vue qui permettent de red\u00e9couvrir d\u2019un nouvel \u0153il le chef-d\u2019\u0153uvre de cet architecte catalan de g\u00e9nie. En d\u00e9finitive, un voyage unique \u00e0 la d\u00e9couverte du symbole de la Barcelone du xxie si\u00e8cle<\/p>\n","protected":false},"excerpt":{"rendered":"<p>DANIEL VENTEO <\/p>\n","protected":false},"featured_media":303657,"template":"","meta":{"_acf_changed":false,"om_disable_all_campaigns":false,"rs_blank_template":"","rs_page_bg_color":"","slide_template_v7":"","inline_featured_image":false,"_monsterinsights_skip_tracking":false,"_monsterinsights_sitenote_active":false,"_monsterinsights_sitenote_note":"","_monsterinsights_sitenote_category":0},"product_brand":[],"product_cat":[105,555],"product_tag":[],"class_list":{"0":"post-303656","1":"product","2":"type-product","3":"status-publish","4":"has-post-thumbnail","6":"product_cat-regal","7":"product_cat-regalo","9":"first","10":"instock","11":"taxable","12":"shipping-taxable","13":"purchasable","14":"product-type-simple"},"acf":{"autor":"DANIEL VENTEO ","codart":"841743209","libros-coleccion":"","ediciones":"1","encuadernacion":"R\u00fastica","fecha_de_publicacion":"01\/06\/2019","novedad":"1","paginas":"184","subtitulo":"","orden":"0","portada":"0","idioma":"fre","editorial":[{"ID":147966,"post_author":"3","post_date":"2022-10-14 11:54:36","post_date_gmt":"2022-10-14 09:54:36","post_content":"","post_title":"EDITORIAL EFADOS","post_excerpt":"","post_status":"publish","comment_status":"closed","ping_status":"closed","post_password":"","post_name":"editorial-efados","to_ping":"","pinged":"","post_modified":"2022-10-14 11:54:36","post_modified_gmt":"2022-10-14 09:54:36","post_content_filtered":"","post_parent":0,"guid":"http:\/\/dev.claret.cat\/editorial\/editorial-efados\/","menu_order":0,"post_type":"editorial","post_mime_type":"","comment_count":"0","filter":"raw"}],"autores-libros":[{"ID":153645,"post_author":"3","post_date":"2022-10-14 14:58:23","post_date_gmt":"2022-10-14 12:58:23","post_content":"","post_title":"DANIEL VENTEO","post_excerpt":"","post_status":"publish","comment_status":"closed","ping_status":"closed","post_password":"","post_name":"daniel-venteo-3","to_ping":"","pinged":"","post_modified":"2022-10-14 14:58:23","post_modified_gmt":"2022-10-14 12:58:23","post_content_filtered":"","post_parent":0,"guid":"http:\/\/dev.claret.cat\/autor\/daniel-venteo-3\/","menu_order":0,"post_type":"autor","post_mime_type":"","comment_count":"0","filter":"raw"}]},"aioseo_notices":[],"_links":{"self":[{"href":"https:\/\/www.claret.cat\/es\/wp-json\/wp\/v2\/product\/303656","targetHints":{"allow":["GET"]}}],"collection":[{"href":"https:\/\/www.claret.cat\/es\/wp-json\/wp\/v2\/product"}],"about":[{"href":"https:\/\/www.claret.cat\/es\/wp-json\/wp\/v2\/types\/product"}],"wp:featuredmedia":[{"embeddable":true,"href":"https:\/\/www.claret.cat\/es\/wp-json\/wp\/v2\/media\/303657"}],"wp:attachment":[{"href":"https:\/\/www.claret.cat\/es\/wp-json\/wp\/v2\/media?parent=303656"}],"wp:term":[{"taxonomy":"product_brand","embeddable":true,"href":"https:\/\/www.claret.cat\/es\/wp-json\/wp\/v2\/product_brand?post=303656"},{"taxonomy":"product_cat","embeddable":true,"href":"https:\/\/www.claret.cat\/es\/wp-json\/wp\/v2\/product_cat?post=303656"},{"taxonomy":"product_tag","embeddable":true,"href":"https:\/\/www.claret.cat\/es\/wp-json\/wp\/v2\/product_tag?post=303656"}],"curies":[{"name":"wp","href":"https:\/\/api.w.org\/{rel}","templated":true}]}}