{"id":303659,"date":"2022-12-16T04:26:50","date_gmt":"2022-12-16T03:26:50","guid":{"rendered":"http:\/\/dev.claret.cat\/llibre\/astonishing-sagrada-familia-ang-9788417432102\/"},"modified":"2023-01-28T01:03:36","modified_gmt":"2023-01-28T00:03:36","slug":"astonishing-sagrada-familia-ang-9788417432102","status":"publish","type":"product","link":"https:\/\/www.claret.cat\/es\/libro\/astonishing-sagrada-familia-ang-9788417432102\/","title":{"rendered":"ASTONISHING SAGRADA FAM\u00cdLIA (ANG)"},"content":{"rendered":"<p>his book offers an unprecedented visual tour of the Sagrada Fam\u00edlia, the fascinating church conceived by Antoni Gaud\u00ed, to the construction of which he devoted a large part of his life. The Sagrada Fam\u00edlia is presented in all its complexity and ambition in the pictures and accompanying texts. The photographer\u2019s camera has ventured into hitherto unknown corners, of both the fa\u00e7ades and spires and its immense interior, to offer surprising points of view that make it possible to rediscover with new eyes the masterpiece of this brilliant Catalan architect. In short, a unique journey around an icon of 21st-century Barcelona.<\/p>\n","protected":false},"excerpt":{"rendered":"<p>DANIEL VENTEO<\/p>\n","protected":false},"featured_media":303660,"template":"","meta":{"_acf_changed":false,"om_disable_all_campaigns":false,"rs_blank_template":"","rs_page_bg_color":"","slide_template_v7":"","inline_featured_image":false,"_monsterinsights_skip_tracking":false,"_monsterinsights_sitenote_active":false,"_monsterinsights_sitenote_note":"","_monsterinsights_sitenote_category":0},"product_brand":[],"product_cat":[109,559],"product_tag":[],"class_list":{"0":"post-303659","1":"product","2":"type-product","3":"status-publish","4":"has-post-thumbnail","6":"product_cat-angles","7":"product_cat-ingles","9":"first","10":"instock","11":"taxable","12":"shipping-taxable","13":"purchasable","14":"product-type-simple"},"acf":{"autor":"DANIEL VENTEO","codart":"841743210","libros-coleccion":"","ediciones":"1","encuadernacion":"R\u00fastica","fecha_de_publicacion":"01\/06\/2019","novedad":"1","paginas":"184","subtitulo":"","orden":"0","portada":"0","idioma":"eng","editorial":[{"ID":147966,"post_author":"3","post_date":"2022-10-14 11:54:36","post_date_gmt":"2022-10-14 09:54:36","post_content":"","post_title":"EDITORIAL EFADOS","post_excerpt":"","post_status":"publish","comment_status":"closed","ping_status":"closed","post_password":"","post_name":"editorial-efados","to_ping":"","pinged":"","post_modified":"2022-10-14 11:54:36","post_modified_gmt":"2022-10-14 09:54:36","post_content_filtered":"","post_parent":0,"guid":"http:\/\/dev.claret.cat\/editorial\/editorial-efados\/","menu_order":0,"post_type":"editorial","post_mime_type":"","comment_count":"0","filter":"raw"}],"autores-libros":[{"ID":153645,"post_author":"3","post_date":"2022-10-14 14:58:23","post_date_gmt":"2022-10-14 12:58:23","post_content":"","post_title":"DANIEL VENTEO","post_excerpt":"","post_status":"publish","comment_status":"closed","ping_status":"closed","post_password":"","post_name":"daniel-venteo-3","to_ping":"","pinged":"","post_modified":"2022-10-14 14:58:23","post_modified_gmt":"2022-10-14 12:58:23","post_content_filtered":"","post_parent":0,"guid":"http:\/\/dev.claret.cat\/autor\/daniel-venteo-3\/","menu_order":0,"post_type":"autor","post_mime_type":"","comment_count":"0","filter":"raw"}]},"aioseo_notices":[],"_links":{"self":[{"href":"https:\/\/www.claret.cat\/es\/wp-json\/wp\/v2\/product\/303659","targetHints":{"allow":["GET"]}}],"collection":[{"href":"https:\/\/www.claret.cat\/es\/wp-json\/wp\/v2\/product"}],"about":[{"href":"https:\/\/www.claret.cat\/es\/wp-json\/wp\/v2\/types\/product"}],"wp:featuredmedia":[{"embeddable":true,"href":"https:\/\/www.claret.cat\/es\/wp-json\/wp\/v2\/media\/303660"}],"wp:attachment":[{"href":"https:\/\/www.claret.cat\/es\/wp-json\/wp\/v2\/media?parent=303659"}],"wp:term":[{"taxonomy":"product_brand","embeddable":true,"href":"https:\/\/www.claret.cat\/es\/wp-json\/wp\/v2\/product_brand?post=303659"},{"taxonomy":"product_cat","embeddable":true,"href":"https:\/\/www.claret.cat\/es\/wp-json\/wp\/v2\/product_cat?post=303659"},{"taxonomy":"product_tag","embeddable":true,"href":"https:\/\/www.claret.cat\/es\/wp-json\/wp\/v2\/product_tag?post=303659"}],"curies":[{"name":"wp","href":"https:\/\/api.w.org\/{rel}","templated":true}]}}