{"id":303662,"date":"2022-12-16T04:26:58","date_gmt":"2022-12-16T03:26:58","guid":{"rendered":"http:\/\/dev.claret.cat\/llibre\/el-pais-dels-cuiners-cat-9788417432447\/"},"modified":"2023-01-28T06:34:39","modified_gmt":"2023-01-28T05:34:39","slug":"el-pais-dels-cuiners-cat-9788417432447","status":"publish","type":"product","link":"https:\/\/www.claret.cat\/es\/libro\/el-pais-dels-cuiners-cat-9788417432447\/","title":{"rendered":"EL PA\u00cdS DELS CUINERS (CAT)"},"content":{"rendered":"<p>Aquest llibre recorre els darrers cinquanta anys d\u2019hist\u00f2ria de la cuina a l\u2019Alt Empord\u00e0, pionera de la gastronomia catalana m\u00e9s internacional. Reivindica el treball d\u2019uns cuiners que van apostar per la creativitat en els fogons, i d\u2019uns espais singulars que combinaren la gastronomia m\u00e9s creativa amb la tert\u00falia, la reflexi\u00f3, la creaci\u00f3 i la disbauxa, de la m\u00e0 d\u2019artistes de tota mena: des de Salvador Dal\u00ed i Josep Pla fins a Richard Hamilton, Miquel Barcel\u00f3, Evarist Vall\u00e8s o Carles Fages de Climent, entre molts d\u2019altres.<\/p>\n","protected":false},"excerpt":{"rendered":"<p>VARIS AUTORS<\/p>\n","protected":false},"featured_media":303663,"template":"","meta":{"_acf_changed":false,"om_disable_all_campaigns":false,"rs_blank_template":"","rs_page_bg_color":"","slide_template_v7":"","inline_featured_image":false,"_monsterinsights_skip_tracking":false,"_monsterinsights_sitenote_active":false,"_monsterinsights_sitenote_note":"","_monsterinsights_sitenote_category":0},"product_brand":[],"product_cat":[553,103,105,555],"product_tag":[],"class_list":{"0":"post-303662","1":"product","2":"type-product","3":"status-publish","4":"has-post-thumbnail","6":"product_cat-cocina","7":"product_cat-cuina","8":"product_cat-regal","9":"product_cat-regalo","11":"first","12":"instock","13":"taxable","14":"shipping-taxable","15":"purchasable","16":"product-type-simple"},"acf":{"autor":"VARIS AUTORS","codart":"841743244","libros-coleccion":"","ediciones":"1","encuadernacion":"Carton\u00e9","fecha_de_publicacion":"01\/04\/2019","novedad":"1","paginas":"198","subtitulo":"DE CA LA TETA A ELBULLI","orden":"0","portada":"0","idioma":"cat","editorial":[{"ID":147967,"post_author":"3","post_date":"2022-10-14 11:54:36","post_date_gmt":"2022-10-14 09:54:36","post_content":"","post_title":"EDITORIAL EFAD\u00d3S SL","post_excerpt":"","post_status":"publish","comment_status":"closed","ping_status":"closed","post_password":"","post_name":"editorial-efados-sl","to_ping":"","pinged":"","post_modified":"2022-10-14 11:54:36","post_modified_gmt":"2022-10-14 09:54:36","post_content_filtered":"","post_parent":0,"guid":"http:\/\/dev.claret.cat\/editorial\/editorial-efados-sl\/","menu_order":0,"post_type":"editorial","post_mime_type":"","comment_count":"0","filter":"raw"}],"autores-libros":[{"ID":170846,"post_author":"3","post_date":"2022-10-14 22:38:38","post_date_gmt":"2022-10-14 20:38:38","post_content":"","post_title":"VARIS AUTORS","post_excerpt":"","post_status":"publish","comment_status":"closed","ping_status":"closed","post_password":"","post_name":"varis-autors","to_ping":"","pinged":"","post_modified":"2022-10-14 22:38:38","post_modified_gmt":"2022-10-14 20:38:38","post_content_filtered":"","post_parent":0,"guid":"http:\/\/dev.claret.cat\/autor\/varis-autors\/","menu_order":0,"post_type":"autor","post_mime_type":"","comment_count":"0","filter":"raw"}]},"aioseo_notices":[],"_links":{"self":[{"href":"https:\/\/www.claret.cat\/es\/wp-json\/wp\/v2\/product\/303662","targetHints":{"allow":["GET"]}}],"collection":[{"href":"https:\/\/www.claret.cat\/es\/wp-json\/wp\/v2\/product"}],"about":[{"href":"https:\/\/www.claret.cat\/es\/wp-json\/wp\/v2\/types\/product"}],"wp:featuredmedia":[{"embeddable":true,"href":"https:\/\/www.claret.cat\/es\/wp-json\/wp\/v2\/media\/303663"}],"wp:attachment":[{"href":"https:\/\/www.claret.cat\/es\/wp-json\/wp\/v2\/media?parent=303662"}],"wp:term":[{"taxonomy":"product_brand","embeddable":true,"href":"https:\/\/www.claret.cat\/es\/wp-json\/wp\/v2\/product_brand?post=303662"},{"taxonomy":"product_cat","embeddable":true,"href":"https:\/\/www.claret.cat\/es\/wp-json\/wp\/v2\/product_cat?post=303662"},{"taxonomy":"product_tag","embeddable":true,"href":"https:\/\/www.claret.cat\/es\/wp-json\/wp\/v2\/product_tag?post=303662"}],"curies":[{"name":"wp","href":"https:\/\/api.w.org\/{rel}","templated":true}]}}