{"id":303798,"date":"2022-12-16T04:32:42","date_gmt":"2022-12-16T03:32:42","guid":{"rendered":"http:\/\/dev.claret.cat\/llibre\/cuaderno-blackie-books-vol-8-9788417552374\/"},"modified":"2023-01-28T16:25:50","modified_gmt":"2023-01-28T15:25:50","slug":"cuaderno-blackie-books-vol-8-9788417552374","status":"publish","type":"product","link":"https:\/\/www.claret.cat\/es\/libro\/cuaderno-blackie-books-vol-8-9788417552374\/","title":{"rendered":"CUADERNO BLACKIE BOOKS. VOL. 8"},"content":{"rendered":"<p>El primer cuaderno de actividades para adultos.<br \/>Creado por el campe\u00f3n de Saber y ganar Daniel L\u00f3pez Valle y el reputado ilustrador Crist\u00f3bal Fort\u00fanez.<br \/>M\u00e1s de 120 horas de ins\u00f3lito aprendizaje.<br \/>\u00a1M\u00e1s de 125.000 ejemplares vendidos de sus anteriores ediciones!<br \/>Apaga tu m\u00f3vil, coge un l\u00e1piz. Y disfruta aprendiendo.<br \/>Pasatiempos, test, crucigramas, juegos de l\u00f3gica, laberintos, sopas de letras.<br \/>Un cl\u00e1sico del verano. <br \/>\u00a1Refresca tu mente!<\/p>\n","protected":false},"excerpt":{"rendered":"<p>FORTUNEZ\/ CRISTOBAL\/ LOPEZ VALLE, DANIEL<\/p>\n","protected":false},"featured_media":303799,"template":"","meta":{"_acf_changed":false,"om_disable_all_campaigns":false,"rs_blank_template":"","rs_page_bg_color":"","slide_template_v7":"","inline_featured_image":false,"_monsterinsights_skip_tracking":false,"_monsterinsights_sitenote_active":false,"_monsterinsights_sitenote_note":"","_monsterinsights_sitenote_category":0},"product_brand":[],"product_cat":[105,555],"product_tag":[],"class_list":{"0":"post-303798","1":"product","2":"type-product","3":"status-publish","4":"has-post-thumbnail","6":"product_cat-regal","7":"product_cat-regalo","9":"first","10":"instock","11":"taxable","12":"shipping-taxable","13":"purchasable","14":"product-type-simple"},"acf":{"autor":"FORTUNEZ\/ CRISTOBAL\/ LOPEZ VALLE, DANIEL","codart":"841755237","libros-coleccion":"CUADERNO","ediciones":"1","encuadernacion":"R\u00fastica","fecha_de_publicacion":"01\/06\/2019","novedad":"1","paginas":"95","subtitulo":"CUADERNO DE VACACIONES PARA ADULTOS","orden":"0","portada":"0","idioma":"spa","editorial":[{"ID":6146,"post_author":"3","post_date":"2022-07-28 17:45:52","post_date_gmt":"2022-07-28 15:45:52","post_content":"","post_title":"Blackie Books","post_excerpt":"","post_status":"publish","comment_status":"closed","ping_status":"closed","post_password":"","post_name":"blackie-books","to_ping":"","pinged":"","post_modified":"2022-07-28 17:45:52","post_modified_gmt":"2022-07-28 15:45:52","post_content_filtered":"","post_parent":0,"guid":"http:\/\/dev.claret.cat\/editorial\/blackie-books\/","menu_order":0,"post_type":"editorial","post_mime_type":"","comment_count":"0","filter":"raw"}],"autores-libros":[{"ID":5376,"post_author":"3","post_date":"2022-07-28 17:22:38","post_date_gmt":"2022-07-28 15:22:38","post_content":"","post_title":"DANIEL LOPEZ VALLE","post_excerpt":"","post_status":"publish","comment_status":"closed","ping_status":"closed","post_password":"","post_name":"daniel-lopez-valle","to_ping":"","pinged":"","post_modified":"2022-07-28 17:22:38","post_modified_gmt":"2022-07-28 15:22:38","post_content_filtered":"","post_parent":0,"guid":"http:\/\/dev.claret.cat\/autor\/daniel-lopez-valle\/","menu_order":0,"post_type":"autor","post_mime_type":"","comment_count":"0","filter":"raw"},{"ID":156027,"post_author":"3","post_date":"2022-10-14 15:17:32","post_date_gmt":"2022-10-14 13:17:32","post_content":"","post_title":"FORTUNEZ","post_excerpt":"","post_status":"publish","comment_status":"closed","ping_status":"closed","post_password":"","post_name":"fortunez","to_ping":"","pinged":"","post_modified":"2022-10-14 15:17:32","post_modified_gmt":"2022-10-14 13:17:32","post_content_filtered":"","post_parent":0,"guid":"http:\/\/dev.claret.cat\/autor\/fortunez\/","menu_order":0,"post_type":"autor","post_mime_type":"","comment_count":"0","filter":"raw"},{"ID":153408,"post_author":"3","post_date":"2022-10-14 14:56:32","post_date_gmt":"2022-10-14 12:56:32","post_content":"","post_title":"CRISTOBAL","post_excerpt":"","post_status":"publish","comment_status":"closed","ping_status":"closed","post_password":"","post_name":"cristobal","to_ping":"","pinged":"","post_modified":"2022-10-14 14:56:32","post_modified_gmt":"2022-10-14 12:56:32","post_content_filtered":"","post_parent":0,"guid":"http:\/\/dev.claret.cat\/autor\/cristobal\/","menu_order":0,"post_type":"autor","post_mime_type":"","comment_count":"0","filter":"raw"}]},"aioseo_notices":[],"_links":{"self":[{"href":"https:\/\/www.claret.cat\/es\/wp-json\/wp\/v2\/product\/303798","targetHints":{"allow":["GET"]}}],"collection":[{"href":"https:\/\/www.claret.cat\/es\/wp-json\/wp\/v2\/product"}],"about":[{"href":"https:\/\/www.claret.cat\/es\/wp-json\/wp\/v2\/types\/product"}],"wp:featuredmedia":[{"embeddable":true,"href":"https:\/\/www.claret.cat\/es\/wp-json\/wp\/v2\/media\/303799"}],"wp:attachment":[{"href":"https:\/\/www.claret.cat\/es\/wp-json\/wp\/v2\/media?parent=303798"}],"wp:term":[{"taxonomy":"product_brand","embeddable":true,"href":"https:\/\/www.claret.cat\/es\/wp-json\/wp\/v2\/product_brand?post=303798"},{"taxonomy":"product_cat","embeddable":true,"href":"https:\/\/www.claret.cat\/es\/wp-json\/wp\/v2\/product_cat?post=303798"},{"taxonomy":"product_tag","embeddable":true,"href":"https:\/\/www.claret.cat\/es\/wp-json\/wp\/v2\/product_tag?post=303798"}],"curies":[{"name":"wp","href":"https:\/\/api.w.org\/{rel}","templated":true}]}}