{"id":303822,"date":"2022-12-16T04:33:46","date_gmt":"2022-12-16T03:33:46","guid":{"rendered":"http:\/\/dev.claret.cat\/llibre\/escribo-sin-faltas-2-9788417563103\/"},"modified":"2023-04-16T20:17:21","modified_gmt":"2023-04-16T18:17:21","slug":"escribo-sin-faltas-2-9788417563103","status":"publish","type":"product","link":"https:\/\/www.claret.cat\/es\/libro\/escribo-sin-faltas-2-9788417563103\/","title":{"rendered":"\u00a1ESCRIBO SIN FALTAS! 2"},"content":{"rendered":"<p>Cuadernos de refuerzo de lengua castellana para la ESO. Se centran en la ortograf\u00eda, la gram\u00e1tica y el l\u00e9xico para poder utilizar la lengua correctamente y con precisi\u00f3n. Cada cuaderno contiene un sinf\u00edn de actividades que permiten a los alumnos mejorar su expresi\u00f3n escrita y su competencia ling\u00fc\u00edstica.<\/p>\n","protected":false},"excerpt":{"rendered":"<p>VETAQUI, RIGHTS<\/p>\n","protected":false},"featured_media":303823,"template":"","meta":{"_acf_changed":false,"om_disable_all_campaigns":false,"rs_blank_template":"","rs_page_bg_color":"","slide_template_v7":"","inline_featured_image":false,"_monsterinsights_skip_tracking":false,"_monsterinsights_sitenote_active":false,"_monsterinsights_sitenote_note":"","_monsterinsights_sitenote_category":0},"product_brand":[],"product_cat":[333,21,331,122],"product_tag":[],"class_list":{"0":"post-303822","1":"product","2":"type-product","3":"status-publish","4":"has-post-thumbnail","6":"product_cat-cuadernos-de-vacaciones","7":"product_cat-escolar","8":"product_cat-escolar-4_escolar-spa","9":"product_cat-quaderns-de-vacances","11":"first","12":"instock","13":"taxable","14":"shipping-taxable","15":"purchasable","16":"product-type-simple"},"acf":{"autor":"VETAQUI, RIGHTS","codart":"841756310","libros-coleccion":"\u00a1Escribo sin faltas!","ediciones":"1","encuadernacion":"R\u00fastica","fecha_de_publicacion":"01\/04\/2019","novedad":"1","paginas":"92","subtitulo":"","orden":"0","portada":"0","idioma":"spa","editorial":[{"ID":147406,"post_author":"3","post_date":"2022-10-14 11:50:19","post_date_gmt":"2022-10-14 09:50:19","post_content":"","post_title":"ALMADRABA","post_excerpt":"","post_status":"publish","comment_status":"closed","ping_status":"closed","post_password":"","post_name":"almadraba","to_ping":"","pinged":"","post_modified":"2022-10-14 11:50:19","post_modified_gmt":"2022-10-14 09:50:19","post_content_filtered":"","post_parent":0,"guid":"http:\/\/dev.claret.cat\/editorial\/almadraba\/","menu_order":0,"post_type":"editorial","post_mime_type":"","comment_count":"0","filter":"raw"}],"autores-libros":[{"ID":168137,"post_author":"3","post_date":"2022-10-14 18:16:49","post_date_gmt":"2022-10-14 16:16:49","post_content":"","post_title":"RIGHTS VETAQUI","post_excerpt":"","post_status":"publish","comment_status":"closed","ping_status":"closed","post_password":"","post_name":"rights-vetaqui","to_ping":"","pinged":"","post_modified":"2022-10-14 18:16:49","post_modified_gmt":"2022-10-14 16:16:49","post_content_filtered":"","post_parent":0,"guid":"http:\/\/dev.claret.cat\/autor\/rights-vetaqui\/","menu_order":0,"post_type":"autor","post_mime_type":"","comment_count":"0","filter":"raw"}]},"aioseo_notices":[],"_links":{"self":[{"href":"https:\/\/www.claret.cat\/es\/wp-json\/wp\/v2\/product\/303822","targetHints":{"allow":["GET"]}}],"collection":[{"href":"https:\/\/www.claret.cat\/es\/wp-json\/wp\/v2\/product"}],"about":[{"href":"https:\/\/www.claret.cat\/es\/wp-json\/wp\/v2\/types\/product"}],"wp:featuredmedia":[{"embeddable":true,"href":"https:\/\/www.claret.cat\/es\/wp-json\/wp\/v2\/media\/303823"}],"wp:attachment":[{"href":"https:\/\/www.claret.cat\/es\/wp-json\/wp\/v2\/media?parent=303822"}],"wp:term":[{"taxonomy":"product_brand","embeddable":true,"href":"https:\/\/www.claret.cat\/es\/wp-json\/wp\/v2\/product_brand?post=303822"},{"taxonomy":"product_cat","embeddable":true,"href":"https:\/\/www.claret.cat\/es\/wp-json\/wp\/v2\/product_cat?post=303822"},{"taxonomy":"product_tag","embeddable":true,"href":"https:\/\/www.claret.cat\/es\/wp-json\/wp\/v2\/product_tag?post=303822"}],"curies":[{"name":"wp","href":"https:\/\/api.w.org\/{rel}","templated":true}]}}