{"id":303849,"date":"2022-12-16T04:34:51","date_gmt":"2022-12-16T03:34:51","guid":{"rendered":"http:\/\/dev.claret.cat\/llibre\/perrito-contra-gatito-9788417575212\/"},"modified":"2023-01-28T19:48:49","modified_gmt":"2023-01-28T18:48:49","slug":"perrito-contra-gatito-9788417575212","status":"publish","type":"product","link":"https:\/\/www.claret.cat\/es\/libro\/perrito-contra-gatito-9788417575212\/","title":{"rendered":"PERRITO CONTRA GATITO"},"content":{"rendered":"<p>Del ganador de un Emmy y creador de la trilog\u00eda de los conejitos suicidas (Astiberri, 2007-2010) Andy Riley, llegan las encantadoras y ligeramente inquietantes aventuras de dos animales que tratan de averiguar c\u00f3mo demonios funciona el mundo&#8230;<br \/> &#8221;Perrito contra gatito&#8221; es la historia ilustrada de dos criaturas adorables que han sido arrojadas al mundo sin saber nada de \u00e9l. Como es de esperar, Gatito trata de usar su inteligencia para salir airoso de las situaciones, mientras que Perrito, una criatura mucho m\u00e1s ingenua, descubre su mundo seg\u00fan le caen los golpes. Viviendo juntos bajo el mismo techo, el choque es inevitable. Gatito enga\u00f1a a Perrito una y otra vez, hasta que aparecen los humanos&#8230; Rebosante de humor negro y chistes tan agudos como las garras de un gato, &#8221;Perrito contra gatito&#8221; es una garant\u00eda de diversi\u00f3n para todos los amantes de los animales.<\/p>\n","protected":false},"excerpt":{"rendered":"<p>RILEY, ANDY<\/p>\n","protected":false},"featured_media":303850,"template":"","meta":{"_acf_changed":false,"om_disable_all_campaigns":false,"rs_blank_template":"","rs_page_bg_color":"","slide_template_v7":"","inline_featured_image":false,"_monsterinsights_skip_tracking":false,"_monsterinsights_sitenote_active":false,"_monsterinsights_sitenote_note":"","_monsterinsights_sitenote_category":0},"product_brand":[],"product_cat":[114,563],"product_tag":[],"class_list":{"0":"post-303849","1":"product","2":"type-product","3":"status-publish","4":"has-post-thumbnail","6":"product_cat-humor-grafic","7":"product_cat-humor-grafico","9":"first","10":"instock","11":"taxable","12":"shipping-taxable","13":"purchasable","14":"product-type-simple"},"acf":{"autor":"RILEY, ANDY","codart":"841757521","libros-coleccion":"Kili Kili","ediciones":"1","encuadernacion":"Carton\u00e9","fecha_de_publicacion":"01\/06\/2019","novedad":"1","paginas":"96","subtitulo":"","orden":"0","portada":"0","idioma":"spa","editorial":[{"ID":6130,"post_author":"3","post_date":"2022-07-28 17:45:32","post_date_gmt":"2022-07-28 15:45:32","post_content":"","post_title":"ASTIBERRI EDICIONES","post_excerpt":"","post_status":"publish","comment_status":"closed","ping_status":"closed","post_password":"","post_name":"astiberri-ediciones","to_ping":"","pinged":"","post_modified":"2022-07-28 17:45:32","post_modified_gmt":"2022-07-28 15:45:32","post_content_filtered":"","post_parent":0,"guid":"http:\/\/dev.claret.cat\/editorial\/astiberri-ediciones\/","menu_order":0,"post_type":"editorial","post_mime_type":"","comment_count":"0","filter":"raw"}],"autores-libros":[{"ID":150346,"post_author":"3","post_date":"2022-10-14 14:32:12","post_date_gmt":"2022-10-14 12:32:12","post_content":"","post_title":"ANDY RILEY","post_excerpt":"","post_status":"publish","comment_status":"closed","ping_status":"closed","post_password":"","post_name":"andy-riley","to_ping":"","pinged":"","post_modified":"2022-10-14 14:32:12","post_modified_gmt":"2022-10-14 12:32:12","post_content_filtered":"","post_parent":0,"guid":"http:\/\/dev.claret.cat\/autor\/andy-riley\/","menu_order":0,"post_type":"autor","post_mime_type":"","comment_count":"0","filter":"raw"}]},"aioseo_notices":[],"_links":{"self":[{"href":"https:\/\/www.claret.cat\/es\/wp-json\/wp\/v2\/product\/303849","targetHints":{"allow":["GET"]}}],"collection":[{"href":"https:\/\/www.claret.cat\/es\/wp-json\/wp\/v2\/product"}],"about":[{"href":"https:\/\/www.claret.cat\/es\/wp-json\/wp\/v2\/types\/product"}],"wp:featuredmedia":[{"embeddable":true,"href":"https:\/\/www.claret.cat\/es\/wp-json\/wp\/v2\/media\/303850"}],"wp:attachment":[{"href":"https:\/\/www.claret.cat\/es\/wp-json\/wp\/v2\/media?parent=303849"}],"wp:term":[{"taxonomy":"product_brand","embeddable":true,"href":"https:\/\/www.claret.cat\/es\/wp-json\/wp\/v2\/product_brand?post=303849"},{"taxonomy":"product_cat","embeddable":true,"href":"https:\/\/www.claret.cat\/es\/wp-json\/wp\/v2\/product_cat?post=303849"},{"taxonomy":"product_tag","embeddable":true,"href":"https:\/\/www.claret.cat\/es\/wp-json\/wp\/v2\/product_tag?post=303849"}],"curies":[{"name":"wp","href":"https:\/\/api.w.org\/{rel}","templated":true}]}}