{"id":303870,"date":"2022-12-16T04:35:45","date_gmt":"2022-12-16T03:35:45","guid":{"rendered":"http:\/\/dev.claret.cat\/llibre\/impresiones-y-paisajes-9788417594145\/"},"modified":"2023-01-28T15:15:00","modified_gmt":"2023-01-28T14:15:00","slug":"impresiones-y-paisajes-9788417594145","status":"publish","type":"product","link":"https:\/\/www.claret.cat\/es\/libro\/impresiones-y-paisajes-9788417594145\/","title":{"rendered":"IMPRESIONES Y PAISAJES"},"content":{"rendered":"<p>Recuerdos, paisajes, figuras, escenas? Es este uno de los textos m\u00e1s hermosos que se ha escrito sobre nuestro pa\u00eds y del que se cumple un siglo desde su publicaci\u00f3n. Una rareza en la obra juvenil de Lorca, pues precede al resto de sus obras y en \u00e9l asoman ya muchos de los temas que llevar\u00e1 a la poes\u00eda y al teatro tiempo despu\u00e9s: la melancol\u00eda de la memoria, el drama de la muerte, la esencialidad de los espacios, la enso\u00f1aci\u00f3n, la soledad de la ruina. Ciudades como \u00c1vila o Granada, lugares silentes, casi fantasmales, que salen al paso del caminante, al igual que las iglesias, sepulcros, aldeas austeras o jardines ensimismados; a todo ello cubre con su velo po\u00e9tico este atento viajero que trata de fijar todas esas im\u00e1genes que le salen al paso.  Su experiencia neoyorquina, que cristalizar\u00e1 de forma p\u00f3stuma en el poemario Poeta en Nueva York, el gran libro de viajes de la literatura espa\u00f1ola del primer tercio del siglo XX, cierra vitalmente su ciclo ambulante. Se incluye, a modo de broche, su propio testimonio en la ciudad y datos extra\u00eddos de su correspondencia, pues ambos periplos por Espa\u00f1a y Am\u00e9rica, que marcaron el comienzo y el final de su vida, conforman una luminosa oda al placer de viajar que no ha perdido su belleza.<\/p>\n","protected":false},"excerpt":{"rendered":"<p>GARC\u00cdA LORCA, FEDERICO<\/p>\n","protected":false},"featured_media":303871,"template":"","meta":{"_acf_changed":false,"om_disable_all_campaigns":false,"rs_blank_template":"","rs_page_bg_color":"","slide_template_v7":"","inline_featured_image":false,"_monsterinsights_skip_tracking":false,"_monsterinsights_sitenote_active":false,"_monsterinsights_sitenote_note":"","_monsterinsights_sitenote_category":0},"product_brand":[],"product_cat":[87,353],"product_tag":[],"class_list":{"0":"post-303870","1":"product","2":"type-product","3":"status-publish","4":"has-post-thumbnail","6":"product_cat-literatura","7":"product_cat-literatura-2_humanidades","9":"first","10":"instock","11":"taxable","12":"shipping-taxable","13":"purchasable","14":"product-type-simple"},"acf":{"editorial":[{"ID":148368,"post_author":"3","post_date":"2022-10-14 11:57:42","post_date_gmt":"2022-10-14 09:57:42","post_content":"","post_title":"La L\u00ednea del Horizonte Ediciones","post_excerpt":"","post_status":"publish","comment_status":"closed","ping_status":"closed","post_password":"","post_name":"la-linea-del-horizonte-ediciones","to_ping":"","pinged":"","post_modified":"2022-10-14 11:57:42","post_modified_gmt":"2022-10-14 09:57:42","post_content_filtered":"","post_parent":0,"guid":"http:\/\/dev.claret.cat\/editorial\/la-linea-del-horizonte-ediciones\/","menu_order":0,"post_type":"editorial","post_mime_type":"","comment_count":"0","filter":"raw"}],"autores-libros":[{"ID":155689,"post_author":"3","post_date":"2022-10-14 15:14:50","post_date_gmt":"2022-10-14 13:14:50","post_content":"","post_title":"FEDERICO GARC\u00cdA LORCA","post_excerpt":"","post_status":"publish","comment_status":"closed","ping_status":"closed","post_password":"","post_name":"federico-garcia-lorca","to_ping":"","pinged":"","post_modified":"2022-10-14 15:14:50","post_modified_gmt":"2022-10-14 13:14:50","post_content_filtered":"","post_parent":0,"guid":"http:\/\/dev.claret.cat\/autor\/federico-garcia-lorca\/","menu_order":0,"post_type":"autor","post_mime_type":"","comment_count":"0","filter":"raw"}],"autor":"GARC\u00cdA LORCA, FEDERICO","codart":"841759414","libros-coleccion":"Solvitur ambulando. Cl\u00e1sicos","ediciones":"1","encuadernacion":"R\u00fastica","fecha_de_publicacion":"01\/06\/2019","novedad":"1","paginas":"251","subtitulo":"CON 'UN POETA EN NUEVA YORK'","orden":"0","portada":"0","idioma":"spa"},"aioseo_notices":[],"_links":{"self":[{"href":"https:\/\/www.claret.cat\/es\/wp-json\/wp\/v2\/product\/303870","targetHints":{"allow":["GET"]}}],"collection":[{"href":"https:\/\/www.claret.cat\/es\/wp-json\/wp\/v2\/product"}],"about":[{"href":"https:\/\/www.claret.cat\/es\/wp-json\/wp\/v2\/types\/product"}],"wp:featuredmedia":[{"embeddable":true,"href":"https:\/\/www.claret.cat\/es\/wp-json\/wp\/v2\/media\/303871"}],"wp:attachment":[{"href":"https:\/\/www.claret.cat\/es\/wp-json\/wp\/v2\/media?parent=303870"}],"wp:term":[{"taxonomy":"product_brand","embeddable":true,"href":"https:\/\/www.claret.cat\/es\/wp-json\/wp\/v2\/product_brand?post=303870"},{"taxonomy":"product_cat","embeddable":true,"href":"https:\/\/www.claret.cat\/es\/wp-json\/wp\/v2\/product_cat?post=303870"},{"taxonomy":"product_tag","embeddable":true,"href":"https:\/\/www.claret.cat\/es\/wp-json\/wp\/v2\/product_tag?post=303870"}],"curies":[{"name":"wp","href":"https:\/\/api.w.org\/{rel}","templated":true}]}}