{"id":303924,"date":"2022-12-16T04:38:00","date_gmt":"2022-12-16T03:38:00","guid":{"rendered":"http:\/\/dev.claret.cat\/llibre\/cuantas-veces-te-lo-tengo-que-decir-9788417623128\/"},"modified":"2023-01-28T22:02:25","modified_gmt":"2023-01-28T21:02:25","slug":"cuantas-veces-te-lo-tengo-que-decir-9788417623128","status":"publish","type":"product","link":"https:\/\/www.claret.cat\/es\/libro\/cuantas-veces-te-lo-tengo-que-decir-9788417623128\/","title":{"rendered":"\u00bfCU\u00c1NTAS VECES TE LO TENGO QUE DECIR?"},"content":{"rendered":"<p>\u00bfCu\u00e1ntas veces les decimos las mismas cosas a nuestros hijos sin lograr nuestro objetivo? \u00bfCu\u00e1ntas veces hemos de comprobar que no funciona para descartarlo como soluci\u00f3n y hacer algo diferente?<br \/>La psic\u00f3loga Maribel Mart\u00ednez, experta en terapia breve estrat\u00e9gica, nos propone pautas eficaces y sencillas para conseguir que los hijos nos escuchen, nos respeten y nos obedezcan en situaciones normales y corrientes a las que todos los padres nos enfrentamos d\u00eda a d\u00eda:<br \/>Los valores: respeto a los padres y los hermanos.<br \/>La autonom\u00eda personal: vestirse, estudiar, comer, dormir.<br \/>La responsabilidad: puntualidad, deberes, colaboraci\u00f3n en casa.<br \/>La inteligencia emocional: miedo, frustraci\u00f3n, pataletas, l\u00edmites, rabia.<br \/>La utilizaci\u00f3n de las pantallas: m\u00f3vil, consolas, ordenador, Tablet.<br \/>Como en la pr\u00e1ctica profesional, en cada cap\u00edtulo se parte de un caso concreto, se observa c\u00f3mo se ha creado el problema y qu\u00e9 intentos de soluci\u00f3n se han llevado a cabo sin resultado satisfactorio. Se especifica a continuaci\u00f3n el objetivo real que se trata de alcanzar y se aportan estrategias pr\u00e1cticas para que los padres puedan resolver el conflicto con eficacia.<\/p>\n","protected":false},"excerpt":{"rendered":"<p>MART\u00cdNEZ DOM\u00cdNGUEZ, MARIBEL<\/p>\n","protected":false},"featured_media":303925,"template":"","meta":{"_acf_changed":false,"om_disable_all_campaigns":false,"rs_blank_template":"","rs_page_bg_color":"","slide_template_v7":"","inline_featured_image":false,"_monsterinsights_skip_tracking":false,"_monsterinsights_sitenote_active":false,"_monsterinsights_sitenote_note":"","_monsterinsights_sitenote_category":0},"product_brand":[],"product_cat":[100,550,82,348],"product_tag":[],"class_list":{"0":"post-303924","1":"product","2":"type-product","3":"status-publish","4":"has-post-thumbnail","6":"product_cat-escola-de-pares","7":"product_cat-escuela-de-padres-3_infantil-juvenil-spa-spa","8":"product_cat-pedagogia","9":"product_cat-pedagogia-2_humanidades","11":"first","12":"instock","13":"taxable","14":"shipping-taxable","15":"purchasable","16":"product-type-simple"},"acf":{"autor":"MART\u00cdNEZ DOM\u00cdNGUEZ, MARIBEL","codart":"841762312","libros-coleccion":"","ediciones":"1","encuadernacion":"R\u00fastica","fecha_de_publicacion":"01\/06\/2019","novedad":"1","paginas":"206","subtitulo":"SOLUCIONES EFICACES Y SENCILLAS PARA CONSEGUIR QUE NUESTROS HIJOS NOS ESCUCHEN Y","orden":"0","portada":"0","idioma":"spa","editorial":[{"ID":6127,"post_author":"3","post_date":"2022-07-28 17:45:28","post_date_gmt":"2022-07-28 15:45:28","post_content":"","post_title":"ARPA EDITORES","post_excerpt":"","post_status":"publish","comment_status":"closed","ping_status":"closed","post_password":"","post_name":"arpa-editores","to_ping":"","pinged":"","post_modified":"2022-07-28 17:45:28","post_modified_gmt":"2022-07-28 15:45:28","post_content_filtered":"","post_parent":0,"guid":"http:\/\/dev.claret.cat\/editorial\/arpa-editores\/","menu_order":0,"post_type":"editorial","post_mime_type":"","comment_count":"0","filter":"raw"}],"autores-libros":[{"ID":163869,"post_author":"3","post_date":"2022-10-14 17:42:30","post_date_gmt":"2022-10-14 15:42:30","post_content":"","post_title":"MARIBEL MART\u00cdNEZ DOM\u00cdNGUEZ","post_excerpt":"","post_status":"publish","comment_status":"closed","ping_status":"closed","post_password":"","post_name":"maribel-martinez-dominguez","to_ping":"","pinged":"","post_modified":"2022-10-14 17:42:30","post_modified_gmt":"2022-10-14 15:42:30","post_content_filtered":"","post_parent":0,"guid":"http:\/\/dev.claret.cat\/autor\/maribel-martinez-dominguez\/","menu_order":0,"post_type":"autor","post_mime_type":"","comment_count":"0","filter":"raw"}]},"aioseo_notices":[],"_links":{"self":[{"href":"https:\/\/www.claret.cat\/es\/wp-json\/wp\/v2\/product\/303924","targetHints":{"allow":["GET"]}}],"collection":[{"href":"https:\/\/www.claret.cat\/es\/wp-json\/wp\/v2\/product"}],"about":[{"href":"https:\/\/www.claret.cat\/es\/wp-json\/wp\/v2\/types\/product"}],"wp:featuredmedia":[{"embeddable":true,"href":"https:\/\/www.claret.cat\/es\/wp-json\/wp\/v2\/media\/303925"}],"wp:attachment":[{"href":"https:\/\/www.claret.cat\/es\/wp-json\/wp\/v2\/media?parent=303924"}],"wp:term":[{"taxonomy":"product_brand","embeddable":true,"href":"https:\/\/www.claret.cat\/es\/wp-json\/wp\/v2\/product_brand?post=303924"},{"taxonomy":"product_cat","embeddable":true,"href":"https:\/\/www.claret.cat\/es\/wp-json\/wp\/v2\/product_cat?post=303924"},{"taxonomy":"product_tag","embeddable":true,"href":"https:\/\/www.claret.cat\/es\/wp-json\/wp\/v2\/product_tag?post=303924"}],"curies":[{"name":"wp","href":"https:\/\/api.w.org\/{rel}","templated":true}]}}