{"id":304053,"date":"2022-12-16T04:43:34","date_gmt":"2022-12-16T03:43:34","guid":{"rendered":"http:\/\/dev.claret.cat\/llibre\/superlio-en-el-campamento-el-mundo-de-clodett-2-9722417611662\/"},"modified":"2023-01-28T08:58:00","modified_gmt":"2023-01-28T07:58:00","slug":"superlio-en-el-campamento-el-mundo-de-clodett-2-9722417611662","status":"publish","type":"product","link":"https:\/\/www.claret.cat\/es\/libro\/superlio-en-el-campamento-el-mundo-de-clodett-2-9722417611662\/","title":{"rendered":"SUPERL\u00cdO EN EL CAMPAMENTO (EL MUNDO DE CLODETT 2)"},"content":{"rendered":"<p>\u00a1HOLA, CLODETTAMIS! No os lo vais a creer: mi equipo ha sido seleccionado para participar en  un campeonato&#8230; \u00a1con las mejores gimnastas del pa\u00eds! Pero el grupo de  Las Panteras tambi\u00e9n est\u00e1 en el campamento, y todo se complica cuando oyen la palabra \u00abPREMIO\u00bb&#8230;  Lo hab\u00e9is adivinado:  \u00a1SUPERL\u00cdO A LA VISTA!  \u00a1BIENVENIDOS A MI MUNDO, CLODETTAMIS!<\/p>\n","protected":false},"excerpt":{"rendered":"<p>CLODETT,<\/p>\n","protected":false},"featured_media":304054,"template":"","meta":{"_acf_changed":false,"om_disable_all_campaigns":false,"rs_blank_template":"","rs_page_bg_color":"","slide_template_v7":"","inline_featured_image":false,"_monsterinsights_skip_tracking":false,"_monsterinsights_sitenote_active":false,"_monsterinsights_sitenote_note":"","_monsterinsights_sitenote_category":0},"product_brand":[],"product_cat":[86,352],"product_tag":[],"class_list":{"0":"post-304053","1":"product","2":"type-product","3":"status-publish","4":"has-post-thumbnail","6":"product_cat-infantil","7":"product_cat-infantil-3_infantil-juvenil-spa","9":"first","10":"instock","11":"taxable","12":"shipping-taxable","13":"purchasable","14":"product-type-simple"},"acf":{"autor":"CLODETT,","codart":"841767166","libros-coleccion":"El mundo de Clodett","ediciones":"1","encuadernacion":"Carton\u00e9","fecha_de_publicacion":"01\/06\/2019","novedad":"1","paginas":"192","subtitulo":"","orden":"0","portada":"0","idioma":"spa","editorial":[{"ID":6310,"post_author":"3","post_date":"2022-07-28 17:49:26","post_date_gmt":"2022-07-28 15:49:26","post_content":"","post_title":"MONTENA","post_excerpt":"","post_status":"publish","comment_status":"closed","ping_status":"closed","post_password":"","post_name":"montena","to_ping":"","pinged":"","post_modified":"2022-07-28 17:49:26","post_modified_gmt":"2022-07-28 15:49:26","post_content_filtered":"","post_parent":0,"guid":"http:\/\/dev.claret.cat\/editorial\/montena\/","menu_order":0,"post_type":"editorial","post_mime_type":"","comment_count":"0","filter":"raw"}],"autores-libros":[{"ID":153139,"post_author":"3","post_date":"2022-10-14 14:54:23","post_date_gmt":"2022-10-14 12:54:23","post_content":"","post_title":"CLODETT","post_excerpt":"","post_status":"publish","comment_status":"closed","ping_status":"closed","post_password":"","post_name":"clodett","to_ping":"","pinged":"","post_modified":"2022-10-14 14:54:23","post_modified_gmt":"2022-10-14 12:54:23","post_content_filtered":"","post_parent":0,"guid":"http:\/\/dev.claret.cat\/autor\/clodett\/","menu_order":0,"post_type":"autor","post_mime_type":"","comment_count":"0","filter":"raw"}]},"aioseo_notices":[],"_links":{"self":[{"href":"https:\/\/www.claret.cat\/es\/wp-json\/wp\/v2\/product\/304053","targetHints":{"allow":["GET"]}}],"collection":[{"href":"https:\/\/www.claret.cat\/es\/wp-json\/wp\/v2\/product"}],"about":[{"href":"https:\/\/www.claret.cat\/es\/wp-json\/wp\/v2\/types\/product"}],"wp:featuredmedia":[{"embeddable":true,"href":"https:\/\/www.claret.cat\/es\/wp-json\/wp\/v2\/media\/304054"}],"wp:attachment":[{"href":"https:\/\/www.claret.cat\/es\/wp-json\/wp\/v2\/media?parent=304053"}],"wp:term":[{"taxonomy":"product_brand","embeddable":true,"href":"https:\/\/www.claret.cat\/es\/wp-json\/wp\/v2\/product_brand?post=304053"},{"taxonomy":"product_cat","embeddable":true,"href":"https:\/\/www.claret.cat\/es\/wp-json\/wp\/v2\/product_cat?post=304053"},{"taxonomy":"product_tag","embeddable":true,"href":"https:\/\/www.claret.cat\/es\/wp-json\/wp\/v2\/product_tag?post=304053"}],"curies":[{"name":"wp","href":"https:\/\/api.w.org\/{rel}","templated":true}]}}