{"id":304083,"date":"2022-12-16T04:44:54","date_gmt":"2022-12-16T03:44:54","guid":{"rendered":"http:\/\/dev.claret.cat\/llibre\/el-hilo-de-ariadna-9788417708252\/"},"modified":"2023-01-28T15:29:35","modified_gmt":"2023-01-28T14:29:35","slug":"el-hilo-de-ariadna-9788417708252","status":"publish","type":"product","link":"https:\/\/www.claret.cat\/es\/libro\/el-hilo-de-ariadna-9788417708252\/","title":{"rendered":"EL HILO DE ARIADNA"},"content":{"rendered":"<p>\u00a1Ven, atravesemos el laberinto! Ser\u00e1 un viaje m\u00e1gico a trav\u00e9s de la mitolog\u00eda<br \/>Cada laberinto oculta una historia mitol\u00f3gica maravillosa de la antigua Grecia. \u00bfEst\u00e1s preparado? \u00bfEncontrar\u00e1s la salida? Tras una aventura viene otra, mira las ilustraciones, descubre detalles, lee las indicaciones. Si llegas hasta las explicaciones del final, aprender\u00e1s mucho m\u00e1s. Los juegos ol\u00edmpicos, la guerra de Troya, la Odisea, el Olimpo, el Minotauro, S\u00edsifo o la mism\u00edsima acr\u00f3polis de Atenas te esperan en un libro interactivo que, seas grande o peque\u00f1o, vas a disfrutar.<\/p>\n","protected":false},"excerpt":{"rendered":"<p>BAJTLIK, JAN<\/p>\n","protected":false},"featured_media":304084,"template":"","meta":{"_acf_changed":false,"om_disable_all_campaigns":false,"rs_blank_template":"","rs_page_bg_color":"","slide_template_v7":"","inline_featured_image":false,"_monsterinsights_skip_tracking":false,"_monsterinsights_sitenote_active":false,"_monsterinsights_sitenote_note":"","_monsterinsights_sitenote_category":0},"product_brand":[],"product_cat":[352,86,566,117,105,555],"product_tag":[],"class_list":{"0":"post-304083","1":"product","2":"type-product","3":"status-publish","4":"has-post-thumbnail","6":"product_cat-infantil-3_infantil-juvenil-spa","7":"product_cat-infantil","8":"product_cat-juvenil-3_infantil-juvenil-spa-spa","9":"product_cat-juvenil","10":"product_cat-regal","11":"product_cat-regalo","13":"first","14":"instock","15":"taxable","16":"shipping-taxable","17":"purchasable","18":"product-type-simple"},"acf":{"autor":"BAJTLIK, JAN","codart":"841770825","libros-coleccion":"Libros para los que aman los libros","ediciones":"1","encuadernacion":"Carton\u00e9","fecha_de_publicacion":"01\/05\/2019","novedad":"1","paginas":"72","subtitulo":"MITOS Y LABERINTOS","orden":"0","portada":"0","idioma":"spa","editorial":[{"ID":6297,"post_author":"3","post_date":"2022-07-28 17:49:10","post_date_gmt":"2022-07-28 15:49:10","post_content":"","post_title":"Maeva Ediciones","post_excerpt":"","post_status":"publish","comment_status":"closed","ping_status":"closed","post_password":"","post_name":"maeva-ediciones","to_ping":"","pinged":"","post_modified":"2022-07-28 17:49:10","post_modified_gmt":"2022-07-28 15:49:10","post_content_filtered":"","post_parent":0,"guid":"http:\/\/dev.claret.cat\/editorial\/maeva-ediciones\/","menu_order":0,"post_type":"editorial","post_mime_type":"","comment_count":"0","filter":"raw"}],"autores-libros":[{"ID":158454,"post_author":"3","post_date":"2022-10-14 15:36:59","post_date_gmt":"2022-10-14 13:36:59","post_content":"","post_title":"JAN BAJTLIK","post_excerpt":"","post_status":"publish","comment_status":"closed","ping_status":"closed","post_password":"","post_name":"jan-bajtlik","to_ping":"","pinged":"","post_modified":"2022-10-14 15:36:59","post_modified_gmt":"2022-10-14 13:36:59","post_content_filtered":"","post_parent":0,"guid":"http:\/\/dev.claret.cat\/autor\/jan-bajtlik\/","menu_order":0,"post_type":"autor","post_mime_type":"","comment_count":"0","filter":"raw"}]},"aioseo_notices":[],"_links":{"self":[{"href":"https:\/\/www.claret.cat\/es\/wp-json\/wp\/v2\/product\/304083","targetHints":{"allow":["GET"]}}],"collection":[{"href":"https:\/\/www.claret.cat\/es\/wp-json\/wp\/v2\/product"}],"about":[{"href":"https:\/\/www.claret.cat\/es\/wp-json\/wp\/v2\/types\/product"}],"wp:featuredmedia":[{"embeddable":true,"href":"https:\/\/www.claret.cat\/es\/wp-json\/wp\/v2\/media\/304084"}],"wp:attachment":[{"href":"https:\/\/www.claret.cat\/es\/wp-json\/wp\/v2\/media?parent=304083"}],"wp:term":[{"taxonomy":"product_brand","embeddable":true,"href":"https:\/\/www.claret.cat\/es\/wp-json\/wp\/v2\/product_brand?post=304083"},{"taxonomy":"product_cat","embeddable":true,"href":"https:\/\/www.claret.cat\/es\/wp-json\/wp\/v2\/product_cat?post=304083"},{"taxonomy":"product_tag","embeddable":true,"href":"https:\/\/www.claret.cat\/es\/wp-json\/wp\/v2\/product_tag?post=304083"}],"curies":[{"name":"wp","href":"https:\/\/api.w.org\/{rel}","templated":true}]}}