{"id":304146,"date":"2022-12-16T04:47:35","date_gmt":"2022-12-16T03:47:35","guid":{"rendered":"http:\/\/dev.claret.cat\/llibre\/brunilda-i-bru-la-casa-encantada-9788417757113\/"},"modified":"2023-01-28T00:05:20","modified_gmt":"2023-01-27T23:05:20","slug":"brunilda-i-bru-la-casa-encantada-9788417757113","status":"publish","type":"product","link":"https:\/\/www.claret.cat\/es\/libro\/brunilda-i-bru-la-casa-encantada-9788417757113\/","title":{"rendered":"BRUNILDA I BRU. LA CASA ENCANTADA"},"content":{"rendered":"<p>La caiguda d&#8217;un gerro, que interromp la migdiada de la Brunilda, \u00e9s nom\u00e9s el primer d&#8217;una s\u00e8rie d&#8217;esdeveniments molt estranys. Que potser est\u00e0 encantada, casa seva? La Brunilda busca un encanteri per treure&#8217;n l&#8217;entrellat. Malgrat tot, les coses no surten tal com esperava&#8230; Prepara&#8217;t per a molts disbarats fantasmag\u00f2rics i rialletes nervioses! Una nova aventura de la simp\u00e0tica bruixa Brunilda i el seu inseparable gat Bru. Els m\u00e9s de 5 milions de llibres venuts confirmen l&#8217;indubtable \u00e8xit d&#8217;aquesta original bruixa entre el p\u00fablic infantil. La bruixa Brunilda \u00e9s un atractiu personatge que sempre es troba involucrat en situacions d&#8217;all\u00f2 m\u00e9s c\u00f2miques i que en comptades ocasions els seus poders m\u00e0gics li fan algun tipus de servei. Els encanteris normalment li comporten conseq\u00fc\u00e8ncies inesperades, i justament aquest fet \u00e9s el que fa que les seves hist\u00f2ries resultin tant divertides per al p\u00fablic infantil.<\/p>\n","protected":false},"excerpt":{"rendered":"<p>THOMAS, VALERIE \/ KORKY, PAUL<\/p>\n","protected":false},"featured_media":304147,"template":"","meta":{"_acf_changed":false,"om_disable_all_campaigns":false,"rs_blank_template":"","rs_page_bg_color":"","slide_template_v7":"","inline_featured_image":false,"_monsterinsights_skip_tracking":false,"_monsterinsights_sitenote_active":false,"_monsterinsights_sitenote_note":"","_monsterinsights_sitenote_category":0},"product_brand":[],"product_cat":[86,352],"product_tag":[],"class_list":{"0":"post-304146","1":"product","2":"type-product","3":"status-publish","4":"has-post-thumbnail","6":"product_cat-infantil","7":"product_cat-infantil-3_infantil-juvenil-spa","9":"first","10":"instock","11":"taxable","12":"shipping-taxable","13":"purchasable","14":"product-type-simple"},"acf":{"autor":"THOMAS, VALERIE \/ KORKY, PAUL","codart":"841775711","libros-coleccion":"Brunilda i Bru","ediciones":"1","encuadernacion":"R\u00fastica","fecha_de_publicacion":"01\/04\/2019","novedad":"1","paginas":"28","subtitulo":"","orden":"0","portada":"0","idioma":"cat","editorial":[{"ID":147554,"post_author":"3","post_date":"2022-10-14 11:51:27","post_date_gmt":"2022-10-14 09:51:27","post_content":"","post_title":"BLUME (Naturart)","post_excerpt":"","post_status":"publish","comment_status":"closed","ping_status":"closed","post_password":"","post_name":"blume-naturart","to_ping":"","pinged":"","post_modified":"2022-10-14 11:51:27","post_modified_gmt":"2022-10-14 09:51:27","post_content_filtered":"","post_parent":0,"guid":"http:\/\/dev.claret.cat\/editorial\/blume-naturart\/","menu_order":0,"post_type":"editorial","post_mime_type":"","comment_count":"0","filter":"raw"}],"autores-libros":[{"ID":170791,"post_author":"3","post_date":"2022-10-14 22:38:11","post_date_gmt":"2022-10-14 20:38:11","post_content":"","post_title":"VALERIE THOMAS","post_excerpt":"","post_status":"publish","comment_status":"closed","ping_status":"closed","post_password":"","post_name":"valerie-thomas","to_ping":"","pinged":"","post_modified":"2022-10-14 22:38:11","post_modified_gmt":"2022-10-14 20:38:11","post_content_filtered":"","post_parent":0,"guid":"http:\/\/dev.claret.cat\/autor\/valerie-thomas\/","menu_order":0,"post_type":"autor","post_mime_type":"","comment_count":"0","filter":"raw"},{"ID":166740,"post_author":"3","post_date":"2022-10-14 18:05:40","post_date_gmt":"2022-10-14 16:05:40","post_content":"","post_title":"PAUL KORKY","post_excerpt":"","post_status":"publish","comment_status":"closed","ping_status":"closed","post_password":"","post_name":"paul-korky","to_ping":"","pinged":"","post_modified":"2022-10-14 18:05:40","post_modified_gmt":"2022-10-14 16:05:40","post_content_filtered":"","post_parent":0,"guid":"http:\/\/dev.claret.cat\/autor\/paul-korky\/","menu_order":0,"post_type":"autor","post_mime_type":"","comment_count":"0","filter":"raw"}]},"aioseo_notices":[],"_links":{"self":[{"href":"https:\/\/www.claret.cat\/es\/wp-json\/wp\/v2\/product\/304146","targetHints":{"allow":["GET"]}}],"collection":[{"href":"https:\/\/www.claret.cat\/es\/wp-json\/wp\/v2\/product"}],"about":[{"href":"https:\/\/www.claret.cat\/es\/wp-json\/wp\/v2\/types\/product"}],"wp:featuredmedia":[{"embeddable":true,"href":"https:\/\/www.claret.cat\/es\/wp-json\/wp\/v2\/media\/304147"}],"wp:attachment":[{"href":"https:\/\/www.claret.cat\/es\/wp-json\/wp\/v2\/media?parent=304146"}],"wp:term":[{"taxonomy":"product_brand","embeddable":true,"href":"https:\/\/www.claret.cat\/es\/wp-json\/wp\/v2\/product_brand?post=304146"},{"taxonomy":"product_cat","embeddable":true,"href":"https:\/\/www.claret.cat\/es\/wp-json\/wp\/v2\/product_cat?post=304146"},{"taxonomy":"product_tag","embeddable":true,"href":"https:\/\/www.claret.cat\/es\/wp-json\/wp\/v2\/product_tag?post=304146"}],"curies":[{"name":"wp","href":"https:\/\/api.w.org\/{rel}","templated":true}]}}