{"id":304149,"date":"2022-12-16T04:47:43","date_gmt":"2022-12-16T03:47:43","guid":{"rendered":"http:\/\/dev.claret.cat\/llibre\/brunilda-y-bruno-el-robot-travieso-9788417757120\/"},"modified":"2023-01-28T08:00:59","modified_gmt":"2023-01-28T07:00:59","slug":"brunilda-y-bruno-el-robot-travieso-9788417757120","status":"publish","type":"product","link":"https:\/\/www.claret.cat\/es\/libro\/brunilda-y-bruno-el-robot-travieso-9788417757120\/","title":{"rendered":"BRUNILDA Y BRUNO. EL ROBOT TRAVIESO"},"content":{"rendered":"<p>La bruja Brunilda se pone muy contenta cuando convierte a su robot de cart\u00f3n en uno de verdad. \u00a1Bip, bip! Pero el travieso robot le arrebata la varita a Brunilda y las cosas se complican. Solo Bruno, el adorable gato de Brunilda, puede poner fin al caos m\u00e1gico y restaurar el orden. Una nueva aventura de la simp\u00e1tica bruja Brunilda y su inseparable gato Bruno. Los m\u00e1s de 5 millones de libros vendidos confirman el indudable \u00e9xito entre el p\u00fablico infantil de esta original bruja. La bruja Brunilda es un atractivo personaje que siempre se ve envuelto en desternillantes situaciones y al que en pocas ocasiones le son de provecho sus poderes m\u00e1gicos. Los hechizos suelen traerle consecuencias inesperadas, y justamente este hecho es el que hace que sus historias resulten tan divertidas para el p\u00fablico infantil.<\/p>\n","protected":false},"excerpt":{"rendered":"<p>THOMAS, VALERIE \/ KORKY, PAUL<\/p>\n","protected":false},"featured_media":304150,"template":"","meta":{"_acf_changed":false,"om_disable_all_campaigns":false,"rs_blank_template":"","rs_page_bg_color":"","slide_template_v7":"","inline_featured_image":false,"_monsterinsights_skip_tracking":false,"_monsterinsights_sitenote_active":false,"_monsterinsights_sitenote_note":"","_monsterinsights_sitenote_category":0},"product_brand":[],"product_cat":[86,352],"product_tag":[],"class_list":{"0":"post-304149","1":"product","2":"type-product","3":"status-publish","4":"has-post-thumbnail","6":"product_cat-infantil","7":"product_cat-infantil-3_infantil-juvenil-spa","9":"first","10":"instock","11":"taxable","12":"shipping-taxable","13":"purchasable","14":"product-type-simple"},"acf":{"autor":"THOMAS, VALERIE \/ KORKY, PAUL","codart":"841775712","libros-coleccion":"Brunilda y Bruno","ediciones":"1","encuadernacion":"R\u00fastica","fecha_de_publicacion":"01\/04\/2019","novedad":"1","paginas":"28","subtitulo":"","orden":"0","portada":"0","idioma":"spa","editorial":[{"ID":147554,"post_author":"3","post_date":"2022-10-14 11:51:27","post_date_gmt":"2022-10-14 09:51:27","post_content":"","post_title":"BLUME (Naturart)","post_excerpt":"","post_status":"publish","comment_status":"closed","ping_status":"closed","post_password":"","post_name":"blume-naturart","to_ping":"","pinged":"","post_modified":"2022-10-14 11:51:27","post_modified_gmt":"2022-10-14 09:51:27","post_content_filtered":"","post_parent":0,"guid":"http:\/\/dev.claret.cat\/editorial\/blume-naturart\/","menu_order":0,"post_type":"editorial","post_mime_type":"","comment_count":"0","filter":"raw"}],"autores-libros":[{"ID":170791,"post_author":"3","post_date":"2022-10-14 22:38:11","post_date_gmt":"2022-10-14 20:38:11","post_content":"","post_title":"VALERIE THOMAS","post_excerpt":"","post_status":"publish","comment_status":"closed","ping_status":"closed","post_password":"","post_name":"valerie-thomas","to_ping":"","pinged":"","post_modified":"2022-10-14 22:38:11","post_modified_gmt":"2022-10-14 20:38:11","post_content_filtered":"","post_parent":0,"guid":"http:\/\/dev.claret.cat\/autor\/valerie-thomas\/","menu_order":0,"post_type":"autor","post_mime_type":"","comment_count":"0","filter":"raw"},{"ID":166740,"post_author":"3","post_date":"2022-10-14 18:05:40","post_date_gmt":"2022-10-14 16:05:40","post_content":"","post_title":"PAUL KORKY","post_excerpt":"","post_status":"publish","comment_status":"closed","ping_status":"closed","post_password":"","post_name":"paul-korky","to_ping":"","pinged":"","post_modified":"2022-10-14 18:05:40","post_modified_gmt":"2022-10-14 16:05:40","post_content_filtered":"","post_parent":0,"guid":"http:\/\/dev.claret.cat\/autor\/paul-korky\/","menu_order":0,"post_type":"autor","post_mime_type":"","comment_count":"0","filter":"raw"}]},"aioseo_notices":[],"_links":{"self":[{"href":"https:\/\/www.claret.cat\/es\/wp-json\/wp\/v2\/product\/304149","targetHints":{"allow":["GET"]}}],"collection":[{"href":"https:\/\/www.claret.cat\/es\/wp-json\/wp\/v2\/product"}],"about":[{"href":"https:\/\/www.claret.cat\/es\/wp-json\/wp\/v2\/types\/product"}],"wp:featuredmedia":[{"embeddable":true,"href":"https:\/\/www.claret.cat\/es\/wp-json\/wp\/v2\/media\/304150"}],"wp:attachment":[{"href":"https:\/\/www.claret.cat\/es\/wp-json\/wp\/v2\/media?parent=304149"}],"wp:term":[{"taxonomy":"product_brand","embeddable":true,"href":"https:\/\/www.claret.cat\/es\/wp-json\/wp\/v2\/product_brand?post=304149"},{"taxonomy":"product_cat","embeddable":true,"href":"https:\/\/www.claret.cat\/es\/wp-json\/wp\/v2\/product_cat?post=304149"},{"taxonomy":"product_tag","embeddable":true,"href":"https:\/\/www.claret.cat\/es\/wp-json\/wp\/v2\/product_tag?post=304149"}],"curies":[{"name":"wp","href":"https:\/\/api.w.org\/{rel}","templated":true}]}}