{"id":304152,"date":"2022-12-16T04:47:52","date_gmt":"2022-12-16T03:47:52","guid":{"rendered":"http:\/\/dev.claret.cat\/llibre\/brunilda-i-bru-el-robot-trapella-9788417757137\/"},"modified":"2023-01-28T19:52:17","modified_gmt":"2023-01-28T18:52:17","slug":"brunilda-i-bru-el-robot-trapella-9788417757137","status":"publish","type":"product","link":"https:\/\/www.claret.cat\/es\/libro\/brunilda-i-bru-el-robot-trapella-9788417757137\/","title":{"rendered":"BRUNILDA I BRU. EL ROBOT TRAPELLA"},"content":{"rendered":"<p>La bruixa Brunilda t\u00e9 una gran alegr\u00eda quan converteix el seu robot de cart\u00f3 en un de deb\u00f2. Bip-bip, bip-bip! Per\u00f2 quan el robot entremaliat li pispa la vareta, les coses comencen a anar a mal borr\u00e0s. El Bru, el gat inseparable de la Brunilda, ser\u00e0 l&#8217;encarregat de posar ordre en aquell desgavell! Una nova aventura de la simp\u00e0tica bruixa Brunilda i el seu inseparable gat Bru. Els m\u00e9s de 5 milions de llibres venuts confirmen l&#8217;indubtable \u00e8xit d&#8217;aquesta original bruixa entre el p\u00fablic infantil. La bruixa Brunilda \u00e9s un atractiu personatge que sempre es troba involucrat en situacions d&#8217;all\u00f2 m\u00e9s c\u00f2miques i que en comptades ocasions els seus poders m\u00e0gics li fan algun tipus de servei. Els encanteris normalment li comporten conseq\u00fc\u00e8ncies inesperades, i justament aquest fet \u00e9s el que fa que les seves hist\u00f2ries resultin tant divertides per al p\u00fablic infantil.<\/p>\n","protected":false},"excerpt":{"rendered":"<p>THOMAS, VALERIE \/ KORKY, PAUL<\/p>\n","protected":false},"featured_media":304153,"template":"","meta":{"_acf_changed":false,"om_disable_all_campaigns":false,"rs_blank_template":"","rs_page_bg_color":"","slide_template_v7":"","inline_featured_image":false,"_monsterinsights_skip_tracking":false,"_monsterinsights_sitenote_active":false,"_monsterinsights_sitenote_note":"","_monsterinsights_sitenote_category":0},"product_brand":[],"product_cat":[86,352],"product_tag":[],"class_list":{"0":"post-304152","1":"product","2":"type-product","3":"status-publish","4":"has-post-thumbnail","6":"product_cat-infantil","7":"product_cat-infantil-3_infantil-juvenil-spa","9":"first","10":"instock","11":"taxable","12":"shipping-taxable","13":"purchasable","14":"product-type-simple"},"acf":{"autor":"THOMAS, VALERIE \/ KORKY, PAUL","codart":"841775713","libros-coleccion":"Brunilda i Bru","ediciones":"1","encuadernacion":"R\u00fastica","fecha_de_publicacion":"01\/04\/2019","novedad":"1","paginas":"28","subtitulo":"","orden":"0","portada":"0","idioma":"cat","editorial":[{"ID":147554,"post_author":"3","post_date":"2022-10-14 11:51:27","post_date_gmt":"2022-10-14 09:51:27","post_content":"","post_title":"BLUME (Naturart)","post_excerpt":"","post_status":"publish","comment_status":"closed","ping_status":"closed","post_password":"","post_name":"blume-naturart","to_ping":"","pinged":"","post_modified":"2022-10-14 11:51:27","post_modified_gmt":"2022-10-14 09:51:27","post_content_filtered":"","post_parent":0,"guid":"http:\/\/dev.claret.cat\/editorial\/blume-naturart\/","menu_order":0,"post_type":"editorial","post_mime_type":"","comment_count":"0","filter":"raw"}],"autores-libros":[{"ID":170791,"post_author":"3","post_date":"2022-10-14 22:38:11","post_date_gmt":"2022-10-14 20:38:11","post_content":"","post_title":"VALERIE THOMAS","post_excerpt":"","post_status":"publish","comment_status":"closed","ping_status":"closed","post_password":"","post_name":"valerie-thomas","to_ping":"","pinged":"","post_modified":"2022-10-14 22:38:11","post_modified_gmt":"2022-10-14 20:38:11","post_content_filtered":"","post_parent":0,"guid":"http:\/\/dev.claret.cat\/autor\/valerie-thomas\/","menu_order":0,"post_type":"autor","post_mime_type":"","comment_count":"0","filter":"raw"},{"ID":166740,"post_author":"3","post_date":"2022-10-14 18:05:40","post_date_gmt":"2022-10-14 16:05:40","post_content":"","post_title":"PAUL KORKY","post_excerpt":"","post_status":"publish","comment_status":"closed","ping_status":"closed","post_password":"","post_name":"paul-korky","to_ping":"","pinged":"","post_modified":"2022-10-14 18:05:40","post_modified_gmt":"2022-10-14 16:05:40","post_content_filtered":"","post_parent":0,"guid":"http:\/\/dev.claret.cat\/autor\/paul-korky\/","menu_order":0,"post_type":"autor","post_mime_type":"","comment_count":"0","filter":"raw"}]},"aioseo_notices":[],"_links":{"self":[{"href":"https:\/\/www.claret.cat\/es\/wp-json\/wp\/v2\/product\/304152","targetHints":{"allow":["GET"]}}],"collection":[{"href":"https:\/\/www.claret.cat\/es\/wp-json\/wp\/v2\/product"}],"about":[{"href":"https:\/\/www.claret.cat\/es\/wp-json\/wp\/v2\/types\/product"}],"wp:featuredmedia":[{"embeddable":true,"href":"https:\/\/www.claret.cat\/es\/wp-json\/wp\/v2\/media\/304153"}],"wp:attachment":[{"href":"https:\/\/www.claret.cat\/es\/wp-json\/wp\/v2\/media?parent=304152"}],"wp:term":[{"taxonomy":"product_brand","embeddable":true,"href":"https:\/\/www.claret.cat\/es\/wp-json\/wp\/v2\/product_brand?post=304152"},{"taxonomy":"product_cat","embeddable":true,"href":"https:\/\/www.claret.cat\/es\/wp-json\/wp\/v2\/product_cat?post=304152"},{"taxonomy":"product_tag","embeddable":true,"href":"https:\/\/www.claret.cat\/es\/wp-json\/wp\/v2\/product_tag?post=304152"}],"curies":[{"name":"wp","href":"https:\/\/api.w.org\/{rel}","templated":true}]}}