{"id":304254,"date":"2022-12-16T04:52:12","date_gmt":"2022-12-16T03:52:12","guid":{"rendered":"http:\/\/dev.claret.cat\/llibre\/quin-desastre-daniversari-la-diversio-de-la-martina-1-9788417773595\/"},"modified":"2025-12-17T19:10:07","modified_gmt":"2025-12-17T18:10:07","slug":"quin-desastre-daniversari-la-diversio-de-la-martina-1-9788417773595","status":"publish","type":"product","link":"https:\/\/www.claret.cat\/es\/libro\/quin-desastre-daniversari-la-diversio-de-la-martina-1-9788417773595\/","title":{"rendered":"QUIN DESASTRE D&#8217;ANIVERSARI! (LA DIVERSI\u00d3 DE LA MARTINA 1)"},"content":{"rendered":"<p>No et perdis la s\u00e8rie d&#8217;aventures m\u00e9s divertida!  He tingut una idea INSUPERABLE. He decidit celebrar una festa que ser\u00e0 una passada. T&#8217;hi apuntes? Com? Que els teus pares no et deixen venir perqu\u00e8 \u00faltimament n&#8217;has fet alguna de grossa? Tranqui, ho tinc tot pensat. Uneix-te al meu pla esbojarrad\u00edssim i oblida&#8217;t del significat de la paraula avorriment! La Martina t\u00e9 14 anys, una imaginaci\u00f3 desbordant i un canal de  Youtube amb molt d&#8217;\u00e8xit! La diversi\u00f3 de la Martina \u00e9s una s\u00e8rie de llibres de ficci\u00f3 inspirada en ella i el seu m\u00f3n.<\/p>\n","protected":false},"excerpt":{"rendered":"<p>D&#8217;ANTIOCHIA, MARTINA<\/p>\n","protected":false},"featured_media":1070156,"template":"","meta":{"_acf_changed":false,"om_disable_all_campaigns":false,"rs_blank_template":"","rs_page_bg_color":"","slide_template_v7":"","inline_featured_image":false,"_monsterinsights_skip_tracking":false,"_monsterinsights_sitenote_active":false,"_monsterinsights_sitenote_note":"","_monsterinsights_sitenote_category":0},"product_brand":[],"product_cat":[86,352],"product_tag":[],"class_list":{"0":"post-304254","1":"product","2":"type-product","3":"status-publish","4":"has-post-thumbnail","6":"product_cat-infantil","7":"product_cat-infantil-3_infantil-juvenil-spa","9":"first","10":"instock","11":"taxable","12":"shipping-taxable","13":"purchasable","14":"product-type-simple"},"acf":{"autor":"D'ANTIOCHIA, MARTINA","codart":"841777359","libros-coleccion":"La diversi\u00f3 de la Martina","ediciones":"1","encuadernacion":"Carton\u00e9","fecha_de_publicacion":"01\/06\/2019","novedad":"1","paginas":"192","subtitulo":"","orden":"0","portada":"0","idioma":"cat","editorial":[{"ID":6310,"post_author":"3","post_date":"2022-07-28 17:49:26","post_date_gmt":"2022-07-28 15:49:26","post_content":"","post_title":"MONTENA","post_excerpt":"","post_status":"publish","comment_status":"closed","ping_status":"closed","post_password":"","post_name":"montena","to_ping":"","pinged":"","post_modified":"2022-07-28 17:49:26","post_modified_gmt":"2022-07-28 15:49:26","post_content_filtered":"","post_parent":0,"guid":"http:\/\/dev.claret.cat\/editorial\/montena\/","menu_order":0,"post_type":"editorial","post_mime_type":"","comment_count":"0","filter":"raw"}],"autores-libros":[{"ID":164327,"post_author":"3","post_date":"2022-10-14 17:46:11","post_date_gmt":"2022-10-14 15:46:11","post_content":"","post_title":"MARTINA D\u00b4ANTIOCHIA","post_excerpt":"","post_status":"publish","comment_status":"closed","ping_status":"closed","post_password":"","post_name":"martina-dantiochia-2","to_ping":"","pinged":"","post_modified":"2022-10-14 17:46:11","post_modified_gmt":"2022-10-14 15:46:11","post_content_filtered":"","post_parent":0,"guid":"http:\/\/dev.claret.cat\/autor\/martina-dantiochia-2\/","menu_order":0,"post_type":"autor","post_mime_type":"","comment_count":"0","filter":"raw"}],"booktrailer":"","resenas":""},"aioseo_notices":[],"_links":{"self":[{"href":"https:\/\/www.claret.cat\/es\/wp-json\/wp\/v2\/product\/304254","targetHints":{"allow":["GET"]}}],"collection":[{"href":"https:\/\/www.claret.cat\/es\/wp-json\/wp\/v2\/product"}],"about":[{"href":"https:\/\/www.claret.cat\/es\/wp-json\/wp\/v2\/types\/product"}],"wp:featuredmedia":[{"embeddable":true,"href":"https:\/\/www.claret.cat\/es\/wp-json\/wp\/v2\/media\/1070156"}],"wp:attachment":[{"href":"https:\/\/www.claret.cat\/es\/wp-json\/wp\/v2\/media?parent=304254"}],"wp:term":[{"taxonomy":"product_brand","embeddable":true,"href":"https:\/\/www.claret.cat\/es\/wp-json\/wp\/v2\/product_brand?post=304254"},{"taxonomy":"product_cat","embeddable":true,"href":"https:\/\/www.claret.cat\/es\/wp-json\/wp\/v2\/product_cat?post=304254"},{"taxonomy":"product_tag","embeddable":true,"href":"https:\/\/www.claret.cat\/es\/wp-json\/wp\/v2\/product_tag?post=304254"}],"curies":[{"name":"wp","href":"https:\/\/api.w.org\/{rel}","templated":true}]}}