{"id":304423,"date":"2022-12-16T04:59:17","date_gmt":"2022-12-16T03:59:17","guid":{"rendered":"http:\/\/dev.claret.cat\/llibre\/guiaburros-wikipedia-9788418121128\/"},"modified":"2023-01-28T17:03:12","modified_gmt":"2023-01-28T16:03:12","slug":"guiaburros-wikipedia-9788418121128","status":"publish","type":"product","link":"https:\/\/www.claret.cat\/es\/libro\/guiaburros-wikipedia-9788418121128\/","title":{"rendered":"GU\u00cdABURROS WIKIPEDIA"},"content":{"rendered":"<p>Esta gu\u00eda te permitir\u00e1 entender de una manera clara y directa c\u00f3mo funciona Wikipedia, y te dar\u00e1 los consejos necesarios para no meter la pata antes de ponerte a editar. Est\u00e1 orientada a todos los que quieren editar en Wikipedia y tener \u00e9xito, incluso si tu art\u00edculo es la biograf\u00eda de una persona viva con cierta relevancia. Es un manual que te va a descubrir todas las reglas impl\u00edcitas que solo se descubren cuando ya llevas tiempo editando. Una especie de caja de los tesoros o caj\u00f3n lleno de secretos sobre el funcionamiento de la Wikipedia, sobre su uso pr\u00e1ctico.<\/p>\n","protected":false},"excerpt":{"rendered":"<p>BOVILLE, BEL\u00c9N<\/p>\n","protected":false},"featured_media":304424,"template":"","meta":{"_acf_changed":false,"om_disable_all_campaigns":false,"rs_blank_template":"","rs_page_bg_color":"","slide_template_v7":"","inline_featured_image":false,"_monsterinsights_skip_tracking":false,"_monsterinsights_sitenote_active":false,"_monsterinsights_sitenote_note":"","_monsterinsights_sitenote_category":0},"product_brand":[],"product_cat":[90,540],"product_tag":[],"class_list":{"0":"post-304423","1":"product","2":"type-product","3":"status-publish","4":"has-post-thumbnail","6":"product_cat-altres","7":"product_cat-otros","9":"first","10":"instock","11":"taxable","12":"shipping-taxable","13":"purchasable","14":"product-type-simple"},"acf":{"autor":"BOVILLE, BEL\u00c9N","codart":"841812112","libros-coleccion":"FORA DE COL.LECCI\u00d3","ediciones":"1","encuadernacion":"R\u00fastica","fecha_de_publicacion":"01\/02\/2020","novedad":"1","paginas":"129","subtitulo":"TODAS LAS CLAVES DE LA ENCICLOPEDIA DEL SIGLO XXI","orden":"0","portada":"0","idioma":"spa","editorial":[{"ID":304421,"post_author":"3","post_date":"2022-12-16 04:59:14","post_date_gmt":"2022-12-16 03:59:14","post_content":"","post_title":"Editatum","post_excerpt":"","post_status":"publish","comment_status":"closed","ping_status":"closed","post_password":"","post_name":"editatum","to_ping":"","pinged":"","post_modified":"2022-12-16 04:59:14","post_modified_gmt":"2022-12-16 03:59:14","post_content_filtered":"","post_parent":0,"guid":"http:\/\/dev.claret.cat\/editorial\/editatum\/","menu_order":0,"post_type":"editorial","post_mime_type":"","comment_count":"0","filter":"raw"}],"autores-libros":[{"ID":304422,"post_author":"3","post_date":"2022-12-16 04:59:15","post_date_gmt":"2022-12-16 03:59:15","post_content":"","post_title":"BEL\u00c9N BOVILLE","post_excerpt":"","post_status":"publish","comment_status":"closed","ping_status":"closed","post_password":"","post_name":"belen-boville","to_ping":"","pinged":"","post_modified":"2022-12-16 04:59:15","post_modified_gmt":"2022-12-16 03:59:15","post_content_filtered":"","post_parent":0,"guid":"http:\/\/dev.claret.cat\/autor\/belen-boville\/","menu_order":0,"post_type":"autor","post_mime_type":"","comment_count":"0","filter":"raw"}]},"aioseo_notices":[],"_links":{"self":[{"href":"https:\/\/www.claret.cat\/es\/wp-json\/wp\/v2\/product\/304423","targetHints":{"allow":["GET"]}}],"collection":[{"href":"https:\/\/www.claret.cat\/es\/wp-json\/wp\/v2\/product"}],"about":[{"href":"https:\/\/www.claret.cat\/es\/wp-json\/wp\/v2\/types\/product"}],"wp:featuredmedia":[{"embeddable":true,"href":"https:\/\/www.claret.cat\/es\/wp-json\/wp\/v2\/media\/304424"}],"wp:attachment":[{"href":"https:\/\/www.claret.cat\/es\/wp-json\/wp\/v2\/media?parent=304423"}],"wp:term":[{"taxonomy":"product_brand","embeddable":true,"href":"https:\/\/www.claret.cat\/es\/wp-json\/wp\/v2\/product_brand?post=304423"},{"taxonomy":"product_cat","embeddable":true,"href":"https:\/\/www.claret.cat\/es\/wp-json\/wp\/v2\/product_cat?post=304423"},{"taxonomy":"product_tag","embeddable":true,"href":"https:\/\/www.claret.cat\/es\/wp-json\/wp\/v2\/product_tag?post=304423"}],"curies":[{"name":"wp","href":"https:\/\/api.w.org\/{rel}","templated":true}]}}