{"id":304532,"date":"2022-12-16T05:03:58","date_gmt":"2022-12-16T04:03:58","guid":{"rendered":"http:\/\/dev.claret.cat\/llibre\/los-whatsapps-no-son-para-padres-9788420482262\/"},"modified":"2023-01-28T22:19:35","modified_gmt":"2023-01-28T21:19:35","slug":"los-whatsapps-no-son-para-padres-9788420482262","status":"publish","type":"product","link":"https:\/\/www.claret.cat\/es\/libro\/los-whatsapps-no-son-para-padres-9788420482262\/","title":{"rendered":"\u00a1LOS WHATSAPPS NO SON PARA PADRES!"},"content":{"rendered":"<p>Cuando los padres deciden descargarse Whatsapp&#8230; \u00a1empieza el infierno tecnol\u00f3gico de los hijos!Ana (hija): Qu\u00e9 bien mam\u00e1, bienvenida a Whatsapp!<br \/>Loli (madre): Estoy en casa. No he ido a ninguna parte. Qu\u00e9 tal  hace all\u00ed?<br \/>Ana (hija): D\u00f3nde?<br \/>Loli (madre): Pues en Whatsapp. All\u00ed tambi\u00e9n llueve??As\u00ed comienza el peor d\u00eda en las vidas de Ana y Kiko, los dos hermanos  protagonistas de esta historia, que viven pegados a sus m\u00f3viles de  \u00faltima generaci\u00f3n. Su madre, Loli, ha decidido empezar a utilizar  Whatsapp y, como no domina muy bien las tecnolog\u00edas, las conversaciones  con sus hijos no tardan en convertirse en un aut\u00e9ntico caos: se suceden  los malentendidos, equivocaciones de destinatario, autocorrectores con  vida propia&#8230; Y, adem\u00e1s de tener que explicarle cien veces c\u00f3mo quitar las may\u00fasculas o c\u00f3mo reenviar un mensaje, tendr\u00e1n que convencerla de que Kiko no est\u00e1 en una secta, sino en un grupo de m\u00fasica.Un sinf\u00edn de conversaciones divertidas, mensajes surrealistas, enredos, confusiones y meteduras de pata.En este libro cualquier parecido con la realidad es pura coincidencia. \u00a1Por grande que sea la coincidencia!<\/p>\n","protected":false},"excerpt":{"rendered":"<p>DESCONOCIDO<\/p>\n","protected":false},"featured_media":304533,"template":"","meta":{"_acf_changed":false,"om_disable_all_campaigns":false,"rs_blank_template":"","rs_page_bg_color":"","slide_template_v7":"","inline_featured_image":false,"_monsterinsights_skip_tracking":false,"_monsterinsights_sitenote_active":false,"_monsterinsights_sitenote_note":"","_monsterinsights_sitenote_category":0},"product_brand":[],"product_cat":[90,540],"product_tag":[],"class_list":{"0":"post-304532","1":"product","2":"type-product","3":"status-publish","4":"has-post-thumbnail","6":"product_cat-altres","7":"product_cat-otros","9":"first","10":"instock","11":"taxable","12":"shipping-taxable","13":"purchasable","14":"product-type-simple"},"acf":{"autor":"DESCONOCIDO","codart":"842048226","libros-coleccion":"","ediciones":"1","encuadernacion":"R\u00fastica","fecha_de_publicacion":"09\/02\/2016","novedad":"0","paginas":"247","subtitulo":"\u00a1Y MIRA QUE LO INTENTAN!","orden":"999","portada":"0","idioma":"spa","editorial":[{"ID":147392,"post_author":"3","post_date":"2022-10-14 11:50:13","post_date_gmt":"2022-10-14 09:50:13","post_content":"","post_title":"ALFAGUARA, EDITORIAL","post_excerpt":"","post_status":"publish","comment_status":"closed","ping_status":"closed","post_password":"","post_name":"alfaguara-editorial","to_ping":"","pinged":"","post_modified":"2022-10-14 11:50:13","post_modified_gmt":"2022-10-14 09:50:13","post_content_filtered":"","post_parent":0,"guid":"http:\/\/dev.claret.cat\/editorial\/alfaguara-editorial\/","menu_order":0,"post_type":"editorial","post_mime_type":"","comment_count":"0","filter":"raw"}],"autores-libros":[{"ID":154099,"post_author":"3","post_date":"2022-10-14 15:02:05","post_date_gmt":"2022-10-14 13:02:05","post_content":"","post_title":"DESCONOCIDO","post_excerpt":"","post_status":"publish","comment_status":"closed","ping_status":"closed","post_password":"","post_name":"desconocido","to_ping":"","pinged":"","post_modified":"2022-10-14 15:02:05","post_modified_gmt":"2022-10-14 13:02:05","post_content_filtered":"","post_parent":0,"guid":"http:\/\/dev.claret.cat\/autor\/desconocido\/","menu_order":0,"post_type":"autor","post_mime_type":"","comment_count":"0","filter":"raw"}]},"aioseo_notices":[],"_links":{"self":[{"href":"https:\/\/www.claret.cat\/es\/wp-json\/wp\/v2\/product\/304532","targetHints":{"allow":["GET"]}}],"collection":[{"href":"https:\/\/www.claret.cat\/es\/wp-json\/wp\/v2\/product"}],"about":[{"href":"https:\/\/www.claret.cat\/es\/wp-json\/wp\/v2\/types\/product"}],"wp:featuredmedia":[{"embeddable":true,"href":"https:\/\/www.claret.cat\/es\/wp-json\/wp\/v2\/media\/304533"}],"wp:attachment":[{"href":"https:\/\/www.claret.cat\/es\/wp-json\/wp\/v2\/media?parent=304532"}],"wp:term":[{"taxonomy":"product_brand","embeddable":true,"href":"https:\/\/www.claret.cat\/es\/wp-json\/wp\/v2\/product_brand?post=304532"},{"taxonomy":"product_cat","embeddable":true,"href":"https:\/\/www.claret.cat\/es\/wp-json\/wp\/v2\/product_cat?post=304532"},{"taxonomy":"product_tag","embeddable":true,"href":"https:\/\/www.claret.cat\/es\/wp-json\/wp\/v2\/product_tag?post=304532"}],"curies":[{"name":"wp","href":"https:\/\/api.w.org\/{rel}","templated":true}]}}