{"id":304556,"date":"2022-12-16T05:04:52","date_gmt":"2022-12-16T04:04:52","guid":{"rendered":"http:\/\/dev.claret.cat\/llibre\/75-consejos-para-ser-popular-75-consejos-6-9788420488127\/"},"modified":"2023-01-28T05:18:23","modified_gmt":"2023-01-28T04:18:23","slug":"75-consejos-para-ser-popular-75-consejos-6-9788420488127","status":"publish","type":"product","link":"https:\/\/www.claret.cat\/es\/libro\/75-consejos-para-ser-popular-75-consejos-6-9788420488127\/","title":{"rendered":"75 CONSEJOS PARA SER POPULAR (75 CONSEJOS 6)"},"content":{"rendered":"<p>\u00bfQuieres ser popular, mucho m\u00e1s popular? \u00bfA\u00fan no sabes c\u00f3mo? No te  preocupes m\u00e1s, la sexta entrega de \u00ab75 Consejos\u00bb, el DIARIO M\u00c1S TRONCHANTE jam\u00e1s escrito, es la clave.En 75 consejos para ser popular te cuento todo lo que hay que  hacer y todo lo que no hay que hacer (y todo lo que yo he hecho  y he dejado de hacer) para ser popular.Adem\u00e1s, este libro incluye el Manual definitivo para dominar las redes sociales, con 31 maravillosos consejos gratis para no ser un  margi o caer en la muerte social inmediata.Y no lo olvides: lo que subes permanece. T\u00fa morir\u00e1s y tus fotos seguir\u00e1n ah\u00ed.Venga, no esperes m\u00e1s: \u00a1empieza a leer!<\/p>\n","protected":false},"excerpt":{"rendered":"<p>FRISA, MARIA<\/p>\n","protected":false},"featured_media":304557,"template":"","meta":{"_acf_changed":false,"om_disable_all_campaigns":false,"rs_blank_template":"","rs_page_bg_color":"","slide_template_v7":"","inline_featured_image":false,"_monsterinsights_skip_tracking":false,"_monsterinsights_sitenote_active":false,"_monsterinsights_sitenote_note":"","_monsterinsights_sitenote_category":0},"product_brand":[],"product_cat":[86,352],"product_tag":[],"class_list":{"0":"post-304556","1":"product","2":"type-product","3":"status-publish","4":"has-post-thumbnail","6":"product_cat-infantil","7":"product_cat-infantil-3_infantil-juvenil-spa","9":"first","10":"instock","11":"taxable","12":"shipping-taxable","13":"purchasable","14":"product-type-simple"},"acf":{"autor":"FRISA, MARIA","codart":"842048812","libros-coleccion":"","ediciones":"1","encuadernacion":"Carton\u00e9","fecha_de_publicacion":"08\/03\/2016","novedad":"0","paginas":"240","subtitulo":"","orden":"999","portada":"0","idioma":"spa","editorial":[{"ID":147392,"post_author":"3","post_date":"2022-10-14 11:50:13","post_date_gmt":"2022-10-14 09:50:13","post_content":"","post_title":"ALFAGUARA, EDITORIAL","post_excerpt":"","post_status":"publish","comment_status":"closed","ping_status":"closed","post_password":"","post_name":"alfaguara-editorial","to_ping":"","pinged":"","post_modified":"2022-10-14 11:50:13","post_modified_gmt":"2022-10-14 09:50:13","post_content_filtered":"","post_parent":0,"guid":"http:\/\/dev.claret.cat\/editorial\/alfaguara-editorial\/","menu_order":0,"post_type":"editorial","post_mime_type":"","comment_count":"0","filter":"raw"}],"autores-libros":[{"ID":163623,"post_author":"3","post_date":"2022-10-14 17:40:31","post_date_gmt":"2022-10-14 15:40:31","post_content":"","post_title":"MAR\u00cdA FRISA","post_excerpt":"","post_status":"publish","comment_status":"closed","ping_status":"closed","post_password":"","post_name":"maria-frisa","to_ping":"","pinged":"","post_modified":"2022-10-14 17:40:31","post_modified_gmt":"2022-10-14 15:40:31","post_content_filtered":"","post_parent":0,"guid":"http:\/\/dev.claret.cat\/autor\/maria-frisa\/","menu_order":0,"post_type":"autor","post_mime_type":"","comment_count":"0","filter":"raw"}]},"aioseo_notices":[],"_links":{"self":[{"href":"https:\/\/www.claret.cat\/es\/wp-json\/wp\/v2\/product\/304556","targetHints":{"allow":["GET"]}}],"collection":[{"href":"https:\/\/www.claret.cat\/es\/wp-json\/wp\/v2\/product"}],"about":[{"href":"https:\/\/www.claret.cat\/es\/wp-json\/wp\/v2\/types\/product"}],"wp:featuredmedia":[{"embeddable":true,"href":"https:\/\/www.claret.cat\/es\/wp-json\/wp\/v2\/media\/304557"}],"wp:attachment":[{"href":"https:\/\/www.claret.cat\/es\/wp-json\/wp\/v2\/media?parent=304556"}],"wp:term":[{"taxonomy":"product_brand","embeddable":true,"href":"https:\/\/www.claret.cat\/es\/wp-json\/wp\/v2\/product_brand?post=304556"},{"taxonomy":"product_cat","embeddable":true,"href":"https:\/\/www.claret.cat\/es\/wp-json\/wp\/v2\/product_cat?post=304556"},{"taxonomy":"product_tag","embeddable":true,"href":"https:\/\/www.claret.cat\/es\/wp-json\/wp\/v2\/product_tag?post=304556"}],"curies":[{"name":"wp","href":"https:\/\/api.w.org\/{rel}","templated":true}]}}