{"id":304581,"date":"2022-12-16T05:05:54","date_gmt":"2022-12-16T04:05:54","guid":{"rendered":"http:\/\/dev.claret.cat\/llibre\/dublineses-842065342x\/"},"modified":"2023-01-28T04:08:56","modified_gmt":"2023-01-28T03:08:56","slug":"dublineses-842065342x","status":"publish","type":"product","link":"https:\/\/www.claret.cat\/es\/libro\/dublineses-842065342x\/","title":{"rendered":"DUBLINESES"},"content":{"rendered":"<p>Publicado en 1914, DUBLINESES es uno de los libros de relatos m\u00e1s unitarios y perfectos alumbrados por un autor. Pese a gravitar en su totalidad en torno a Dubl\u00edn y sus personajes enmarcados en un periodo hist\u00f3rico muy concreto (el que habr\u00eda de anteceder en breve a la independencia de la cat\u00f3lica Irlanda respecto al protestante Reino Unido, y sobre todo Inglaterra), James Joyce (1882-1941) muestra en los quince cuentos que integran la obra una sensibilidad y penetraci\u00f3n dif\u00edcilmente igualables a la hora de captar la naturaleza humana en sus distintas edades y condiciones, as\u00ed como en el laberinto de las relaciones personales y sociales. La impecable estructura del libro, que parte de las primeras experiencias infantiles para ir recorriendo el arco de la existencia humana, culmina en esa obra maestra que es el relato titulado \u00abLos muertos\u00bb, sin duda alguna una de las cumbres del g\u00e9nero.<\/p>\n","protected":false},"excerpt":{"rendered":"<p>JOYCE, JAMES<\/p>\n","protected":false},"featured_media":304582,"template":"","meta":{"_acf_changed":false,"om_disable_all_campaigns":false,"rs_blank_template":"","rs_page_bg_color":"","slide_template_v7":"","inline_featured_image":false,"_monsterinsights_skip_tracking":false,"_monsterinsights_sitenote_active":false,"_monsterinsights_sitenote_note":"","_monsterinsights_sitenote_category":0},"product_brand":[],"product_cat":[354,123],"product_tag":[],"class_list":{"0":"post-304581","1":"product","2":"type-product","3":"status-publish","4":"has-post-thumbnail","6":"product_cat-clasica","7":"product_cat-classica","9":"first","10":"instock","11":"taxable","12":"shipping-taxable","13":"purchasable","14":"product-type-simple"},"acf":{"autor":"JOYCE, JAMES","codart":"842065342","libros-coleccion":"Literatura","ediciones":"1","encuadernacion":"R\u00fastica","fecha_de_publicacion":"01\/06\/2011","novedad":"0","paginas":"276","subtitulo":"","orden":"999","portada":"0","idioma":"spa","editorial":[{"ID":147398,"post_author":"3","post_date":"2022-10-14 11:50:16","post_date_gmt":"2022-10-14 09:50:16","post_content":"","post_title":"ALIANZA EDITORIAL, S. A.","post_excerpt":"","post_status":"publish","comment_status":"closed","ping_status":"closed","post_password":"","post_name":"alianza-editorial-s-a","to_ping":"","pinged":"","post_modified":"2022-10-14 11:50:16","post_modified_gmt":"2022-10-14 09:50:16","post_content_filtered":"","post_parent":0,"guid":"http:\/\/dev.claret.cat\/editorial\/alianza-editorial-s-a\/","menu_order":0,"post_type":"editorial","post_mime_type":"","comment_count":"0","filter":"raw"}],"autores-libros":[{"ID":5567,"post_author":"3","post_date":"2022-07-28 17:26:45","post_date_gmt":"2022-07-28 15:26:45","post_content":"","post_title":"JAMES JOYCE","post_excerpt":"","post_status":"publish","comment_status":"closed","ping_status":"closed","post_password":"","post_name":"james-joyce","to_ping":"","pinged":"","post_modified":"2022-07-28 17:26:45","post_modified_gmt":"2022-07-28 15:26:45","post_content_filtered":"","post_parent":0,"guid":"http:\/\/dev.claret.cat\/autor\/james-joyce\/","menu_order":0,"post_type":"autor","post_mime_type":"","comment_count":"0","filter":"raw"}]},"aioseo_notices":[],"_links":{"self":[{"href":"https:\/\/www.claret.cat\/es\/wp-json\/wp\/v2\/product\/304581","targetHints":{"allow":["GET"]}}],"collection":[{"href":"https:\/\/www.claret.cat\/es\/wp-json\/wp\/v2\/product"}],"about":[{"href":"https:\/\/www.claret.cat\/es\/wp-json\/wp\/v2\/types\/product"}],"wp:featuredmedia":[{"embeddable":true,"href":"https:\/\/www.claret.cat\/es\/wp-json\/wp\/v2\/media\/304582"}],"wp:attachment":[{"href":"https:\/\/www.claret.cat\/es\/wp-json\/wp\/v2\/media?parent=304581"}],"wp:term":[{"taxonomy":"product_brand","embeddable":true,"href":"https:\/\/www.claret.cat\/es\/wp-json\/wp\/v2\/product_brand?post=304581"},{"taxonomy":"product_cat","embeddable":true,"href":"https:\/\/www.claret.cat\/es\/wp-json\/wp\/v2\/product_cat?post=304581"},{"taxonomy":"product_tag","embeddable":true,"href":"https:\/\/www.claret.cat\/es\/wp-json\/wp\/v2\/product_tag?post=304581"}],"curies":[{"name":"wp","href":"https:\/\/api.w.org\/{rel}","templated":true}]}}