{"id":304594,"date":"2022-12-16T05:06:29","date_gmt":"2022-12-16T04:06:29","guid":{"rendered":"http:\/\/dev.claret.cat\/llibre\/alicia-en-el-pais-de-las-maravillas-9788420664286\/"},"modified":"2025-12-22T10:55:07","modified_gmt":"2025-12-22T09:55:07","slug":"alicia-en-el-pais-de-las-maravillas-9788420664286","status":"publish","type":"product","link":"https:\/\/www.claret.cat\/es\/libro\/alicia-en-el-pais-de-las-maravillas-9788420664286\/","title":{"rendered":"ALICIA EN EL PA\u00cdS DE LAS MARAVILLAS"},"content":{"rendered":"<p>Escrito en 1865,  &quot; Alicia en el Pa\u00eds de las Maravillas &quot;  es una obra que con el correr del tiempo se ha liberado de su estrecho \u00e1mbito original, vinculado a la literatura juvenil, para convertirse en un cl\u00e1sico de la literatura. Popularizado por las decenas de versiones que de \u00e9l se han llevado a cabo, el relato que el reverendo Charles Dodgson, verdadero nombre de Lewis Carroll, escribiera para la ni\u00f1a Alicia Liddell, de diez a\u00f1os, es un delicioso entramado de situaciones veros\u00edmiles y absurdas, metamorfosis ins\u00f3litas de seres y ambientes, juegos con el lenguaje y con la l\u00f3gica y asociaciones on\u00edricas que hacen de \u00e9l un libro inolvidable que habr\u00eda de tener una secuela equiparable, cuando no superior, en  &quot; Alicia a trav\u00e9s del espejo &quot; .<\/p>\n","protected":false},"excerpt":{"rendered":"<p>CARROLL, LEWIS<\/p>\n","protected":false},"featured_media":304595,"template":"","meta":{"_acf_changed":false,"om_disable_all_campaigns":false,"rs_blank_template":"","rs_page_bg_color":"","slide_template_v7":"","inline_featured_image":false,"_monsterinsights_skip_tracking":false,"_monsterinsights_sitenote_active":false,"_monsterinsights_sitenote_note":"","_monsterinsights_sitenote_category":0},"product_brand":[],"product_cat":[87,353],"product_tag":[],"class_list":{"0":"post-304594","1":"product","2":"type-product","3":"status-publish","4":"has-post-thumbnail","6":"product_cat-literatura","7":"product_cat-literatura-2_humanidades","9":"first","10":"instock","11":"taxable","12":"shipping-taxable","13":"purchasable","14":"product-type-simple"},"acf":{"autor":"CARROLL, LEWIS","codart":"842066428","libros-coleccion":"FORA DE COL.LECCI\u00d3","ediciones":"1","encuadernacion":"R\u00fastica","fecha_de_publicacion":"01\/10\/2010","novedad":"1","paginas":"189","subtitulo":"","orden":"0","portada":"0","idioma":"spa","editorial":[{"ID":6119,"post_author":"3","post_date":"2022-07-28 17:45:18","post_date_gmt":"2022-07-28 15:45:18","post_content":"","post_title":"Alianza Editorial","post_excerpt":"","post_status":"publish","comment_status":"closed","ping_status":"closed","post_password":"","post_name":"alianza-editorial","to_ping":"","pinged":"","post_modified":"2022-07-28 17:45:18","post_modified_gmt":"2022-07-28 15:45:18","post_content_filtered":"","post_parent":0,"guid":"http:\/\/dev.claret.cat\/editorial\/alianza-editorial\/","menu_order":0,"post_type":"editorial","post_mime_type":"","comment_count":"0","filter":"raw"}],"autores-libros":[{"ID":162167,"post_author":"3","post_date":"2022-10-14 17:28:53","post_date_gmt":"2022-10-14 15:28:53","post_content":"","post_title":"LEWIS CARROLL","post_excerpt":"","post_status":"publish","comment_status":"closed","ping_status":"closed","post_password":"","post_name":"lewis-carroll","to_ping":"","pinged":"","post_modified":"2022-10-14 17:28:53","post_modified_gmt":"2022-10-14 15:28:53","post_content_filtered":"","post_parent":0,"guid":"http:\/\/dev.claret.cat\/autor\/lewis-carroll\/","menu_order":0,"post_type":"autor","post_mime_type":"","comment_count":"0","filter":"raw"}],"booktrailer":"","resenas":""},"aioseo_notices":[],"_links":{"self":[{"href":"https:\/\/www.claret.cat\/es\/wp-json\/wp\/v2\/product\/304594","targetHints":{"allow":["GET"]}}],"collection":[{"href":"https:\/\/www.claret.cat\/es\/wp-json\/wp\/v2\/product"}],"about":[{"href":"https:\/\/www.claret.cat\/es\/wp-json\/wp\/v2\/types\/product"}],"wp:featuredmedia":[{"embeddable":true,"href":"https:\/\/www.claret.cat\/es\/wp-json\/wp\/v2\/media\/304595"}],"wp:attachment":[{"href":"https:\/\/www.claret.cat\/es\/wp-json\/wp\/v2\/media?parent=304594"}],"wp:term":[{"taxonomy":"product_brand","embeddable":true,"href":"https:\/\/www.claret.cat\/es\/wp-json\/wp\/v2\/product_brand?post=304594"},{"taxonomy":"product_cat","embeddable":true,"href":"https:\/\/www.claret.cat\/es\/wp-json\/wp\/v2\/product_cat?post=304594"},{"taxonomy":"product_tag","embeddable":true,"href":"https:\/\/www.claret.cat\/es\/wp-json\/wp\/v2\/product_tag?post=304594"}],"curies":[{"name":"wp","href":"https:\/\/api.w.org\/{rel}","templated":true}]}}