{"id":304610,"date":"2022-12-16T05:07:08","date_gmt":"2022-12-16T04:07:08","guid":{"rendered":"http:\/\/dev.claret.cat\/llibre\/la-casa-de-bernarda-alba-9788420671765\/"},"modified":"2023-01-28T15:25:22","modified_gmt":"2023-01-28T14:25:22","slug":"la-casa-de-bernarda-alba-9788420671765","status":"publish","type":"product","link":"https:\/\/www.claret.cat\/es\/libro\/la-casa-de-bernarda-alba-9788420671765\/","title":{"rendered":"LA CASA DE BERNARDA ALBA"},"content":{"rendered":"<p>El asesinato de Federico Garc\u00eda Lorca (1898-1936) fij\u00f3 la imagen de  &quot; La casa de Bernarda Alba &quot;  como la obra m\u00e1xima de toda una dramaturgia. Con este drama en el que unos personajes y un espacio se encadenan con suprema maestr\u00eda a una pasi\u00f3n est\u00e9ril -el amor no conseguido- cuya liberaci\u00f3n sacrificial es la muerte, el poeta granadino lleg\u00f3, en efecto, a una cumbre similar a la alcanzada por las m\u00e1s grandes creaciones del teatro cl\u00e1sico y contempor\u00e1neo. Mario Hern\u00e1ndez fija rigurosamente en la presente edici\u00f3n el texto de esta tragedia en la que la tiran\u00eda de unas normas sociales opresoras, encarnadas en Bernarda Alba, sofoca de forma implacable el deseo y el ansia de libertad.<\/p>\n","protected":false},"excerpt":{"rendered":"<p>GARC\u00cdA LORCA, FEDERICO<\/p>\n","protected":false},"featured_media":304611,"template":"","meta":{"_acf_changed":false,"om_disable_all_campaigns":false,"rs_blank_template":"","rs_page_bg_color":"","slide_template_v7":"","inline_featured_image":false,"_monsterinsights_skip_tracking":false,"_monsterinsights_sitenote_active":false,"_monsterinsights_sitenote_note":"","_monsterinsights_sitenote_category":0},"product_brand":[],"product_cat":[87,353],"product_tag":[],"class_list":{"0":"post-304610","1":"product","2":"type-product","3":"status-publish","4":"has-post-thumbnail","6":"product_cat-literatura","7":"product_cat-literatura-2_humanidades","9":"first","10":"instock","11":"taxable","12":"shipping-taxable","13":"purchasable","14":"product-type-simple"},"acf":{"autor":"GARC\u00cdA LORCA, FEDERICO","codart":"842067176","libros-coleccion":"","ediciones":"1","encuadernacion":"R\u00fastica","fecha_de_publicacion":"01\/04\/2012","novedad":"0","paginas":"205","subtitulo":"DRAMA DE MUJERES EN LOS PUEBLOS DE ESPA\u00d1A","orden":"999","portada":"0","idioma":"spa","editorial":[{"ID":261789,"post_author":"3","post_date":"2022-10-24 11:15:52","post_date_gmt":"2022-10-24 09:15:52","post_content":"","post_title":"ALIANZA LITERARIA","post_excerpt":"","post_status":"publish","comment_status":"closed","ping_status":"closed","post_password":"","post_name":"alianza-literaria","to_ping":"","pinged":"","post_modified":"2022-10-24 11:15:52","post_modified_gmt":"2022-10-24 09:15:52","post_content_filtered":"","post_parent":0,"guid":"http:\/\/dev.claret.cat\/editorial\/alianza-literaria\/","menu_order":0,"post_type":"editorial","post_mime_type":"","comment_count":"0","filter":"raw"}],"autores-libros":[{"ID":155689,"post_author":"3","post_date":"2022-10-14 15:14:50","post_date_gmt":"2022-10-14 13:14:50","post_content":"","post_title":"FEDERICO GARC\u00cdA LORCA","post_excerpt":"","post_status":"publish","comment_status":"closed","ping_status":"closed","post_password":"","post_name":"federico-garcia-lorca","to_ping":"","pinged":"","post_modified":"2022-10-14 15:14:50","post_modified_gmt":"2022-10-14 13:14:50","post_content_filtered":"","post_parent":0,"guid":"http:\/\/dev.claret.cat\/autor\/federico-garcia-lorca\/","menu_order":0,"post_type":"autor","post_mime_type":"","comment_count":"0","filter":"raw"}]},"aioseo_notices":[],"_links":{"self":[{"href":"https:\/\/www.claret.cat\/es\/wp-json\/wp\/v2\/product\/304610","targetHints":{"allow":["GET"]}}],"collection":[{"href":"https:\/\/www.claret.cat\/es\/wp-json\/wp\/v2\/product"}],"about":[{"href":"https:\/\/www.claret.cat\/es\/wp-json\/wp\/v2\/types\/product"}],"wp:featuredmedia":[{"embeddable":true,"href":"https:\/\/www.claret.cat\/es\/wp-json\/wp\/v2\/media\/304611"}],"wp:attachment":[{"href":"https:\/\/www.claret.cat\/es\/wp-json\/wp\/v2\/media?parent=304610"}],"wp:term":[{"taxonomy":"product_brand","embeddable":true,"href":"https:\/\/www.claret.cat\/es\/wp-json\/wp\/v2\/product_brand?post=304610"},{"taxonomy":"product_cat","embeddable":true,"href":"https:\/\/www.claret.cat\/es\/wp-json\/wp\/v2\/product_cat?post=304610"},{"taxonomy":"product_tag","embeddable":true,"href":"https:\/\/www.claret.cat\/es\/wp-json\/wp\/v2\/product_tag?post=304610"}],"curies":[{"name":"wp","href":"https:\/\/api.w.org\/{rel}","templated":true}]}}