{"id":304672,"date":"2022-12-16T05:09:46","date_gmt":"2022-12-16T04:09:46","guid":{"rendered":"http:\/\/dev.claret.cat\/llibre\/fuente-ovejuna-biblioteca-didactica-anaya-842072633\/"},"modified":"2023-01-28T07:19:58","modified_gmt":"2023-01-28T06:19:58","slug":"fuente-ovejuna-biblioteca-didactica-anaya-842072633","status":"publish","type":"product","link":"https:\/\/www.claret.cat\/es\/libro\/fuente-ovejuna-biblioteca-didactica-anaya-842072633\/","title":{"rendered":"FUENTE OVEJUNA -BIBLIOTECA DIDACTICA ANAYA"},"content":{"rendered":"<p>De la mil ochocientas comedias que se atribuyen a Lope de Vega se han conservado unas quinientas. Entre las m\u00e1s importantes destaca &#8216;Fuente Ovejuna&#8217;, la que goza de m\u00e1s popularidad en la actualidad, por su admirable fusi\u00f3n del plano general con las tensiones pol\u00edticas y sociales de un per\u00edodo de la historia de Espa\u00f1a y del plano particular de opresi\u00f3n y violencia desatadas entre las gentes de una villa. De todo ello da buena cuenta la cuidada edici\u00f3n de Juan Jos\u00e9 Amate Blanco, con su precisa exposici\u00f3n introductoria de los tipos del teatro lopesco, sus ajustadas notas y comentarios de los momentos culminantes de la obra y su explicaci\u00f3n final de los elementos tem\u00e1ticos y formales de este inolvidable drama del poder injusto.<\/p>\n","protected":false},"excerpt":{"rendered":"<p>LOPE DE VEGA, FELIX<\/p>\n","protected":false},"featured_media":304673,"template":"","meta":{"_acf_changed":false,"om_disable_all_campaigns":false,"rs_blank_template":"","rs_page_bg_color":"","slide_template_v7":"","inline_featured_image":false,"_monsterinsights_skip_tracking":false,"_monsterinsights_sitenote_active":false,"_monsterinsights_sitenote_note":"","_monsterinsights_sitenote_category":0},"product_brand":[],"product_cat":[87,353],"product_tag":[],"class_list":{"0":"post-304672","1":"product","2":"type-product","3":"status-publish","4":"has-post-thumbnail","6":"product_cat-literatura","7":"product_cat-literatura-2_humanidades","9":"first","10":"instock","11":"taxable","12":"shipping-taxable","13":"purchasable","14":"product-type-simple"},"acf":{"autor":"LOPE DE VEGA, FELIX","codart":"842072633","libros-coleccion":"FORA DE COL.LECCI\u00d3","ediciones":"1","encuadernacion":"[Vac\u00edo]","fecha_de_publicacion":"01\/01\/1985","novedad":"0","paginas":"160","subtitulo":"","orden":"999","portada":"0","idioma":"spa","editorial":[{"ID":261811,"post_author":"3","post_date":"2022-10-24 11:16:09","post_date_gmt":"2022-10-24 09:16:09","post_content":"","post_title":"ANAYA, S.A.","post_excerpt":"","post_status":"publish","comment_status":"closed","ping_status":"closed","post_password":"","post_name":"anaya-s-a-2","to_ping":"","pinged":"","post_modified":"2022-10-24 11:16:09","post_modified_gmt":"2022-10-24 09:16:09","post_content_filtered":"","post_parent":0,"guid":"http:\/\/dev.claret.cat\/editorial\/anaya-s-a-2\/","menu_order":0,"post_type":"editorial","post_mime_type":"","comment_count":"0","filter":"raw"}],"autores-libros":[{"ID":155736,"post_author":"3","post_date":"2022-10-14 15:15:13","post_date_gmt":"2022-10-14 13:15:13","post_content":"","post_title":"FELIX LOPE DE VEGA","post_excerpt":"","post_status":"publish","comment_status":"closed","ping_status":"closed","post_password":"","post_name":"felix-lope-de-vega","to_ping":"","pinged":"","post_modified":"2022-10-14 15:15:13","post_modified_gmt":"2022-10-14 13:15:13","post_content_filtered":"","post_parent":0,"guid":"http:\/\/dev.claret.cat\/autor\/felix-lope-de-vega\/","menu_order":0,"post_type":"autor","post_mime_type":"","comment_count":"0","filter":"raw"}]},"aioseo_notices":[],"_links":{"self":[{"href":"https:\/\/www.claret.cat\/es\/wp-json\/wp\/v2\/product\/304672","targetHints":{"allow":["GET"]}}],"collection":[{"href":"https:\/\/www.claret.cat\/es\/wp-json\/wp\/v2\/product"}],"about":[{"href":"https:\/\/www.claret.cat\/es\/wp-json\/wp\/v2\/types\/product"}],"wp:featuredmedia":[{"embeddable":true,"href":"https:\/\/www.claret.cat\/es\/wp-json\/wp\/v2\/media\/304673"}],"wp:attachment":[{"href":"https:\/\/www.claret.cat\/es\/wp-json\/wp\/v2\/media?parent=304672"}],"wp:term":[{"taxonomy":"product_brand","embeddable":true,"href":"https:\/\/www.claret.cat\/es\/wp-json\/wp\/v2\/product_brand?post=304672"},{"taxonomy":"product_cat","embeddable":true,"href":"https:\/\/www.claret.cat\/es\/wp-json\/wp\/v2\/product_cat?post=304672"},{"taxonomy":"product_tag","embeddable":true,"href":"https:\/\/www.claret.cat\/es\/wp-json\/wp\/v2\/product_tag?post=304672"}],"curies":[{"name":"wp","href":"https:\/\/api.w.org\/{rel}","templated":true}]}}