{"id":304675,"date":"2022-12-16T05:09:54","date_gmt":"2022-12-16T04:09:54","guid":{"rendered":"http:\/\/dev.claret.cat\/llibre\/celestina-la-biblioteca-didactica-anaya-842072667\/"},"modified":"2023-01-28T18:07:36","modified_gmt":"2023-01-28T17:07:36","slug":"celestina-la-biblioteca-didactica-anaya-842072667","status":"publish","type":"product","link":"https:\/\/www.claret.cat\/es\/libro\/celestina-la-biblioteca-didactica-anaya-842072667\/","title":{"rendered":"CELESTINA, LA -BIBLIOTECA DIDACTICA ANAYA"},"content":{"rendered":"<p>&#8216;La Celestina&#8217; es una de las obras m\u00e1s complejas de toda nuestra literatura cl\u00e1sica. Su \u00e9xito inmediato produjo la sucesi\u00f3n ininterrumpida de ediciones y la pronta traducci\u00f3n a otras lenguas a principios del siglo XVI (italiano, alem\u00e1n, franc\u00e9s). Si &#8216;La Celestina&#8217; ha podido convertirse en una genial aportaci\u00f3n de la literatura espa\u00f1ola a la literatura universal, ha sido porque retrata pasiones humanas elementales y no ha perdido nunca actualidad. Al margen del envoltorio ling\u00fc\u00edstico, al margen de los cambios en lo exterior, al margen incluso de la intenci\u00f3n del autor, los seres humanos comprendemos a trav\u00e9s de ella lo m\u00e1s \u00edntimo de nuestras debilidades, que son las mismas que hace quinientos a\u00f1os. E igual que entonces, podemos decir con Celestina: ?Y todo por vivir?.<\/p>\n","protected":false},"excerpt":{"rendered":"<p>ROJAS, FERNANDO DE<\/p>\n","protected":false},"featured_media":304676,"template":"","meta":{"_acf_changed":false,"om_disable_all_campaigns":false,"rs_blank_template":"","rs_page_bg_color":"","slide_template_v7":"","inline_featured_image":false,"_monsterinsights_skip_tracking":false,"_monsterinsights_sitenote_active":false,"_monsterinsights_sitenote_note":"","_monsterinsights_sitenote_category":0},"product_brand":[],"product_cat":[87,353],"product_tag":[],"class_list":{"0":"post-304675","1":"product","2":"type-product","3":"status-publish","4":"has-post-thumbnail","6":"product_cat-literatura","7":"product_cat-literatura-2_humanidades","9":"first","10":"instock","11":"taxable","12":"shipping-taxable","13":"purchasable","14":"product-type-simple"},"acf":{"autor":"ROJAS, FERNANDO DE","codart":"842072667","libros-coleccion":"FORA DE COL.LECCI\u00d3","ediciones":"91","encuadernacion":"[Vac\u00edo]","fecha_de_publicacion":"01\/01\/1997","novedad":"0","paginas":"384","subtitulo":"","orden":"999","portada":"0","idioma":"spa","editorial":[{"ID":261811,"post_author":"3","post_date":"2022-10-24 11:16:09","post_date_gmt":"2022-10-24 09:16:09","post_content":"","post_title":"ANAYA, S.A.","post_excerpt":"","post_status":"publish","comment_status":"closed","ping_status":"closed","post_password":"","post_name":"anaya-s-a-2","to_ping":"","pinged":"","post_modified":"2022-10-24 11:16:09","post_modified_gmt":"2022-10-24 09:16:09","post_content_filtered":"","post_parent":0,"guid":"http:\/\/dev.claret.cat\/editorial\/anaya-s-a-2\/","menu_order":0,"post_type":"editorial","post_mime_type":"","comment_count":"0","filter":"raw"}],"autores-libros":[{"ID":155811,"post_author":"3","post_date":"2022-10-14 15:15:49","post_date_gmt":"2022-10-14 13:15:49","post_content":"","post_title":"FERNANDO DE ROJAS","post_excerpt":"","post_status":"publish","comment_status":"closed","ping_status":"closed","post_password":"","post_name":"fernando-de-rojas","to_ping":"","pinged":"","post_modified":"2022-10-14 15:15:49","post_modified_gmt":"2022-10-14 13:15:49","post_content_filtered":"","post_parent":0,"guid":"http:\/\/dev.claret.cat\/autor\/fernando-de-rojas\/","menu_order":0,"post_type":"autor","post_mime_type":"","comment_count":"0","filter":"raw"}]},"aioseo_notices":[],"_links":{"self":[{"href":"https:\/\/www.claret.cat\/es\/wp-json\/wp\/v2\/product\/304675","targetHints":{"allow":["GET"]}}],"collection":[{"href":"https:\/\/www.claret.cat\/es\/wp-json\/wp\/v2\/product"}],"about":[{"href":"https:\/\/www.claret.cat\/es\/wp-json\/wp\/v2\/types\/product"}],"wp:featuredmedia":[{"embeddable":true,"href":"https:\/\/www.claret.cat\/es\/wp-json\/wp\/v2\/media\/304676"}],"wp:attachment":[{"href":"https:\/\/www.claret.cat\/es\/wp-json\/wp\/v2\/media?parent=304675"}],"wp:term":[{"taxonomy":"product_brand","embeddable":true,"href":"https:\/\/www.claret.cat\/es\/wp-json\/wp\/v2\/product_brand?post=304675"},{"taxonomy":"product_cat","embeddable":true,"href":"https:\/\/www.claret.cat\/es\/wp-json\/wp\/v2\/product_cat?post=304675"},{"taxonomy":"product_tag","embeddable":true,"href":"https:\/\/www.claret.cat\/es\/wp-json\/wp\/v2\/product_tag?post=304675"}],"curies":[{"name":"wp","href":"https:\/\/api.w.org\/{rel}","templated":true}]}}