{"id":304678,"date":"2022-12-16T05:10:02","date_gmt":"2022-12-16T04:10:02","guid":{"rendered":"http:\/\/dev.claret.cat\/llibre\/don-quijote-de-la-mancha-biblioteca-didactica-anaya-842072794\/"},"modified":"2023-01-28T20:56:02","modified_gmt":"2023-01-28T19:56:02","slug":"don-quijote-de-la-mancha-biblioteca-didactica-anaya-842072794","status":"publish","type":"product","link":"https:\/\/www.claret.cat\/es\/libro\/don-quijote-de-la-mancha-biblioteca-didactica-anaya-842072794\/","title":{"rendered":"DON QUIJOTE DE LA MANCHA -BIBLIOTECA DIDACTICA ANAYA"},"content":{"rendered":"<p>Esta edici\u00f3n del Quijote ha sido cuidadosamente preparada por \u00c1ngel Basanta en un texto \u00edntegro y modernizado en su ortograf\u00eda y puntuaci\u00f3n sin traicionar la lengua de los Siglos de Oro. En el volumen I se edita El ingenioso hidalgo don Quijote de la Mancha, primera parte de la novela, con las notas l\u00e9xicas necesarias y numerosas explicaciones de referencias hist\u00f3ricas, geogr\u00e1ficas, mitol\u00f3gicas y de temas, estructura, t\u00e9cnica y estilo. En ellas se presta especial atenci\u00f3n al componente l\u00fadico de la novela, seg\u00fan la interpretaci\u00f3n \u00faltimamente representada por Torrente Ballester. Una medida introducci\u00f3n nos acerca a la historia y a la literatura espa\u00f1ola en tiempos de Cervantes.<\/p>\n","protected":false},"excerpt":{"rendered":"<p>CERVANTES, MIGUEL DE<\/p>\n","protected":false},"featured_media":304679,"template":"","meta":{"_acf_changed":false,"om_disable_all_campaigns":false,"rs_blank_template":"","rs_page_bg_color":"","slide_template_v7":"","inline_featured_image":false,"_monsterinsights_skip_tracking":false,"_monsterinsights_sitenote_active":false,"_monsterinsights_sitenote_note":"","_monsterinsights_sitenote_category":0},"product_brand":[],"product_cat":[87,353],"product_tag":[],"class_list":{"0":"post-304678","1":"product","2":"type-product","3":"status-publish","4":"has-post-thumbnail","6":"product_cat-literatura","7":"product_cat-literatura-2_humanidades","9":"first","10":"instock","11":"taxable","12":"shipping-taxable","13":"purchasable","14":"product-type-simple"},"acf":{"autor":"CERVANTES, MIGUEL DE","codart":"842072794","libros-coleccion":"FORA DE COL.LECCI\u00d3","ediciones":"1","encuadernacion":"R\u00fastica","fecha_de_publicacion":"01\/01\/1999","novedad":"0","paginas":"800","subtitulo":"","orden":"999","portada":"0","idioma":"spa","editorial":[{"ID":261811,"post_author":"3","post_date":"2022-10-24 11:16:09","post_date_gmt":"2022-10-24 09:16:09","post_content":"","post_title":"ANAYA, S.A.","post_excerpt":"","post_status":"publish","comment_status":"closed","ping_status":"closed","post_password":"","post_name":"anaya-s-a-2","to_ping":"","pinged":"","post_modified":"2022-10-24 11:16:09","post_modified_gmt":"2022-10-24 09:16:09","post_content_filtered":"","post_parent":0,"guid":"http:\/\/dev.claret.cat\/editorial\/anaya-s-a-2\/","menu_order":0,"post_type":"editorial","post_mime_type":"","comment_count":"0","filter":"raw"}],"autores-libros":[{"ID":164978,"post_author":"3","post_date":"2022-10-14 17:51:25","post_date_gmt":"2022-10-14 15:51:25","post_content":"","post_title":"MIGUEL DE CERVANTES","post_excerpt":"","post_status":"publish","comment_status":"closed","ping_status":"closed","post_password":"","post_name":"miguel-de-cervantes","to_ping":"","pinged":"","post_modified":"2022-10-14 17:51:25","post_modified_gmt":"2022-10-14 15:51:25","post_content_filtered":"","post_parent":0,"guid":"http:\/\/dev.claret.cat\/autor\/miguel-de-cervantes\/","menu_order":0,"post_type":"autor","post_mime_type":"","comment_count":"0","filter":"raw"}]},"aioseo_notices":[],"_links":{"self":[{"href":"https:\/\/www.claret.cat\/es\/wp-json\/wp\/v2\/product\/304678","targetHints":{"allow":["GET"]}}],"collection":[{"href":"https:\/\/www.claret.cat\/es\/wp-json\/wp\/v2\/product"}],"about":[{"href":"https:\/\/www.claret.cat\/es\/wp-json\/wp\/v2\/types\/product"}],"wp:featuredmedia":[{"embeddable":true,"href":"https:\/\/www.claret.cat\/es\/wp-json\/wp\/v2\/media\/304679"}],"wp:attachment":[{"href":"https:\/\/www.claret.cat\/es\/wp-json\/wp\/v2\/media?parent=304678"}],"wp:term":[{"taxonomy":"product_brand","embeddable":true,"href":"https:\/\/www.claret.cat\/es\/wp-json\/wp\/v2\/product_brand?post=304678"},{"taxonomy":"product_cat","embeddable":true,"href":"https:\/\/www.claret.cat\/es\/wp-json\/wp\/v2\/product_cat?post=304678"},{"taxonomy":"product_tag","embeddable":true,"href":"https:\/\/www.claret.cat\/es\/wp-json\/wp\/v2\/product_tag?post=304678"}],"curies":[{"name":"wp","href":"https:\/\/api.w.org\/{rel}","templated":true}]}}