{"id":304681,"date":"2022-12-16T05:10:10","date_gmt":"2022-12-16T04:10:10","guid":{"rendered":"http:\/\/dev.claret.cat\/llibre\/don-quijote-de-la-mancha-ii-biblioteca-didactica-anaya-842072795\/"},"modified":"2025-01-07T19:30:22","modified_gmt":"2025-01-07T18:30:22","slug":"don-quijote-de-la-mancha-ii-biblioteca-didactica-anaya-9788420727950","status":"publish","type":"product","link":"https:\/\/www.claret.cat\/es\/libro\/don-quijote-de-la-mancha-ii-biblioteca-didactica-anaya-9788420727950\/","title":{"rendered":"DON QUIJOTE DE LA MANCHA, II -BIBLIOTECA DIDACTICA ANAYA"},"content":{"rendered":"<p>En el volumen II se edita, con id\u00e9ntico criterio did\u00e1ctico, El ingenioso caballero don Quijote de la Mancha, segunda parte de la novela cervantina. Si la primera parte, con sus narraciones intercaladas y sus m\u00faltiples episodios, rinde culto a la po\u00e9tica renacentista de la variedad, la continuaci\u00f3n de la novela resulta m\u00e1s barroca y m\u00e1s pesimista. Y, para hacer valer su probada maestr\u00eda en el g\u00e9nero por \u00e9l inventado, Cervantes ya se basta consigo mismo, prodigando referencias y alusiones a las dos primeras salidas de don Quijote en la primera parte y anudando ahora en la segunda cuanto hab\u00eda anunciado o sugerido antes, hasta completar su magistral desnudamiento de almas en una asombrosa panor\u00e1mica de la Espa\u00f1a de su tiempo.<\/p>\n","protected":false},"excerpt":{"rendered":"<p>CERVANTES, MIGUEL DE<\/p>\n","protected":false},"featured_media":997743,"template":"","meta":{"_acf_changed":false,"om_disable_all_campaigns":false,"rs_blank_template":"","rs_page_bg_color":"","slide_template_v7":"","inline_featured_image":false,"_monsterinsights_skip_tracking":false,"_monsterinsights_sitenote_active":false,"_monsterinsights_sitenote_note":"","_monsterinsights_sitenote_category":0},"product_brand":[],"product_cat":[87,353],"product_tag":[],"class_list":{"0":"post-304681","1":"product","2":"type-product","3":"status-publish","4":"has-post-thumbnail","6":"product_cat-literatura","7":"product_cat-literatura-2_humanidades","9":"first","10":"outofstock","11":"taxable","12":"shipping-taxable","13":"purchasable","14":"product-type-simple"},"acf":{"autor":"CERVANTES, MIGUEL DE","codart":"842072795","libros-coleccion":"FORA DE COL.LECCI\u00d3","ediciones":"1","encuadernacion":"R\u00fastica","fecha_de_publicacion":"01\/01\/2000","novedad":"0","paginas":"902","subtitulo":"","orden":"999","portada":"0","idioma":"spa","editorial":[{"ID":261811,"post_author":"3","post_date":"2022-10-24 11:16:09","post_date_gmt":"2022-10-24 09:16:09","post_content":"","post_title":"ANAYA, S.A.","post_excerpt":"","post_status":"publish","comment_status":"closed","ping_status":"closed","post_password":"","post_name":"anaya-s-a-2","to_ping":"","pinged":"","post_modified":"2022-10-24 11:16:09","post_modified_gmt":"2022-10-24 09:16:09","post_content_filtered":"","post_parent":0,"guid":"http:\/\/dev.claret.cat\/editorial\/anaya-s-a-2\/","menu_order":0,"post_type":"editorial","post_mime_type":"","comment_count":"0","filter":"raw"}],"autores-libros":[{"ID":164978,"post_author":"3","post_date":"2022-10-14 17:51:25","post_date_gmt":"2022-10-14 15:51:25","post_content":"","post_title":"MIGUEL DE CERVANTES","post_excerpt":"","post_status":"publish","comment_status":"closed","ping_status":"closed","post_password":"","post_name":"miguel-de-cervantes","to_ping":"","pinged":"","post_modified":"2022-10-14 17:51:25","post_modified_gmt":"2022-10-14 15:51:25","post_content_filtered":"","post_parent":0,"guid":"http:\/\/dev.claret.cat\/autor\/miguel-de-cervantes\/","menu_order":0,"post_type":"autor","post_mime_type":"","comment_count":"0","filter":"raw"}]},"aioseo_notices":[],"_links":{"self":[{"href":"https:\/\/www.claret.cat\/es\/wp-json\/wp\/v2\/product\/304681","targetHints":{"allow":["GET"]}}],"collection":[{"href":"https:\/\/www.claret.cat\/es\/wp-json\/wp\/v2\/product"}],"about":[{"href":"https:\/\/www.claret.cat\/es\/wp-json\/wp\/v2\/types\/product"}],"wp:featuredmedia":[{"embeddable":true,"href":"https:\/\/www.claret.cat\/es\/wp-json\/wp\/v2\/media\/997743"}],"wp:attachment":[{"href":"https:\/\/www.claret.cat\/es\/wp-json\/wp\/v2\/media?parent=304681"}],"wp:term":[{"taxonomy":"product_brand","embeddable":true,"href":"https:\/\/www.claret.cat\/es\/wp-json\/wp\/v2\/product_brand?post=304681"},{"taxonomy":"product_cat","embeddable":true,"href":"https:\/\/www.claret.cat\/es\/wp-json\/wp\/v2\/product_cat?post=304681"},{"taxonomy":"product_tag","embeddable":true,"href":"https:\/\/www.claret.cat\/es\/wp-json\/wp\/v2\/product_tag?post=304681"}],"curies":[{"name":"wp","href":"https:\/\/api.w.org\/{rel}","templated":true}]}}