{"id":304773,"date":"2022-12-16T05:14:16","date_gmt":"2022-12-16T04:14:16","guid":{"rendered":"http:\/\/dev.claret.cat\/llibre\/san-jose-patriarca-del-padre-de-dios-842100489\/"},"modified":"2023-01-28T17:39:03","modified_gmt":"2023-01-28T16:39:03","slug":"san-jose-patriarca-del-padre-de-dios-842100489","status":"publish","type":"product","link":"https:\/\/www.claret.cat\/es\/libro\/san-jose-patriarca-del-padre-de-dios-842100489\/","title":{"rendered":"SAN JOSE PATRIARCA DEL PADRE DE DIOS"},"content":{"rendered":"<p>Siguiendo las huellas de santa Teresa y el pensamiento teol\u00f3gico de Su\u00e1rez, el doctor Canals trata de superar la visi\u00f3n de san Jos\u00e9 que tiende a presentarlo simplemente como esposo de Mar\u00eda y muestra la funci\u00f3n eminentemente positiva y directa que ejerci\u00f3 en su solicitud paternal sobre Jes\u00fas.<\/p>\n","protected":false},"excerpt":{"rendered":"<p>CANALS VIDAL, FRANCISCO<\/p>\n","protected":false},"featured_media":304774,"template":"","meta":{"_acf_changed":false,"om_disable_all_campaigns":false,"rs_blank_template":"","rs_page_bg_color":"","slide_template_v7":"","inline_featured_image":false,"_monsterinsights_skip_tracking":false,"_monsterinsights_sitenote_active":false,"_monsterinsights_sitenote_note":"","_monsterinsights_sitenote_category":0},"product_brand":[],"product_cat":[90,540],"product_tag":[],"class_list":{"0":"post-304773","1":"product","2":"type-product","3":"status-publish","4":"has-post-thumbnail","6":"product_cat-altres","7":"product_cat-otros","9":"first","10":"instock","11":"taxable","12":"shipping-taxable","13":"purchasable","14":"product-type-simple"},"acf":{"autor":"CANALS VIDAL, FRANCISCO","codart":"842100489","libros-coleccion":"FORA DE COL.LECCI\u00d3","ediciones":"1","encuadernacion":"R\u00fastica","fecha_de_publicacion":"01\/12\/1994","novedad":"0","paginas":"0","subtitulo":"","orden":"999","portada":"0","idioma":"spa","editorial":[{"ID":6140,"post_author":"3","post_date":"2022-07-28 17:45:45","post_date_gmt":"2022-07-28 15:45:45","post_content":"","post_title":"BALMES, EDITORIAL","post_excerpt":"","post_status":"publish","comment_status":"closed","ping_status":"closed","post_password":"","post_name":"balmes-editorial","to_ping":"","pinged":"","post_modified":"2022-07-28 17:45:45","post_modified_gmt":"2022-07-28 15:45:45","post_content_filtered":"","post_parent":0,"guid":"http:\/\/dev.claret.cat\/editorial\/balmes-editorial\/","menu_order":0,"post_type":"editorial","post_mime_type":"","comment_count":"0","filter":"raw"}],"autores-libros":[{"ID":156220,"post_author":"3","post_date":"2022-10-14 15:19:04","post_date_gmt":"2022-10-14 13:19:04","post_content":"","post_title":"FRANCISCO CANALS VIDAL","post_excerpt":"","post_status":"publish","comment_status":"closed","ping_status":"closed","post_password":"","post_name":"francisco-canals-vidal","to_ping":"","pinged":"","post_modified":"2022-10-14 15:19:04","post_modified_gmt":"2022-10-14 13:19:04","post_content_filtered":"","post_parent":0,"guid":"http:\/\/dev.claret.cat\/autor\/francisco-canals-vidal\/","menu_order":0,"post_type":"autor","post_mime_type":"","comment_count":"0","filter":"raw"}]},"aioseo_notices":[],"_links":{"self":[{"href":"https:\/\/www.claret.cat\/es\/wp-json\/wp\/v2\/product\/304773","targetHints":{"allow":["GET"]}}],"collection":[{"href":"https:\/\/www.claret.cat\/es\/wp-json\/wp\/v2\/product"}],"about":[{"href":"https:\/\/www.claret.cat\/es\/wp-json\/wp\/v2\/types\/product"}],"wp:featuredmedia":[{"embeddable":true,"href":"https:\/\/www.claret.cat\/es\/wp-json\/wp\/v2\/media\/304774"}],"wp:attachment":[{"href":"https:\/\/www.claret.cat\/es\/wp-json\/wp\/v2\/media?parent=304773"}],"wp:term":[{"taxonomy":"product_brand","embeddable":true,"href":"https:\/\/www.claret.cat\/es\/wp-json\/wp\/v2\/product_brand?post=304773"},{"taxonomy":"product_cat","embeddable":true,"href":"https:\/\/www.claret.cat\/es\/wp-json\/wp\/v2\/product_cat?post=304773"},{"taxonomy":"product_tag","embeddable":true,"href":"https:\/\/www.claret.cat\/es\/wp-json\/wp\/v2\/product_tag?post=304773"}],"curies":[{"name":"wp","href":"https:\/\/api.w.org\/{rel}","templated":true}]}}