{"id":304826,"date":"2022-12-16T05:16:34","date_gmt":"2022-12-16T04:16:34","guid":{"rendered":"http:\/\/dev.claret.cat\/llibre\/mago-por-casualidad-9788421672693\/"},"modified":"2023-01-28T16:15:17","modified_gmt":"2023-01-28T15:15:17","slug":"mago-por-casualidad-9788421672693","status":"publish","type":"product","link":"https:\/\/www.claret.cat\/es\/libro\/mago-por-casualidad-9788421672693\/","title":{"rendered":"MAGO POR CASUALIDAD"},"content":{"rendered":"<p>Hab\u00eda una vez un reino de fantas\u00eda con hadas, dragones, caballeros y todas esas cosas que tienen los reinos de fantas\u00eda. Tambi\u00e9n hab\u00eda una ciudad grande a la que se llegaba por un camino, y junto a ese camino estaba la posada del Ogro Gordo. En ella trabaja como mozo el joven Rat\u00f3n, que un d\u00eda recibe por accidente los poderes del malvado mago Calderaus&#8230; Unos poderes que no sabe usar&#8230; y que el mago quiere a toda costa recuperar. Para lograrlo ambos inician un delirante viaje en el que conocer\u00e1n a toda una serie de personajes extravagantes y vivir\u00e1n emocionantes aventuras repletas de humor.<\/p>\n<p>Un apasionante relato que transcurre en un sugerente mundo de fantas\u00eda.<\/p>\n","protected":false},"excerpt":{"rendered":"<p>GALLEGO, LAURA<\/p>\n","protected":false},"featured_media":304827,"template":"","meta":{"_acf_changed":false,"om_disable_all_campaigns":false,"rs_blank_template":"","rs_page_bg_color":"","slide_template_v7":"","inline_featured_image":false,"_monsterinsights_skip_tracking":false,"_monsterinsights_sitenote_active":false,"_monsterinsights_sitenote_note":"","_monsterinsights_sitenote_category":0},"product_brand":[],"product_cat":[86,352],"product_tag":[],"class_list":{"0":"post-304826","1":"product","2":"type-product","3":"status-publish","4":"has-post-thumbnail","6":"product_cat-infantil","7":"product_cat-infantil-3_infantil-juvenil-spa","9":"first","10":"instock","11":"taxable","12":"shipping-taxable","13":"purchasable","14":"product-type-simple"},"acf":{"autor":"GALLEGO, LAURA","codart":"842167269","libros-coleccion":"","ediciones":"1","encuadernacion":"Carton\u00e9","fecha_de_publicacion":"01\/04\/2012","novedad":"0","paginas":"192","subtitulo":"","orden":"999","portada":"0","idioma":"spa","editorial":[{"ID":261873,"post_author":"3","post_date":"2022-10-24 11:16:57","post_date_gmt":"2022-10-24 09:16:57","post_content":"","post_title":"BRU\u00d1O, EDITORIAL","post_excerpt":"","post_status":"publish","comment_status":"closed","ping_status":"closed","post_password":"","post_name":"bruno-editorial","to_ping":"","pinged":"","post_modified":"2022-10-24 11:16:57","post_modified_gmt":"2022-10-24 09:16:57","post_content_filtered":"","post_parent":0,"guid":"http:\/\/dev.claret.cat\/editorial\/bruno-editorial\/","menu_order":0,"post_type":"editorial","post_mime_type":"","comment_count":"0","filter":"raw"}],"autores-libros":[{"ID":161948,"post_author":"3","post_date":"2022-10-14 17:27:09","post_date_gmt":"2022-10-14 15:27:09","post_content":"","post_title":"LAURA GALLEGO","post_excerpt":"","post_status":"publish","comment_status":"closed","ping_status":"closed","post_password":"","post_name":"laura-gallego","to_ping":"","pinged":"","post_modified":"2022-10-14 17:27:09","post_modified_gmt":"2022-10-14 15:27:09","post_content_filtered":"","post_parent":0,"guid":"http:\/\/dev.claret.cat\/autor\/laura-gallego\/","menu_order":0,"post_type":"autor","post_mime_type":"","comment_count":"0","filter":"raw"}]},"aioseo_notices":[],"_links":{"self":[{"href":"https:\/\/www.claret.cat\/es\/wp-json\/wp\/v2\/product\/304826","targetHints":{"allow":["GET"]}}],"collection":[{"href":"https:\/\/www.claret.cat\/es\/wp-json\/wp\/v2\/product"}],"about":[{"href":"https:\/\/www.claret.cat\/es\/wp-json\/wp\/v2\/types\/product"}],"wp:featuredmedia":[{"embeddable":true,"href":"https:\/\/www.claret.cat\/es\/wp-json\/wp\/v2\/media\/304827"}],"wp:attachment":[{"href":"https:\/\/www.claret.cat\/es\/wp-json\/wp\/v2\/media?parent=304826"}],"wp:term":[{"taxonomy":"product_brand","embeddable":true,"href":"https:\/\/www.claret.cat\/es\/wp-json\/wp\/v2\/product_brand?post=304826"},{"taxonomy":"product_cat","embeddable":true,"href":"https:\/\/www.claret.cat\/es\/wp-json\/wp\/v2\/product_cat?post=304826"},{"taxonomy":"product_tag","embeddable":true,"href":"https:\/\/www.claret.cat\/es\/wp-json\/wp\/v2\/product_tag?post=304826"}],"curies":[{"name":"wp","href":"https:\/\/api.w.org\/{rel}","templated":true}]}}