{"id":305088,"date":"2022-12-16T05:27:01","date_gmt":"2022-12-16T04:27:01","guid":{"rendered":"http:\/\/dev.claret.cat\/llibre\/cristologia-9788422015925\/"},"modified":"2025-06-16T18:45:43","modified_gmt":"2025-06-16T16:45:43","slug":"cristologia-9788422015925","status":"publish","type":"product","link":"https:\/\/www.claret.cat\/es\/libro\/cristologia-9788422015925\/","title":{"rendered":"CRISTOLOG\u00cdA"},"content":{"rendered":"<p>Jes\u00fas de Nazaret fue acreditado por Dios con palabras y milagros, con la resurrecci\u00f3n y el don del Esp\u00edritu. Su historia, mensaje y destino engendraron la fe en quienes lo reconocieron como Mes\u00edas de Israel, Salvador del mundo, Se\u00f1or de la Iglesia y del cosmos, Hijo de Dios. La cristolog\u00eda es el origen hist\u00f3rico, el fundamento permanente y el principio generador de todos los dem\u00e1s tratados teol\u00f3gicos. Con ella est\u00e1n en pie o caen la fe, la iglesia y la teolog\u00eda. Cristo es el pionero y consumador de la fe; el fundamento, la forma y el futuro del cristianismo. \u00c9l es la esperanza del mundo. Este manual de cristolog\u00eda aborda en sus tres partes la cristolog\u00eda b\u00edblica, la hist\u00f3rica y la sistem\u00e1tica. A ellas a\u00f1ade el autor una notable conclusi\u00f3n en que desarrolla conceptos como cristofan\u00eda y cristoterapia.<\/p>\n","protected":false},"excerpt":{"rendered":"<p>GONZ\u00c1LEZ DE CARDEDAL, OLEGARIO<\/p>\n","protected":false},"featured_media":307141,"template":"","meta":{"_acf_changed":false,"om_disable_all_campaigns":false,"rs_blank_template":"","rs_page_bg_color":"","slide_template_v7":"","inline_featured_image":false,"_monsterinsights_skip_tracking":false,"_monsterinsights_sitenote_active":false,"_monsterinsights_sitenote_note":"","_monsterinsights_sitenote_category":0},"product_brand":[],"product_cat":[90,540],"product_tag":[],"class_list":{"0":"post-305088","1":"product","2":"type-product","3":"status-publish","4":"has-post-thumbnail","6":"product_cat-altres","7":"product_cat-otros","9":"first","10":"instock","11":"taxable","12":"shipping-taxable","13":"purchasable","14":"product-type-simple"},"acf":{"autor":"GONZ\u00c1LEZ DE CARDEDAL, OLEGARIO","codart":"842201592","libros-coleccion":"Sapientia Fidei. Manuales de Teolog\u00eda","ediciones":"2","encuadernacion":"R\u00fastica","fecha_de_publicacion":"01\/09\/2012","novedad":"0","paginas":"635","subtitulo":"","orden":"999","portada":"0","idioma":"spa","editorial":[{"ID":6139,"post_author":"3","post_date":"2022-07-28 17:45:43","post_date_gmt":"2022-07-28 15:45:43","post_content":"","post_title":"BAC","post_excerpt":"","post_status":"publish","comment_status":"closed","ping_status":"closed","post_password":"","post_name":"bac","to_ping":"","pinged":"","post_modified":"2022-07-28 17:45:43","post_modified_gmt":"2022-07-28 15:45:43","post_content_filtered":"","post_parent":0,"guid":"http:\/\/dev.claret.cat\/editorial\/bac\/","menu_order":0,"post_type":"editorial","post_mime_type":"","comment_count":"0","filter":"raw"}],"autores-libros":[{"ID":288569,"post_author":"3","post_date":"2022-12-10 08:10:50","post_date_gmt":"2022-12-10 07:10:50","post_content":"","post_title":"OLEGARIO GONZ\u00c1LEZ DE CARDEDAL","post_excerpt":"","post_status":"publish","comment_status":"closed","ping_status":"closed","post_password":"","post_name":"olegario-gonzalez-de-cardedal","to_ping":"","pinged":"","post_modified":"2022-12-10 08:10:50","post_modified_gmt":"2022-12-10 07:10:50","post_content_filtered":"","post_parent":0,"guid":"http:\/\/dev.claret.cat\/autor\/olegario-gonzalez-de-cardedal\/","menu_order":0,"post_type":"autor","post_mime_type":"","comment_count":"0","filter":"raw"}],"booktrailer":"","resenas":""},"aioseo_notices":[],"_links":{"self":[{"href":"https:\/\/www.claret.cat\/es\/wp-json\/wp\/v2\/product\/305088","targetHints":{"allow":["GET"]}}],"collection":[{"href":"https:\/\/www.claret.cat\/es\/wp-json\/wp\/v2\/product"}],"about":[{"href":"https:\/\/www.claret.cat\/es\/wp-json\/wp\/v2\/types\/product"}],"wp:featuredmedia":[{"embeddable":true,"href":"https:\/\/www.claret.cat\/es\/wp-json\/wp\/v2\/media\/307141"}],"wp:attachment":[{"href":"https:\/\/www.claret.cat\/es\/wp-json\/wp\/v2\/media?parent=305088"}],"wp:term":[{"taxonomy":"product_brand","embeddable":true,"href":"https:\/\/www.claret.cat\/es\/wp-json\/wp\/v2\/product_brand?post=305088"},{"taxonomy":"product_cat","embeddable":true,"href":"https:\/\/www.claret.cat\/es\/wp-json\/wp\/v2\/product_cat?post=305088"},{"taxonomy":"product_tag","embeddable":true,"href":"https:\/\/www.claret.cat\/es\/wp-json\/wp\/v2\/product_tag?post=305088"}],"curies":[{"name":"wp","href":"https:\/\/api.w.org\/{rel}","templated":true}]}}