{"id":305104,"date":"2022-12-16T05:27:40","date_gmt":"2022-12-16T04:27:40","guid":{"rendered":"http:\/\/dev.claret.cat\/llibre\/los-rostros-de-dios-en-la-biblia-9788422016151\/"},"modified":"2023-01-28T05:19:41","modified_gmt":"2023-01-28T04:19:41","slug":"los-rostros-de-dios-en-la-biblia-9788422016151","status":"publish","type":"product","link":"https:\/\/www.claret.cat\/es\/libro\/los-rostros-de-dios-en-la-biblia-9788422016151\/","title":{"rendered":"LOS ROSTROS DE DIOS EN LA BIBLIA"},"content":{"rendered":"<p>A Dios nadie lo ha visto jam\u00e1s; sin embargo, su rostro se refleja en el de los hombres y mujeres que se dejan tocar por su gracia y responden con su vida a su llamada. Hasta llegar a la cumbre de su manifestaci\u00f3n en su Hijo (\u00abquien me ha visto a m\u00ed ha visto al Padre\u00bb, Jn 14,9), muchos creyentes han dejado en la Biblia la huella de sus encuentros con \u00e9l. Esta obra recoge algunos de los encuentros de personajes singulares, cuyas palabras y obras dejan traslucir el verdadero rostro de Dios, que es multiforme, acorde con las diferentes manifestaciones que, seg\u00fan circunstancias y \u00e9pocas, los hombres de la Biblia han percibido de \u00e9l. Aunque de comprensi\u00f3n compleja, la Biblia es y ser\u00e1 siempre la mejor referencia donde buscar a Dios; este libro ofrece una lectura did\u00e1ctica y comprensible de su mensaje.<\/p>\n","protected":false},"excerpt":{"rendered":"<p>MAYORAL L\u00d3PEZ, JUAN ANTONIO<\/p>\n","protected":false},"featured_media":305105,"template":"","meta":{"_acf_changed":false,"om_disable_all_campaigns":false,"rs_blank_template":"","rs_page_bg_color":"","slide_template_v7":"","inline_featured_image":false,"_monsterinsights_skip_tracking":false,"_monsterinsights_sitenote_active":false,"_monsterinsights_sitenote_note":"","_monsterinsights_sitenote_category":0},"product_brand":[],"product_cat":[78,344],"product_tag":[],"class_list":{"0":"post-305104","1":"product","2":"type-product","3":"status-publish","4":"has-post-thumbnail","6":"product_cat-pastoral","7":"product_cat-pastoral-1_espiritualidad","9":"first","10":"instock","11":"taxable","12":"shipping-taxable","13":"purchasable","14":"product-type-simple"},"acf":{"autor":"MAYORAL L\u00d3PEZ, JUAN ANTONIO","codart":"842201615","libros-coleccion":"ESTUDIOS Y ENSAYOS","ediciones":"1","encuadernacion":"Carpeta","fecha_de_publicacion":"01\/12\/2012","novedad":"0","paginas":"226","subtitulo":"TEOLOG\u00cdA B\u00cdBLICA PARA MEDITAR","orden":"999","portada":"0","idioma":"spa","editorial":[{"ID":6142,"post_author":"3","post_date":"2022-07-28 17:45:47","post_date_gmt":"2022-07-28 15:45:47","post_content":"","post_title":"BIBLIOTECA AUTORES CRI   B.A.C","post_excerpt":"","post_status":"publish","comment_status":"closed","ping_status":"closed","post_password":"","post_name":"biblioteca-autores-cri-b-a-c","to_ping":"","pinged":"","post_modified":"2022-07-28 17:45:47","post_modified_gmt":"2022-07-28 15:45:47","post_content_filtered":"","post_parent":0,"guid":"http:\/\/dev.claret.cat\/editorial\/biblioteca-autores-cri-b-a-c\/","menu_order":0,"post_type":"editorial","post_mime_type":"","comment_count":"0","filter":"raw"}],"autores-libros":[{"ID":305103,"post_author":"3","post_date":"2022-12-16 05:27:38","post_date_gmt":"2022-12-16 04:27:38","post_content":"","post_title":"JUAN ANTONIO MAYORAL L\u00d3PEZ","post_excerpt":"","post_status":"publish","comment_status":"closed","ping_status":"closed","post_password":"","post_name":"juan-antonio-mayoral-lopez","to_ping":"","pinged":"","post_modified":"2022-12-16 05:27:38","post_modified_gmt":"2022-12-16 04:27:38","post_content_filtered":"","post_parent":0,"guid":"http:\/\/dev.claret.cat\/autor\/juan-antonio-mayoral-lopez\/","menu_order":0,"post_type":"autor","post_mime_type":"","comment_count":"0","filter":"raw"}]},"aioseo_notices":[],"_links":{"self":[{"href":"https:\/\/www.claret.cat\/es\/wp-json\/wp\/v2\/product\/305104","targetHints":{"allow":["GET"]}}],"collection":[{"href":"https:\/\/www.claret.cat\/es\/wp-json\/wp\/v2\/product"}],"about":[{"href":"https:\/\/www.claret.cat\/es\/wp-json\/wp\/v2\/types\/product"}],"wp:featuredmedia":[{"embeddable":true,"href":"https:\/\/www.claret.cat\/es\/wp-json\/wp\/v2\/media\/305105"}],"wp:attachment":[{"href":"https:\/\/www.claret.cat\/es\/wp-json\/wp\/v2\/media?parent=305104"}],"wp:term":[{"taxonomy":"product_brand","embeddable":true,"href":"https:\/\/www.claret.cat\/es\/wp-json\/wp\/v2\/product_brand?post=305104"},{"taxonomy":"product_cat","embeddable":true,"href":"https:\/\/www.claret.cat\/es\/wp-json\/wp\/v2\/product_cat?post=305104"},{"taxonomy":"product_tag","embeddable":true,"href":"https:\/\/www.claret.cat\/es\/wp-json\/wp\/v2\/product_tag?post=305104"}],"curies":[{"name":"wp","href":"https:\/\/api.w.org\/{rel}","templated":true}]}}