{"id":305143,"date":"2022-12-16T05:29:15","date_gmt":"2022-12-16T04:29:15","guid":{"rendered":"http:\/\/dev.claret.cat\/llibre\/martires-del-siglo-xx-en-espana-11-santos-y-1512-beatos-1-9788422016717\/"},"modified":"2023-01-28T00:06:07","modified_gmt":"2023-01-27T23:06:07","slug":"martires-del-siglo-xx-en-espana-11-santos-y-1512-beatos-1-9788422016717","status":"publish","type":"product","link":"https:\/\/www.claret.cat\/es\/libro\/martires-del-siglo-xx-en-espana-11-santos-y-1512-beatos-1-9788422016717\/","title":{"rendered":"M\u00c1RTIRES DEL SIGLO XX EN ESPA\u00d1A: 11 SANTOS Y 1.512 BEATOS (1)"},"content":{"rendered":"<p>Este es el \u00fanico libro que recoge todas las biograf\u00edas de los 1.523 m\u00e1rtires del siglo XX en Espa\u00f1a que han alcanzado la gloria de los altares. Son los 11 santos y los 1.512 beatos canonizados o beatificados desde la primera ceremonia de beatificaci\u00f3n celebrada por Juan Pablo II en 1987 hasta la \u00faltima, acontecida en el A\u00f1o de la Fe, en Tarragona, el 13 de octubre de 2013. El libro ofrece, adem\u00e1s, una introducci\u00f3n sobre el sentido del martirio cristiano y un estudio sobre las ra\u00edces hist\u00f3ricas y las caracter\u00edsticas de la persecuci\u00f3n de los a\u00f1os treinta del pasado siglo. Sus completos \u00edndices lo convierten tambi\u00e9n en un valioso diccionario para acercarse a esta p\u00e1gina todav\u00eda poco conocida de la historia de la Iglesia.<\/p>\n","protected":false},"excerpt":{"rendered":"<p>C\u00c1RCEL ORT\u00cd, VICENTE<\/p>\n","protected":false},"featured_media":305144,"template":"","meta":{"_acf_changed":false,"om_disable_all_campaigns":false,"rs_blank_template":"","rs_page_bg_color":"","slide_template_v7":"","inline_featured_image":false,"_monsterinsights_skip_tracking":false,"_monsterinsights_sitenote_active":false,"_monsterinsights_sitenote_note":"","_monsterinsights_sitenote_category":0},"product_brand":[],"product_cat":[345,79,78,344],"product_tag":[],"class_list":{"0":"post-305143","1":"product","2":"type-product","3":"status-publish","4":"has-post-thumbnail","6":"product_cat-espiritualidad","7":"product_cat-espiritualitat","8":"product_cat-pastoral","9":"product_cat-pastoral-1_espiritualidad","11":"first","12":"instock","13":"taxable","14":"shipping-taxable","15":"purchasable","16":"product-type-simple"},"acf":{"autor":"C\u00c1RCEL ORT\u00cd, VICENTE","codart":"842201671","libros-coleccion":"MAIOR","ediciones":"1","encuadernacion":"Carton\u00e9","fecha_de_publicacion":"01\/09\/2013","novedad":"0","paginas":"1350","subtitulo":"","orden":"999","portada":"0","idioma":"spa","editorial":[{"ID":6142,"post_author":"3","post_date":"2022-07-28 17:45:47","post_date_gmt":"2022-07-28 15:45:47","post_content":"","post_title":"BIBLIOTECA AUTORES CRI   B.A.C","post_excerpt":"","post_status":"publish","comment_status":"closed","ping_status":"closed","post_password":"","post_name":"biblioteca-autores-cri-b-a-c","to_ping":"","pinged":"","post_modified":"2022-07-28 17:45:47","post_modified_gmt":"2022-07-28 15:45:47","post_content_filtered":"","post_parent":0,"guid":"http:\/\/dev.claret.cat\/editorial\/biblioteca-autores-cri-b-a-c\/","menu_order":0,"post_type":"editorial","post_mime_type":"","comment_count":"0","filter":"raw"}],"autores-libros":[{"ID":170951,"post_author":"3","post_date":"2022-10-14 22:39:29","post_date_gmt":"2022-10-14 20:39:29","post_content":"","post_title":"VICENTE CARCEL ORTI","post_excerpt":"","post_status":"publish","comment_status":"closed","ping_status":"closed","post_password":"","post_name":"vicente-carcel-orti-2","to_ping":"","pinged":"","post_modified":"2022-10-14 22:39:29","post_modified_gmt":"2022-10-14 20:39:29","post_content_filtered":"","post_parent":0,"guid":"http:\/\/dev.claret.cat\/autor\/vicente-carcel-orti-2\/","menu_order":0,"post_type":"autor","post_mime_type":"","comment_count":"0","filter":"raw"}]},"aioseo_notices":[],"_links":{"self":[{"href":"https:\/\/www.claret.cat\/es\/wp-json\/wp\/v2\/product\/305143","targetHints":{"allow":["GET"]}}],"collection":[{"href":"https:\/\/www.claret.cat\/es\/wp-json\/wp\/v2\/product"}],"about":[{"href":"https:\/\/www.claret.cat\/es\/wp-json\/wp\/v2\/types\/product"}],"wp:featuredmedia":[{"embeddable":true,"href":"https:\/\/www.claret.cat\/es\/wp-json\/wp\/v2\/media\/305144"}],"wp:attachment":[{"href":"https:\/\/www.claret.cat\/es\/wp-json\/wp\/v2\/media?parent=305143"}],"wp:term":[{"taxonomy":"product_brand","embeddable":true,"href":"https:\/\/www.claret.cat\/es\/wp-json\/wp\/v2\/product_brand?post=305143"},{"taxonomy":"product_cat","embeddable":true,"href":"https:\/\/www.claret.cat\/es\/wp-json\/wp\/v2\/product_cat?post=305143"},{"taxonomy":"product_tag","embeddable":true,"href":"https:\/\/www.claret.cat\/es\/wp-json\/wp\/v2\/product_tag?post=305143"}],"curies":[{"name":"wp","href":"https:\/\/api.w.org\/{rel}","templated":true}]}}