{"id":305184,"date":"2022-12-16T05:30:56","date_gmt":"2022-12-16T04:30:56","guid":{"rendered":"http:\/\/dev.claret.cat\/llibre\/la-catequesis-en-la-mision-de-la-iglesia-9788422018315\/"},"modified":"2023-01-28T05:23:00","modified_gmt":"2023-01-28T04:23:00","slug":"la-catequesis-en-la-mision-de-la-iglesia-9788422018315","status":"publish","type":"product","link":"https:\/\/www.claret.cat\/es\/libro\/la-catequesis-en-la-mision-de-la-iglesia-9788422018315\/","title":{"rendered":"LA CATEQUESIS EN LA MISI\u00d3N DE LA IGLESIA."},"content":{"rendered":"<p>La publicaci\u00f3n de los escritos del cardenal arzobispo Jos\u00e9 Manuel Estepa abarca un abanico de tiempo de 50 a\u00f1os. Los cien art\u00edculos contenidos en la obra permiten conocer no s\u00f3lo el pensamiento del cardenal sino el desarrollo de la historia de la catequesis en Espa\u00f1a. <\/p>\n<p>El cardenal Antonio Mar\u00eda Rouco Varela realiza el pr\u00f3logo del libro y la presentaci\u00f3n del mismo la lleva a cabo el obispo de Plasencia, Mons. Amadeo Rodr\u00edguez Magro. Estos escritos catequ\u00e9ticos se vertebran en torno a nueve cap\u00edtulos y una colecci\u00f3n de anexos, seg\u00fan la tem\u00e1tica dise\u00f1ada por el Secretariado de la Subcomisi\u00f3n de Catequesis y aprobada por el autor.<\/p>\n<p>En el pr\u00f3logo se define la obra: \u201cla propia vida y tarea de don Jos\u00e9 Manuel, en el transcurrir  de m\u00e1s de 50 a\u00f1os dedicados a la tarea catequ\u00e9tica, vienen a constituir una verdadera historia de la catequesis en nuestro pa\u00eds\u201d.<\/p>\n<p>El cardenal Estepa, motor de la Subcomisi\u00f3n Episcopal de Catequesis de la CEE, ha \u201csabido orientar y ofrecer documentos de gran envergadura y relevancia\u201d. Adem\u00e1s de los planes de Acci\u00f3n trienales realiz\u00f3 documentos sobre la formaci\u00f3n, la catequesis de adultos o la elaboraci\u00f3n de catecismos, hacen del cardenal Estepa y de este libro un texto referencial.<\/p>\n","protected":false},"excerpt":{"rendered":"<p>ESTEPA LLAURENS, JOSE MANUEL<\/p>\n","protected":false},"featured_media":305185,"template":"","meta":{"_acf_changed":false,"om_disable_all_campaigns":false,"rs_blank_template":"","rs_page_bg_color":"","slide_template_v7":"","inline_featured_image":false,"_monsterinsights_skip_tracking":false,"_monsterinsights_sitenote_active":false,"_monsterinsights_sitenote_note":"","_monsterinsights_sitenote_category":0},"product_brand":[],"product_cat":[77,343],"product_tag":[],"class_list":{"0":"post-305184","1":"product","2":"type-product","3":"status-publish","4":"has-post-thumbnail","6":"product_cat-catequesi","7":"product_cat-catequesis","9":"first","10":"instock","11":"taxable","12":"shipping-taxable","13":"purchasable","14":"product-type-simple"},"acf":{"autor":"ESTEPA LLAURENS, JOSE MANUEL","codart":"842201831","libros-coleccion":"","ediciones":"1","encuadernacion":"Carton\u00e9","fecha_de_publicacion":"01\/02\/2016","novedad":"0","paginas":"1415","subtitulo":"","orden":"999","portada":"0","idioma":"spa","editorial":[{"ID":6139,"post_author":"3","post_date":"2022-07-28 17:45:43","post_date_gmt":"2022-07-28 15:45:43","post_content":"","post_title":"BAC","post_excerpt":"","post_status":"publish","comment_status":"closed","ping_status":"closed","post_password":"","post_name":"bac","to_ping":"","pinged":"","post_modified":"2022-07-28 17:45:43","post_modified_gmt":"2022-07-28 15:45:43","post_content_filtered":"","post_parent":0,"guid":"http:\/\/dev.claret.cat\/editorial\/bac\/","menu_order":0,"post_type":"editorial","post_mime_type":"","comment_count":"0","filter":"raw"}],"autores-libros":[{"ID":305183,"post_author":"3","post_date":"2022-12-16 05:30:53","post_date_gmt":"2022-12-16 04:30:53","post_content":"","post_title":"JOSE MANUEL ESTEPA LLAURENS","post_excerpt":"","post_status":"publish","comment_status":"closed","ping_status":"closed","post_password":"","post_name":"jose-manuel-estepa-llaurens","to_ping":"","pinged":"","post_modified":"2022-12-16 05:30:53","post_modified_gmt":"2022-12-16 04:30:53","post_content_filtered":"","post_parent":0,"guid":"http:\/\/dev.claret.cat\/autor\/jose-manuel-estepa-llaurens\/","menu_order":0,"post_type":"autor","post_mime_type":"","comment_count":"0","filter":"raw"}]},"aioseo_notices":[],"_links":{"self":[{"href":"https:\/\/www.claret.cat\/es\/wp-json\/wp\/v2\/product\/305184","targetHints":{"allow":["GET"]}}],"collection":[{"href":"https:\/\/www.claret.cat\/es\/wp-json\/wp\/v2\/product"}],"about":[{"href":"https:\/\/www.claret.cat\/es\/wp-json\/wp\/v2\/types\/product"}],"wp:featuredmedia":[{"embeddable":true,"href":"https:\/\/www.claret.cat\/es\/wp-json\/wp\/v2\/media\/305185"}],"wp:attachment":[{"href":"https:\/\/www.claret.cat\/es\/wp-json\/wp\/v2\/media?parent=305184"}],"wp:term":[{"taxonomy":"product_brand","embeddable":true,"href":"https:\/\/www.claret.cat\/es\/wp-json\/wp\/v2\/product_brand?post=305184"},{"taxonomy":"product_cat","embeddable":true,"href":"https:\/\/www.claret.cat\/es\/wp-json\/wp\/v2\/product_cat?post=305184"},{"taxonomy":"product_tag","embeddable":true,"href":"https:\/\/www.claret.cat\/es\/wp-json\/wp\/v2\/product_tag?post=305184"}],"curies":[{"name":"wp","href":"https:\/\/api.w.org\/{rel}","templated":true}]}}