{"id":305238,"date":"2022-12-16T05:33:10","date_gmt":"2022-12-16T04:33:10","guid":{"rendered":"http:\/\/dev.claret.cat\/llibre\/el-taller-del-orfebre-842202194\/"},"modified":"2025-04-11T19:35:06","modified_gmt":"2025-04-11T17:35:06","slug":"el-taller-del-orfebre-9788422021940","status":"publish","type":"product","link":"https:\/\/www.claret.cat\/es\/libro\/el-taller-del-orfebre-9788422021940\/","title":{"rendered":"EL TALLER DEL ORFEBRE"},"content":{"rendered":"<p>El taller del orfebre se public\u00f3 por primera vez en 1960 en la revista Znak, bajo el pseud\u00f3nimo de Andrzej Jawien. Es la historia (el drama interior) de tres j\u00f3venes parejas de esposos (Teresa y Andr\u00e9s, Ana y Esteban, M\u00f3nica y Crist\u00f3bal) que experimentan el esplendor y, tambi\u00e9n, la oscura noche, a veces lacerante, del amor humano. La obra lleva este subt\u00edtulo, que equivale a un mensaje: Meditaci\u00f3n sobre el sacramento del matrimonio, expresada a veces en forma de drama. Nos llega este mensaje a trav\u00e9s de una acci\u00f3n situada en un espacio y un tiempo en los que la realidad cotidiana se conjuga admirablemente con el s\u00edmbolo, del que son portadores los personajes, entre los cuales destaca el viejo y sabio orfebre, figura central que invade totalmente la vida de los protagonistas. El cristal del escaparate de su tienda es un extra\u00f1o espejo en el que se refleja el futuro de la pareja humana hasta la frontera misma del misterio, y su balanza no pesa el metal, sino toda la existencia del hombre y de su destino.<\/p>\n","protected":false},"excerpt":{"rendered":"<p>JUAN DE LA CRUZ, SAN<\/p>\n","protected":false},"featured_media":305239,"template":"","meta":{"_acf_changed":false,"om_disable_all_campaigns":false,"rs_blank_template":"","rs_page_bg_color":"","slide_template_v7":"","inline_featured_image":false,"_monsterinsights_skip_tracking":false,"_monsterinsights_sitenote_active":false,"_monsterinsights_sitenote_note":"","_monsterinsights_sitenote_category":0},"product_brand":[],"product_cat":[90,540],"product_tag":[],"class_list":{"0":"post-305238","1":"product","2":"type-product","3":"status-publish","4":"has-post-thumbnail","6":"product_cat-altres","7":"product_cat-otros","9":"first","10":"instock","11":"taxable","12":"shipping-taxable","13":"purchasable","14":"product-type-simple"},"acf":{"autor":"JUAN DE LA CRUZ, SAN","codart":"842202194","libros-coleccion":"FORA DE COL.LECCI\u00d3","ediciones":"1","encuadernacion":"R\u00fastica","fecha_de_publicacion":"01\/08\/1990","novedad":"0","paginas":"112","subtitulo":"","orden":"999","portada":"0","idioma":"spa","editorial":[{"ID":147509,"post_author":"3","post_date":"2022-10-14 11:51:07","post_date_gmt":"2022-10-14 09:51:07","post_content":"","post_title":"B.A.C.","post_excerpt":"","post_status":"publish","comment_status":"closed","ping_status":"closed","post_password":"","post_name":"b-a-c","to_ping":"","pinged":"","post_modified":"2022-10-14 11:51:07","post_modified_gmt":"2022-10-14 09:51:07","post_content_filtered":"","post_parent":0,"guid":"http:\/\/dev.claret.cat\/editorial\/b-a-c\/","menu_order":0,"post_type":"editorial","post_mime_type":"","comment_count":"0","filter":"raw"}],"autores-libros":[{"ID":168922,"post_author":"3","post_date":"2022-10-14 22:23:02","post_date_gmt":"2022-10-14 20:23:02","post_content":"","post_title":"SAN JUAN DE LA CRUZ","post_excerpt":"","post_status":"publish","comment_status":"closed","ping_status":"closed","post_password":"","post_name":"san-juan-de-la-cruz-2","to_ping":"","pinged":"","post_modified":"2022-10-14 22:23:02","post_modified_gmt":"2022-10-14 20:23:02","post_content_filtered":"","post_parent":0,"guid":"http:\/\/dev.claret.cat\/autor\/san-juan-de-la-cruz-2\/","menu_order":0,"post_type":"autor","post_mime_type":"","comment_count":"0","filter":"raw"}],"booktrailer":"","resenas":""},"aioseo_notices":[],"_links":{"self":[{"href":"https:\/\/www.claret.cat\/es\/wp-json\/wp\/v2\/product\/305238","targetHints":{"allow":["GET"]}}],"collection":[{"href":"https:\/\/www.claret.cat\/es\/wp-json\/wp\/v2\/product"}],"about":[{"href":"https:\/\/www.claret.cat\/es\/wp-json\/wp\/v2\/types\/product"}],"wp:featuredmedia":[{"embeddable":true,"href":"https:\/\/www.claret.cat\/es\/wp-json\/wp\/v2\/media\/305239"}],"wp:attachment":[{"href":"https:\/\/www.claret.cat\/es\/wp-json\/wp\/v2\/media?parent=305238"}],"wp:term":[{"taxonomy":"product_brand","embeddable":true,"href":"https:\/\/www.claret.cat\/es\/wp-json\/wp\/v2\/product_brand?post=305238"},{"taxonomy":"product_cat","embeddable":true,"href":"https:\/\/www.claret.cat\/es\/wp-json\/wp\/v2\/product_cat?post=305238"},{"taxonomy":"product_tag","embeddable":true,"href":"https:\/\/www.claret.cat\/es\/wp-json\/wp\/v2\/product_tag?post=305238"}],"curies":[{"name":"wp","href":"https:\/\/api.w.org\/{rel}","templated":true}]}}