{"id":305256,"date":"2022-12-16T05:33:53","date_gmt":"2022-12-16T04:33:53","guid":{"rendered":"http:\/\/dev.claret.cat\/llibre\/historia-de-catalunya-9788423207640\/"},"modified":"2024-12-11T06:12:44","modified_gmt":"2024-12-11T05:12:44","slug":"historia-de-catalunya-9788423207640","status":"publish","type":"product","link":"https:\/\/www.claret.cat\/es\/libro\/historia-de-catalunya-9788423207640\/","title":{"rendered":"HIST\u00d2RIA DE CATALUNYA"},"content":{"rendered":"<p>La Hist\u00f2ria de Catalunya que proposa F. Xavier Hern\u00e0ndez Cardona pret\u00e9n, de forma did\u00e0ctica, fer entendre les claus de l&#8217;evoluci\u00f3 hist\u00f2rica de Catalunya. Constitueix un esfor\u00e7 de s\u00edntesi que recull les aportacions m\u00e9s recents: des de l&#8217;esclat de la bombolla immobili\u00e0ria i del moviment a favor del dret a decidir com a naci\u00f3, fins a les troballes del per\u00edode paleol\u00edtic a Terrassa.<br \/>M\u00e9s que no pas per consultar, es tracta d&#8217;una hist\u00f2ria de Catalunya pensada per ser llegida i per ser compresa, acompanyada per una cartografia nombrosa (entorn de cinquanta mapes) i per una setantena de fotografies.<\/p>\n","protected":false},"excerpt":{"rendered":"<p>HERN\u00c0NDEZ CARDONA, FRANCE<\/p>\n","protected":false},"featured_media":305257,"template":"","meta":{"_acf_changed":false,"om_disable_all_campaigns":false,"rs_blank_template":"","rs_page_bg_color":"","slide_template_v7":"","inline_featured_image":false,"_monsterinsights_skip_tracking":false,"_monsterinsights_sitenote_active":false,"_monsterinsights_sitenote_note":"","_monsterinsights_sitenote_category":0},"product_brand":[],"product_cat":[351,85],"product_tag":[],"class_list":{"0":"post-305256","1":"product","2":"type-product","3":"status-publish","4":"has-post-thumbnail","6":"product_cat-historia-2_humanidades","7":"product_cat-historia","9":"first","10":"instock","11":"taxable","12":"shipping-taxable","13":"purchasable","14":"product-type-simple"},"acf":{"autor":"HERN\u00c0NDEZ CARDONA, FRANCE","codart":"842320764","libros-coleccion":"","ediciones":"0","encuadernacion":"R\u00fastica","fecha_de_publicacion":"13\/04\/2012","novedad":"1","paginas":"175","subtitulo":"","orden":"999","portada":"0","idioma":"cat","editorial":[{"ID":147695,"post_author":"3","post_date":"2022-10-14 11:52:32","post_date_gmt":"2022-10-14 09:52:32","post_content":"","post_title":"DALMAU, RAFAEL EDITOR","post_excerpt":"","post_status":"publish","comment_status":"closed","ping_status":"closed","post_password":"","post_name":"dalmau-rafael-editor","to_ping":"","pinged":"","post_modified":"2022-10-14 11:52:32","post_modified_gmt":"2022-10-14 09:52:32","post_content_filtered":"","post_parent":0,"guid":"http:\/\/dev.claret.cat\/editorial\/dalmau-rafael-editor\/","menu_order":0,"post_type":"editorial","post_mime_type":"","comment_count":"0","filter":"raw"}],"autores-libros":[{"ID":156154,"post_author":"3","post_date":"2022-10-14 15:18:32","post_date_gmt":"2022-10-14 13:18:32","post_content":"","post_title":"FRANCESC XAVIER HERNANDEZ CARDONA","post_excerpt":"","post_status":"publish","comment_status":"closed","ping_status":"closed","post_password":"","post_name":"francesc-xavier-hernandez-cardona","to_ping":"","pinged":"","post_modified":"2022-10-14 15:18:32","post_modified_gmt":"2022-10-14 13:18:32","post_content_filtered":"","post_parent":0,"guid":"http:\/\/dev.claret.cat\/autor\/francesc-xavier-hernandez-cardona\/","menu_order":0,"post_type":"autor","post_mime_type":"","comment_count":"0","filter":"raw"}]},"aioseo_notices":[],"_links":{"self":[{"href":"https:\/\/www.claret.cat\/es\/wp-json\/wp\/v2\/product\/305256","targetHints":{"allow":["GET"]}}],"collection":[{"href":"https:\/\/www.claret.cat\/es\/wp-json\/wp\/v2\/product"}],"about":[{"href":"https:\/\/www.claret.cat\/es\/wp-json\/wp\/v2\/types\/product"}],"wp:featuredmedia":[{"embeddable":true,"href":"https:\/\/www.claret.cat\/es\/wp-json\/wp\/v2\/media\/305257"}],"wp:attachment":[{"href":"https:\/\/www.claret.cat\/es\/wp-json\/wp\/v2\/media?parent=305256"}],"wp:term":[{"taxonomy":"product_brand","embeddable":true,"href":"https:\/\/www.claret.cat\/es\/wp-json\/wp\/v2\/product_brand?post=305256"},{"taxonomy":"product_cat","embeddable":true,"href":"https:\/\/www.claret.cat\/es\/wp-json\/wp\/v2\/product_cat?post=305256"},{"taxonomy":"product_tag","embeddable":true,"href":"https:\/\/www.claret.cat\/es\/wp-json\/wp\/v2\/product_tag?post=305256"}],"curies":[{"name":"wp","href":"https:\/\/api.w.org\/{rel}","templated":true}]}}