{"id":305380,"date":"2022-12-16T05:38:48","date_gmt":"2022-12-16T04:38:48","guid":{"rendered":"http:\/\/dev.claret.cat\/llibre\/el-pequeno-libro-que-genera-riqueza-9788423424887\/"},"modified":"2023-01-28T08:20:47","modified_gmt":"2023-01-28T07:20:47","slug":"el-pequeno-libro-que-genera-riqueza-9788423424887","status":"publish","type":"product","link":"https:\/\/www.claret.cat\/es\/libro\/el-pequeno-libro-que-genera-riqueza-9788423424887\/","title":{"rendered":"EL PEQUE\u00d1O LIBRO QUE GENERA RIQUEZA"},"content":{"rendered":"<p>Para ganar dinero en un contexto como el actual, en el que los mercados son tan din\u00e1micos, hay que invertir en empresas que puedan soportar bien la presi\u00f3n constante de la competencia. Pero \u00bfc\u00f3mo identificar aquellas empresas que no solo est\u00e1n bien hoy, sino que lo estar\u00e1n tambi\u00e9n dentro de unos a\u00f1os? La clave est\u00e1 en las ventajas competitivas y los fosos econ\u00f3micos. Si puedes identificar las compa\u00f1\u00edas que tienen foso y puedes comprar sus acciones a precios razonables, construir\u00e1s una cartera de negocios que aumentar\u00e1 tus posibilidades de triunfar en el mercado burs\u00e1til. En El peque\u00f1o libro que construye riqueza, Pat Dorsey explica c\u00f3mo identificar estas empresas s\u00f3lidas, analiza por qu\u00e9 los fosos econ\u00f3micos son tan buenos indicadores de salud empresarial y analiza los cuatro pilares fundamentales de la ventaja competitiva: activos intangibles, ventaja en los costes, flexibilidad para adaptarse a las nuevas necesidades del mercado y econom\u00edas de escala. Aunque el concepto de foso econ\u00f3mico no es nuevo, con este libro como gu\u00eda, el lector aprender\u00e1 a utilizarlos como herramientas b\u00e1sicas a la hora de elegir qu\u00e9 compa\u00f1\u00edas son beneficiosas para su cartera de acciones.<\/p>\n","protected":false},"excerpt":{"rendered":"<p>DORSEY, PAT<\/p>\n","protected":false},"featured_media":305381,"template":"","meta":{"_acf_changed":false,"om_disable_all_campaigns":false,"rs_blank_template":"","rs_page_bg_color":"","slide_template_v7":"","inline_featured_image":false,"_monsterinsights_skip_tracking":false,"_monsterinsights_sitenote_active":false,"_monsterinsights_sitenote_note":"","_monsterinsights_sitenote_category":0},"product_brand":[],"product_cat":[84,350],"product_tag":[],"class_list":{"0":"post-305380","1":"product","2":"type-product","3":"status-publish","4":"has-post-thumbnail","6":"product_cat-sociologia","7":"product_cat-sociologia-2_humanidades","9":"first","10":"instock","11":"taxable","12":"shipping-taxable","13":"purchasable","14":"product-type-simple"},"acf":{"autor":"DORSEY, PAT","codart":"842342488","libros-coleccion":"","ediciones":"1","encuadernacion":"Carton\u00e9","fecha_de_publicacion":"10\/02\/2016","novedad":"0","paginas":"234","subtitulo":"LA F\u00d3RMULA DEFINITIVA PARA ENCONTRAR INVERSIONES EXCELENTES","orden":"999","portada":"0","idioma":"spa","editorial":[{"ID":261950,"post_author":"3","post_date":"2022-10-24 11:17:59","post_date_gmt":"2022-10-24 09:17:59","post_content":"","post_title":"DEUSTO, S.A.","post_excerpt":"","post_status":"publish","comment_status":"closed","ping_status":"closed","post_password":"","post_name":"deusto-s-a","to_ping":"","pinged":"","post_modified":"2022-10-24 11:17:59","post_modified_gmt":"2022-10-24 09:17:59","post_content_filtered":"","post_parent":0,"guid":"http:\/\/dev.claret.cat\/editorial\/deusto-s-a\/","menu_order":0,"post_type":"editorial","post_mime_type":"","comment_count":"0","filter":"raw"}],"autores-libros":[{"ID":305379,"post_author":"3","post_date":"2022-12-16 05:38:47","post_date_gmt":"2022-12-16 04:38:47","post_content":"","post_title":"PAT DORSEY","post_excerpt":"","post_status":"publish","comment_status":"closed","ping_status":"closed","post_password":"","post_name":"pat-dorsey","to_ping":"","pinged":"","post_modified":"2022-12-16 05:38:47","post_modified_gmt":"2022-12-16 04:38:47","post_content_filtered":"","post_parent":0,"guid":"http:\/\/dev.claret.cat\/autor\/pat-dorsey\/","menu_order":0,"post_type":"autor","post_mime_type":"","comment_count":"0","filter":"raw"}]},"aioseo_notices":[],"_links":{"self":[{"href":"https:\/\/www.claret.cat\/es\/wp-json\/wp\/v2\/product\/305380","targetHints":{"allow":["GET"]}}],"collection":[{"href":"https:\/\/www.claret.cat\/es\/wp-json\/wp\/v2\/product"}],"about":[{"href":"https:\/\/www.claret.cat\/es\/wp-json\/wp\/v2\/types\/product"}],"wp:featuredmedia":[{"embeddable":true,"href":"https:\/\/www.claret.cat\/es\/wp-json\/wp\/v2\/media\/305381"}],"wp:attachment":[{"href":"https:\/\/www.claret.cat\/es\/wp-json\/wp\/v2\/media?parent=305380"}],"wp:term":[{"taxonomy":"product_brand","embeddable":true,"href":"https:\/\/www.claret.cat\/es\/wp-json\/wp\/v2\/product_brand?post=305380"},{"taxonomy":"product_cat","embeddable":true,"href":"https:\/\/www.claret.cat\/es\/wp-json\/wp\/v2\/product_cat?post=305380"},{"taxonomy":"product_tag","embeddable":true,"href":"https:\/\/www.claret.cat\/es\/wp-json\/wp\/v2\/product_tag?post=305380"}],"curies":[{"name":"wp","href":"https:\/\/api.w.org\/{rel}","templated":true}]}}