{"id":305510,"date":"2022-12-16T05:43:56","date_gmt":"2022-12-16T04:43:56","guid":{"rendered":"http:\/\/dev.claret.cat\/llibre\/agatha-mistery-6-el-tresor-de-les-bermudes-9788424641764\/"},"modified":"2026-01-20T16:57:32","modified_gmt":"2026-01-20T15:57:32","slug":"agatha-mistery-6-el-tresor-de-les-bermudes-9788424641764","status":"publish","type":"product","link":"https:\/\/www.claret.cat\/es\/libro\/agatha-mistery-6-el-tresor-de-les-bermudes-9788424641764\/","title":{"rendered":"AGATHA MISTERY 6. EL TRESOR DE LES BERMUDES"},"content":{"rendered":"<p>Oce\u00e0 Atl\u00e0ntic: es desencadena una tempesta molt violenta. Un calendari maia d&#8217;or mass\u00eds, d&#8217;un valor incalculable, desapareix de sobte en un dels llocs m\u00e9s misteriosos del planeta, el triangle de les Bermudes! Els dos cosins Agatha i Larry Mistery aquesta vegada s&#8217;hauran d&#8217;enfrontar no nom\u00e9s a un criminal \u00e0vid i perill\u00f3s, sin\u00f3 tamb\u00e9 a les antigues divinitats del mar&#8230;<\/p>\n","protected":false},"excerpt":{"rendered":"<p>STEVENSON, SIR STEVE<\/p>\n","protected":false},"featured_media":1075232,"template":"","meta":{"_acf_changed":false,"om_disable_all_campaigns":false,"rs_blank_template":"","rs_page_bg_color":"","slide_template_v7":"","inline_featured_image":false,"_monsterinsights_skip_tracking":false,"_monsterinsights_sitenote_active":false,"_monsterinsights_sitenote_note":"","_monsterinsights_sitenote_category":0},"product_brand":[],"product_cat":[86,352],"product_tag":[],"class_list":{"0":"post-305510","1":"product","2":"type-product","3":"status-publish","4":"has-post-thumbnail","6":"product_cat-infantil","7":"product_cat-infantil-3_infantil-juvenil-spa","9":"first","10":"outofstock","11":"taxable","12":"shipping-taxable","13":"purchasable","14":"product-type-simple"},"acf":{"autor":"STEVENSON, SIR STEVE","codart":"842464176","libros-coleccion":"","ediciones":"1","encuadernacion":"Carton\u00e9","fecha_de_publicacion":"01\/02\/2012","novedad":"0","paginas":"144","subtitulo":"","orden":"999","portada":"0","idioma":"spa","editorial":[{"ID":262224,"post_author":"3","post_date":"2022-10-24 11:21:33","post_date_gmt":"2022-10-24 09:21:33","post_content":"","post_title":"La Galera, SAU","post_excerpt":"","post_status":"publish","comment_status":"closed","ping_status":"closed","post_password":"","post_name":"la-galera-sau","to_ping":"","pinged":"","post_modified":"2022-10-24 11:21:33","post_modified_gmt":"2022-10-24 09:21:33","post_content_filtered":"","post_parent":0,"guid":"http:\/\/dev.claret.cat\/editorial\/la-galera-sau\/","menu_order":0,"post_type":"editorial","post_mime_type":"","comment_count":"0","filter":"raw"}],"autores-libros":[{"ID":169594,"post_author":"3","post_date":"2022-10-14 22:28:29","post_date_gmt":"2022-10-14 20:28:29","post_content":"","post_title":"SIR STEVE STEVENSON","post_excerpt":"","post_status":"publish","comment_status":"closed","ping_status":"closed","post_password":"","post_name":"sir-steve-stevenson","to_ping":"","pinged":"","post_modified":"2022-10-14 22:28:29","post_modified_gmt":"2022-10-14 20:28:29","post_content_filtered":"","post_parent":0,"guid":"http:\/\/dev.claret.cat\/autor\/sir-steve-stevenson\/","menu_order":0,"post_type":"autor","post_mime_type":"","comment_count":"0","filter":"raw"}],"booktrailer":"","resenas":""},"aioseo_notices":[],"_links":{"self":[{"href":"https:\/\/www.claret.cat\/es\/wp-json\/wp\/v2\/product\/305510","targetHints":{"allow":["GET"]}}],"collection":[{"href":"https:\/\/www.claret.cat\/es\/wp-json\/wp\/v2\/product"}],"about":[{"href":"https:\/\/www.claret.cat\/es\/wp-json\/wp\/v2\/types\/product"}],"wp:featuredmedia":[{"embeddable":true,"href":"https:\/\/www.claret.cat\/es\/wp-json\/wp\/v2\/media\/1075232"}],"wp:attachment":[{"href":"https:\/\/www.claret.cat\/es\/wp-json\/wp\/v2\/media?parent=305510"}],"wp:term":[{"taxonomy":"product_brand","embeddable":true,"href":"https:\/\/www.claret.cat\/es\/wp-json\/wp\/v2\/product_brand?post=305510"},{"taxonomy":"product_cat","embeddable":true,"href":"https:\/\/www.claret.cat\/es\/wp-json\/wp\/v2\/product_cat?post=305510"},{"taxonomy":"product_tag","embeddable":true,"href":"https:\/\/www.claret.cat\/es\/wp-json\/wp\/v2\/product_tag?post=305510"}],"curies":[{"name":"wp","href":"https:\/\/api.w.org\/{rel}","templated":true}]}}