{"id":305516,"date":"2022-12-16T05:44:10","date_gmt":"2022-12-16T04:44:10","guid":{"rendered":"http:\/\/dev.claret.cat\/llibre\/a-africa-amb-la-nayah-9788424641849\/"},"modified":"2025-01-31T19:19:59","modified_gmt":"2025-01-31T18:19:59","slug":"a-africa-amb-la-nayah-9788424641849","status":"publish","type":"product","link":"https:\/\/www.claret.cat\/es\/libro\/a-africa-amb-la-nayah-9788424641849\/","title":{"rendered":"A \u00c0FRICA AMB LA NAYAH"},"content":{"rendered":"<p>Un llibre perfecte per con\u00e8ixer l&#8217;\u00c0frica i la seva cultura. La Nayah et far\u00e0 de guia! <\/p>\n<p>La col\u00b7lecci\u00f3 Nines del M\u00f3n combina d&#8217;una manera molt original el coneixement d&#8217;altres cultures i el cl\u00e0ssic quadern d&#8217;activitats.<br \/>Amb siluetes, patrons i adhesius per a crear les teves Nines del M\u00f3n.<\/p>\n","protected":false},"excerpt":{"rendered":"<p>VARIS AUTORS<\/p>\n","protected":false},"featured_media":305517,"template":"","meta":{"_acf_changed":false,"om_disable_all_campaigns":false,"rs_blank_template":"","rs_page_bg_color":"","slide_template_v7":"","inline_featured_image":false,"_monsterinsights_skip_tracking":false,"_monsterinsights_sitenote_active":false,"_monsterinsights_sitenote_note":"","_monsterinsights_sitenote_category":0},"product_brand":[],"product_cat":[86,352],"product_tag":[],"class_list":{"0":"post-305516","1":"product","2":"type-product","3":"status-publish","4":"has-post-thumbnail","6":"product_cat-infantil","7":"product_cat-infantil-3_infantil-juvenil-spa","9":"first","10":"instock","11":"taxable","12":"shipping-taxable","13":"purchasable","14":"product-type-simple"},"acf":{"autor":"VARIS AUTORS","codart":"842464184","libros-coleccion":"","ediciones":"0","encuadernacion":"Carton\u00e9","fecha_de_publicacion":"27\/11\/2012","novedad":"0","paginas":"40","subtitulo":"DIBUIXA LES TEVES NINES DEL M\u00d3N","orden":"999","portada":"0","idioma":"cat","editorial":[{"ID":148189,"post_author":"3","post_date":"2022-10-14 11:56:19","post_date_gmt":"2022-10-14 09:56:19","post_content":"","post_title":"GALERA, EDITORIAL","post_excerpt":"","post_status":"publish","comment_status":"closed","ping_status":"closed","post_password":"","post_name":"galera-editorial","to_ping":"","pinged":"","post_modified":"2022-10-14 11:56:19","post_modified_gmt":"2022-10-14 09:56:19","post_content_filtered":"","post_parent":0,"guid":"http:\/\/dev.claret.cat\/editorial\/galera-editorial\/","menu_order":0,"post_type":"editorial","post_mime_type":"","comment_count":"0","filter":"raw"}],"autores-libros":[{"ID":170846,"post_author":"3","post_date":"2022-10-14 22:38:38","post_date_gmt":"2022-10-14 20:38:38","post_content":"","post_title":"VARIS AUTORS","post_excerpt":"","post_status":"publish","comment_status":"closed","ping_status":"closed","post_password":"","post_name":"varis-autors","to_ping":"","pinged":"","post_modified":"2022-10-14 22:38:38","post_modified_gmt":"2022-10-14 20:38:38","post_content_filtered":"","post_parent":0,"guid":"http:\/\/dev.claret.cat\/autor\/varis-autors\/","menu_order":0,"post_type":"autor","post_mime_type":"","comment_count":"0","filter":"raw"}]},"aioseo_notices":[],"_links":{"self":[{"href":"https:\/\/www.claret.cat\/es\/wp-json\/wp\/v2\/product\/305516","targetHints":{"allow":["GET"]}}],"collection":[{"href":"https:\/\/www.claret.cat\/es\/wp-json\/wp\/v2\/product"}],"about":[{"href":"https:\/\/www.claret.cat\/es\/wp-json\/wp\/v2\/types\/product"}],"wp:featuredmedia":[{"embeddable":true,"href":"https:\/\/www.claret.cat\/es\/wp-json\/wp\/v2\/media\/305517"}],"wp:attachment":[{"href":"https:\/\/www.claret.cat\/es\/wp-json\/wp\/v2\/media?parent=305516"}],"wp:term":[{"taxonomy":"product_brand","embeddable":true,"href":"https:\/\/www.claret.cat\/es\/wp-json\/wp\/v2\/product_brand?post=305516"},{"taxonomy":"product_cat","embeddable":true,"href":"https:\/\/www.claret.cat\/es\/wp-json\/wp\/v2\/product_cat?post=305516"},{"taxonomy":"product_tag","embeddable":true,"href":"https:\/\/www.claret.cat\/es\/wp-json\/wp\/v2\/product_tag?post=305516"}],"curies":[{"name":"wp","href":"https:\/\/api.w.org\/{rel}","templated":true}]}}