{"id":305568,"date":"2022-12-16T05:46:21","date_gmt":"2022-12-16T04:46:21","guid":{"rendered":"http:\/\/dev.claret.cat\/llibre\/secret-kingdom-6-la-platja-de-purpurina-9788424644413\/"},"modified":"2025-01-31T19:17:36","modified_gmt":"2025-01-31T18:17:36","slug":"secret-kingdom-6-la-platja-de-purpurina-9788424644413","status":"publish","type":"product","link":"https:\/\/www.claret.cat\/es\/libro\/secret-kingdom-6-la-platja-de-purpurina-9788424644413\/","title":{"rendered":"SECRET KINGDOM 6. LA PLATJA DE PURPURINA"},"content":{"rendered":"<p>\u00c9s la nit de Sant Joan, el moment m\u00e9s m\u00e0gic de l&#8221;any! Totes les fades es troben a la Platja de Purpurina per veure com es renova un any m\u00e9s la m\u00e0gia de Secret Kingdom. Per\u00f2 la reina Mal\u00edcia corre per all\u00e0&#8230; La Paula, la Rita i l&#8221;Abril hauran de salvar la pols de purpurina per mantenir viva la m\u00e0gia. Ho aconseguiran?<\/p>\n","protected":false},"excerpt":{"rendered":"<p>BANKS, ROSIE<\/p>\n","protected":false},"featured_media":305569,"template":"","meta":{"_acf_changed":false,"om_disable_all_campaigns":false,"rs_blank_template":"","rs_page_bg_color":"","slide_template_v7":"","inline_featured_image":false,"_monsterinsights_skip_tracking":false,"_monsterinsights_sitenote_active":false,"_monsterinsights_sitenote_note":"","_monsterinsights_sitenote_category":0},"product_brand":[],"product_cat":[86,352],"product_tag":[],"class_list":{"0":"post-305568","1":"product","2":"type-product","3":"status-publish","4":"has-post-thumbnail","6":"product_cat-infantil","7":"product_cat-infantil-3_infantil-juvenil-spa","9":"first","10":"instock","11":"taxable","12":"shipping-taxable","13":"purchasable","14":"product-type-simple"},"acf":{"autor":"BANKS, ROSIE","codart":"842464441","libros-coleccion":"","ediciones":"1","encuadernacion":"R\u00fastica","fecha_de_publicacion":"01\/10\/2013","novedad":"0","paginas":"124","subtitulo":"","orden":"999","portada":"0","idioma":"cat","editorial":[{"ID":148189,"post_author":"3","post_date":"2022-10-14 11:56:19","post_date_gmt":"2022-10-14 09:56:19","post_content":"","post_title":"GALERA, EDITORIAL","post_excerpt":"","post_status":"publish","comment_status":"closed","ping_status":"closed","post_password":"","post_name":"galera-editorial","to_ping":"","pinged":"","post_modified":"2022-10-14 11:56:19","post_modified_gmt":"2022-10-14 09:56:19","post_content_filtered":"","post_parent":0,"guid":"http:\/\/dev.claret.cat\/editorial\/galera-editorial\/","menu_order":0,"post_type":"editorial","post_mime_type":"","comment_count":"0","filter":"raw"}],"autores-libros":[{"ID":168598,"post_author":"3","post_date":"2022-10-14 22:20:24","post_date_gmt":"2022-10-14 20:20:24","post_content":"","post_title":"ROSIE BANKS","post_excerpt":"","post_status":"publish","comment_status":"closed","ping_status":"closed","post_password":"","post_name":"rosie-banks","to_ping":"","pinged":"","post_modified":"2022-10-14 22:20:24","post_modified_gmt":"2022-10-14 20:20:24","post_content_filtered":"","post_parent":0,"guid":"http:\/\/dev.claret.cat\/autor\/rosie-banks\/","menu_order":0,"post_type":"autor","post_mime_type":"","comment_count":"0","filter":"raw"}]},"aioseo_notices":[],"_links":{"self":[{"href":"https:\/\/www.claret.cat\/es\/wp-json\/wp\/v2\/product\/305568","targetHints":{"allow":["GET"]}}],"collection":[{"href":"https:\/\/www.claret.cat\/es\/wp-json\/wp\/v2\/product"}],"about":[{"href":"https:\/\/www.claret.cat\/es\/wp-json\/wp\/v2\/types\/product"}],"wp:featuredmedia":[{"embeddable":true,"href":"https:\/\/www.claret.cat\/es\/wp-json\/wp\/v2\/media\/305569"}],"wp:attachment":[{"href":"https:\/\/www.claret.cat\/es\/wp-json\/wp\/v2\/media?parent=305568"}],"wp:term":[{"taxonomy":"product_brand","embeddable":true,"href":"https:\/\/www.claret.cat\/es\/wp-json\/wp\/v2\/product_brand?post=305568"},{"taxonomy":"product_cat","embeddable":true,"href":"https:\/\/www.claret.cat\/es\/wp-json\/wp\/v2\/product_cat?post=305568"},{"taxonomy":"product_tag","embeddable":true,"href":"https:\/\/www.claret.cat\/es\/wp-json\/wp\/v2\/product_tag?post=305568"}],"curies":[{"name":"wp","href":"https:\/\/api.w.org\/{rel}","templated":true}]}}