{"id":305640,"date":"2022-12-16T05:49:25","date_gmt":"2022-12-16T04:49:25","guid":{"rendered":"http:\/\/dev.claret.cat\/llibre\/pinta-i-escriu-els-reis-dorient-9788424648879\/"},"modified":"2025-01-31T20:41:41","modified_gmt":"2025-01-31T19:41:41","slug":"pinta-i-escriu-els-reis-dorient-9788424648879","status":"publish","type":"product","link":"https:\/\/www.claret.cat\/es\/libro\/pinta-i-escriu-els-reis-dorient-9788424648879\/","title":{"rendered":"PINTA I ESCRIU ELS REIS D&#8217;ORIENT"},"content":{"rendered":"<p>Quins nervis, s&#8217;acosta la nit de Reis! En Melcior, en Gaspar i en Baltasar tenen molta feina! I nom\u00e9s en faltava aquesta: alg\u00fa s&#8217;han endut els colors! Pinta el conte d&#8217;Els Reis d&#8217;Orient i fes que aquesta nit sigui m\u00e0gica! I pots omplir la carta dels Reis que trobar\u00e0s dins del llibre.&lt;br&gt;&lt;br&gt;<\/p>\n","protected":false},"excerpt":{"rendered":"<p>CANYELLES, ANNA<\/p>\n","protected":false},"featured_media":305641,"template":"","meta":{"_acf_changed":false,"om_disable_all_campaigns":false,"rs_blank_template":"","rs_page_bg_color":"","slide_template_v7":"","inline_featured_image":false,"_monsterinsights_skip_tracking":false,"_monsterinsights_sitenote_active":false,"_monsterinsights_sitenote_note":"","_monsterinsights_sitenote_category":0},"product_brand":[],"product_cat":[90,540],"product_tag":[],"class_list":{"0":"post-305640","1":"product","2":"type-product","3":"status-publish","4":"has-post-thumbnail","6":"product_cat-altres","7":"product_cat-otros","9":"first","10":"instock","11":"taxable","12":"shipping-taxable","13":"purchasable","14":"product-type-simple"},"acf":{"autor":"CANYELLES, ANNA","codart":"842464887","libros-coleccion":"","ediciones":"1","encuadernacion":"R\u00fastica","fecha_de_publicacion":"01\/11\/2013","novedad":"0","paginas":"24","subtitulo":"","orden":"999","portada":"0","idioma":"cat","editorial":[{"ID":148361,"post_author":"3","post_date":"2022-10-14 11:57:38","post_date_gmt":"2022-10-14 09:57:38","post_content":"","post_title":"LA GALERA, S.A. EDITORIAL","post_excerpt":"","post_status":"publish","comment_status":"closed","ping_status":"closed","post_password":"","post_name":"la-galera-s-a-editorial","to_ping":"","pinged":"","post_modified":"2022-10-14 11:57:38","post_modified_gmt":"2022-10-14 09:57:38","post_content_filtered":"","post_parent":0,"guid":"http:\/\/dev.claret.cat\/editorial\/la-galera-s-a-editorial\/","menu_order":0,"post_type":"editorial","post_mime_type":"","comment_count":"0","filter":"raw"}],"autores-libros":[{"ID":150541,"post_author":"3","post_date":"2022-10-14 14:33:47","post_date_gmt":"2022-10-14 12:33:47","post_content":"","post_title":"ANNA CANYELLES","post_excerpt":"","post_status":"publish","comment_status":"closed","ping_status":"closed","post_password":"","post_name":"anna-canyelles","to_ping":"","pinged":"","post_modified":"2022-10-14 14:33:47","post_modified_gmt":"2022-10-14 12:33:47","post_content_filtered":"","post_parent":0,"guid":"http:\/\/dev.claret.cat\/autor\/anna-canyelles\/","menu_order":0,"post_type":"autor","post_mime_type":"","comment_count":"0","filter":"raw"}]},"aioseo_notices":[],"_links":{"self":[{"href":"https:\/\/www.claret.cat\/es\/wp-json\/wp\/v2\/product\/305640","targetHints":{"allow":["GET"]}}],"collection":[{"href":"https:\/\/www.claret.cat\/es\/wp-json\/wp\/v2\/product"}],"about":[{"href":"https:\/\/www.claret.cat\/es\/wp-json\/wp\/v2\/types\/product"}],"wp:featuredmedia":[{"embeddable":true,"href":"https:\/\/www.claret.cat\/es\/wp-json\/wp\/v2\/media\/305641"}],"wp:attachment":[{"href":"https:\/\/www.claret.cat\/es\/wp-json\/wp\/v2\/media?parent=305640"}],"wp:term":[{"taxonomy":"product_brand","embeddable":true,"href":"https:\/\/www.claret.cat\/es\/wp-json\/wp\/v2\/product_brand?post=305640"},{"taxonomy":"product_cat","embeddable":true,"href":"https:\/\/www.claret.cat\/es\/wp-json\/wp\/v2\/product_cat?post=305640"},{"taxonomy":"product_tag","embeddable":true,"href":"https:\/\/www.claret.cat\/es\/wp-json\/wp\/v2\/product_tag?post=305640"}],"curies":[{"name":"wp","href":"https:\/\/api.w.org\/{rel}","templated":true}]}}