{"id":305677,"date":"2022-12-16T05:51:01","date_gmt":"2022-12-16T04:51:01","guid":{"rendered":"http:\/\/dev.claret.cat\/llibre\/maya-y-el-yoga-9788424654443\/"},"modified":"2025-01-31T18:57:48","modified_gmt":"2025-01-31T17:57:48","slug":"maya-y-el-yoga-9788424654443","status":"publish","type":"product","link":"https:\/\/www.claret.cat\/es\/libro\/maya-y-el-yoga-9788424654443\/","title":{"rendered":"MAYA Y EL YOGA"},"content":{"rendered":"<p>Un nuevo cuento en el formato de nuestra colecci\u00f3n best-seller para acercar el yoga a los m\u00e1s peque\u00f1os.&lt;BR&gt;&lt;BR&gt;Maya se va de viaje con sus padres y su hermano mayor. \u00a1Rumbo a la India! En Dehli los acoge la familia de Man\u00fa, u nuevo amigo que la introducir\u00e1 en el mundo del yoga. Visitar\u00e1n el templo de Ganesh, Benar\u00e9s, y otros lugares famosos. A trav\u00e9s del viaje y de la historia, los ni\u00f1os y las familias aprender\u00e1n la filosof\u00eda del yoga, diez posturas diferentes para hacer en casa, ejercicios de respiraci\u00f3n y relajaci\u00f3n, y la magia de los mandalas.&lt;BR&gt;&lt;BR&gt;Adem\u00e1s, el libro incluye un desplegable final dirigido a los padres con explicaciones sobre c\u00f3mo hacer los ejercicios, as\u00ed como los beneficios de cada uno de ellos.<\/p>\n","protected":false},"excerpt":{"rendered":"<p>DUCH, MAMEN<\/p>\n","protected":false},"featured_media":305678,"template":"","meta":{"_acf_changed":false,"om_disable_all_campaigns":false,"rs_blank_template":"","rs_page_bg_color":"","slide_template_v7":"","inline_featured_image":false,"_monsterinsights_skip_tracking":false,"_monsterinsights_sitenote_active":false,"_monsterinsights_sitenote_note":"","_monsterinsights_sitenote_category":0},"product_brand":[],"product_cat":[86,352],"product_tag":[],"class_list":{"0":"post-305677","1":"product","2":"type-product","3":"status-publish","4":"has-post-thumbnail","6":"product_cat-infantil","7":"product_cat-infantil-3_infantil-juvenil-spa","9":"first","10":"instock","11":"taxable","12":"shipping-taxable","13":"purchasable","14":"product-type-simple"},"acf":{"autor":"DUCH, MAMEN","codart":"842465444","libros-coleccion":"","ediciones":"1","encuadernacion":"R\u00fastica","fecha_de_publicacion":"01\/03\/2016","novedad":"0","paginas":"24","subtitulo":"","orden":"999","portada":"0","idioma":"spa","editorial":[{"ID":148189,"post_author":"3","post_date":"2022-10-14 11:56:19","post_date_gmt":"2022-10-14 09:56:19","post_content":"","post_title":"GALERA, EDITORIAL","post_excerpt":"","post_status":"publish","comment_status":"closed","ping_status":"closed","post_password":"","post_name":"galera-editorial","to_ping":"","pinged":"","post_modified":"2022-10-14 11:56:19","post_modified_gmt":"2022-10-14 09:56:19","post_content_filtered":"","post_parent":0,"guid":"http:\/\/dev.claret.cat\/editorial\/galera-editorial\/","menu_order":0,"post_type":"editorial","post_mime_type":"","comment_count":"0","filter":"raw"}],"autores-libros":[{"ID":305676,"post_author":"3","post_date":"2022-12-16 05:50:59","post_date_gmt":"2022-12-16 04:50:59","post_content":"","post_title":"MAMEN DUCH","post_excerpt":"","post_status":"publish","comment_status":"closed","ping_status":"closed","post_password":"","post_name":"mamen-duch","to_ping":"","pinged":"","post_modified":"2022-12-16 05:50:59","post_modified_gmt":"2022-12-16 04:50:59","post_content_filtered":"","post_parent":0,"guid":"http:\/\/dev.claret.cat\/autor\/mamen-duch\/","menu_order":0,"post_type":"autor","post_mime_type":"","comment_count":"0","filter":"raw"}]},"aioseo_notices":[],"_links":{"self":[{"href":"https:\/\/www.claret.cat\/es\/wp-json\/wp\/v2\/product\/305677","targetHints":{"allow":["GET"]}}],"collection":[{"href":"https:\/\/www.claret.cat\/es\/wp-json\/wp\/v2\/product"}],"about":[{"href":"https:\/\/www.claret.cat\/es\/wp-json\/wp\/v2\/types\/product"}],"wp:featuredmedia":[{"embeddable":true,"href":"https:\/\/www.claret.cat\/es\/wp-json\/wp\/v2\/media\/305678"}],"wp:attachment":[{"href":"https:\/\/www.claret.cat\/es\/wp-json\/wp\/v2\/media?parent=305677"}],"wp:term":[{"taxonomy":"product_brand","embeddable":true,"href":"https:\/\/www.claret.cat\/es\/wp-json\/wp\/v2\/product_brand?post=305677"},{"taxonomy":"product_cat","embeddable":true,"href":"https:\/\/www.claret.cat\/es\/wp-json\/wp\/v2\/product_cat?post=305677"},{"taxonomy":"product_tag","embeddable":true,"href":"https:\/\/www.claret.cat\/es\/wp-json\/wp\/v2\/product_tag?post=305677"}],"curies":[{"name":"wp","href":"https:\/\/api.w.org\/{rel}","templated":true}]}}