{"id":305680,"date":"2022-12-16T05:51:09","date_gmt":"2022-12-16T04:51:09","guid":{"rendered":"http:\/\/dev.claret.cat\/llibre\/la-maia-i-el-ioga-9788424654467\/"},"modified":"2025-01-31T18:58:06","modified_gmt":"2025-01-31T17:58:06","slug":"la-maia-i-el-ioga-9788424654467","status":"publish","type":"product","link":"https:\/\/www.claret.cat\/es\/libro\/la-maia-i-el-ioga-9788424654467\/","title":{"rendered":"LA MAIA I EL IOGA"},"content":{"rendered":"<p>Un nou conte en el format de la nostra col\u00b7lecci\u00f3 best-seller per apropar el ioga als m\u00e9s petits de casa.&lt;BR&gt;&lt;BR&gt;La Maia se&#8221;n va de viatge amb els seus pares i el seu germ\u00e0 gran. Cap a la \u00cdndia! A Delhi els acull la fam\u00edlia d&#8221;en Man\u00fa, un nou amic que l&#8221;introduir\u00e0 al m\u00f3n del ioga. Visitaran el temple de Ganesh, Varanasi, i altres racons emblem\u00e0tics. A trav\u00e9s del viatge i de la hist\u00f2ria, els nens i les fam\u00edlies aprendran la filosofia del ioga, deu postures diferents per fer a casa, exercicis de respiraci\u00f3 i relaxaci\u00f3, i la m\u00e0gia dels mandales.&lt;BR&gt;&lt;BR&gt;A m\u00e9s a m\u00e9s, el llibre inclou un desplegable final dirigit als pares amb explicacions sobre com fer els exercicis, aix\u00ed com els beneficis de cadascun d&#8221;ells.<\/p>\n","protected":false},"excerpt":{"rendered":"<p>DUCH, MAMEN<\/p>\n","protected":false},"featured_media":305681,"template":"","meta":{"_acf_changed":false,"om_disable_all_campaigns":false,"rs_blank_template":"","rs_page_bg_color":"","slide_template_v7":"","inline_featured_image":false,"_monsterinsights_skip_tracking":false,"_monsterinsights_sitenote_active":false,"_monsterinsights_sitenote_note":"","_monsterinsights_sitenote_category":0},"product_brand":[],"product_cat":[86,352],"product_tag":[],"class_list":{"0":"post-305680","1":"product","2":"type-product","3":"status-publish","4":"has-post-thumbnail","6":"product_cat-infantil","7":"product_cat-infantil-3_infantil-juvenil-spa","9":"first","10":"instock","11":"taxable","12":"shipping-taxable","13":"purchasable","14":"product-type-simple"},"acf":{"autor":"DUCH, MAMEN","codart":"842465446","libros-coleccion":"","ediciones":"1","encuadernacion":"R\u00fastica","fecha_de_publicacion":"01\/03\/2016","novedad":"0","paginas":"24","subtitulo":"","orden":"999","portada":"0","idioma":"cat","editorial":[{"ID":148189,"post_author":"3","post_date":"2022-10-14 11:56:19","post_date_gmt":"2022-10-14 09:56:19","post_content":"","post_title":"GALERA, EDITORIAL","post_excerpt":"","post_status":"publish","comment_status":"closed","ping_status":"closed","post_password":"","post_name":"galera-editorial","to_ping":"","pinged":"","post_modified":"2022-10-14 11:56:19","post_modified_gmt":"2022-10-14 09:56:19","post_content_filtered":"","post_parent":0,"guid":"http:\/\/dev.claret.cat\/editorial\/galera-editorial\/","menu_order":0,"post_type":"editorial","post_mime_type":"","comment_count":"0","filter":"raw"}],"autores-libros":[{"ID":305676,"post_author":"3","post_date":"2022-12-16 05:50:59","post_date_gmt":"2022-12-16 04:50:59","post_content":"","post_title":"MAMEN DUCH","post_excerpt":"","post_status":"publish","comment_status":"closed","ping_status":"closed","post_password":"","post_name":"mamen-duch","to_ping":"","pinged":"","post_modified":"2022-12-16 05:50:59","post_modified_gmt":"2022-12-16 04:50:59","post_content_filtered":"","post_parent":0,"guid":"http:\/\/dev.claret.cat\/autor\/mamen-duch\/","menu_order":0,"post_type":"autor","post_mime_type":"","comment_count":"0","filter":"raw"}]},"aioseo_notices":[],"_links":{"self":[{"href":"https:\/\/www.claret.cat\/es\/wp-json\/wp\/v2\/product\/305680","targetHints":{"allow":["GET"]}}],"collection":[{"href":"https:\/\/www.claret.cat\/es\/wp-json\/wp\/v2\/product"}],"about":[{"href":"https:\/\/www.claret.cat\/es\/wp-json\/wp\/v2\/types\/product"}],"wp:featuredmedia":[{"embeddable":true,"href":"https:\/\/www.claret.cat\/es\/wp-json\/wp\/v2\/media\/305681"}],"wp:attachment":[{"href":"https:\/\/www.claret.cat\/es\/wp-json\/wp\/v2\/media?parent=305680"}],"wp:term":[{"taxonomy":"product_brand","embeddable":true,"href":"https:\/\/www.claret.cat\/es\/wp-json\/wp\/v2\/product_brand?post=305680"},{"taxonomy":"product_cat","embeddable":true,"href":"https:\/\/www.claret.cat\/es\/wp-json\/wp\/v2\/product_cat?post=305680"},{"taxonomy":"product_tag","embeddable":true,"href":"https:\/\/www.claret.cat\/es\/wp-json\/wp\/v2\/product_tag?post=305680"}],"curies":[{"name":"wp","href":"https:\/\/api.w.org\/{rel}","templated":true}]}}