{"id":305698,"date":"2022-12-16T05:51:59","date_gmt":"2022-12-16T04:51:59","guid":{"rendered":"http:\/\/dev.claret.cat\/llibre\/esto-es-andalucia-9788424656362\/"},"modified":"2025-01-31T18:52:44","modified_gmt":"2025-01-31T17:52:44","slug":"esto-es-andalucia-9788424656362","status":"publish","type":"product","link":"https:\/\/www.claret.cat\/es\/libro\/esto-es-andalucia-9788424656362\/","title":{"rendered":"ESTO ES ANDALUC\u00cdA"},"content":{"rendered":"<p>Curro y Macarena tienen muchas ganas de ver el \u00e1lbum de fotos. Han viajado por las ocho provincias de Andaluc\u00eda y han hecho un libro con las fotos. \u00a1Qu\u00e9 fotos m\u00e1s bonitas! \u00a1Qu\u00e9 tierra tan magn\u00edfica!&lt;br&gt;&lt;br&gt;La primera gu\u00eda de Andaluc\u00eda para los peque\u00f1os lectores.&lt;br&gt;&lt;br&gt;<\/p>\n","protected":false},"excerpt":{"rendered":"<p>NU\u00d1O, FRAN<\/p>\n","protected":false},"featured_media":305699,"template":"","meta":{"_acf_changed":false,"om_disable_all_campaigns":false,"rs_blank_template":"","rs_page_bg_color":"","slide_template_v7":"","inline_featured_image":false,"_monsterinsights_skip_tracking":false,"_monsterinsights_sitenote_active":false,"_monsterinsights_sitenote_note":"","_monsterinsights_sitenote_category":0},"product_brand":[],"product_cat":[86,352],"product_tag":[],"class_list":{"0":"post-305698","1":"product","2":"type-product","3":"status-publish","4":"has-post-thumbnail","6":"product_cat-infantil","7":"product_cat-infantil-3_infantil-juvenil-spa","9":"first","10":"instock","11":"taxable","12":"shipping-taxable","13":"purchasable","14":"product-type-simple"},"acf":{"autor":"NU\u00d1O, FRAN","codart":"842465636","libros-coleccion":"","ediciones":"1","encuadernacion":"R\u00fastica","fecha_de_publicacion":"17\/02\/2016","novedad":"0","paginas":"24","subtitulo":"","orden":"999","portada":"0","idioma":"spa","editorial":[{"ID":148189,"post_author":"3","post_date":"2022-10-14 11:56:19","post_date_gmt":"2022-10-14 09:56:19","post_content":"","post_title":"GALERA, EDITORIAL","post_excerpt":"","post_status":"publish","comment_status":"closed","ping_status":"closed","post_password":"","post_name":"galera-editorial","to_ping":"","pinged":"","post_modified":"2022-10-14 11:56:19","post_modified_gmt":"2022-10-14 09:56:19","post_content_filtered":"","post_parent":0,"guid":"http:\/\/dev.claret.cat\/editorial\/galera-editorial\/","menu_order":0,"post_type":"editorial","post_mime_type":"","comment_count":"0","filter":"raw"}],"autores-libros":[{"ID":156045,"post_author":"3","post_date":"2022-10-14 15:17:41","post_date_gmt":"2022-10-14 13:17:41","post_content":"","post_title":"FRAN NU\u00d1O","post_excerpt":"","post_status":"publish","comment_status":"closed","ping_status":"closed","post_password":"","post_name":"fran-nuno","to_ping":"","pinged":"","post_modified":"2022-10-14 15:17:41","post_modified_gmt":"2022-10-14 13:17:41","post_content_filtered":"","post_parent":0,"guid":"http:\/\/dev.claret.cat\/autor\/fran-nuno\/","menu_order":0,"post_type":"autor","post_mime_type":"","comment_count":"0","filter":"raw"}]},"aioseo_notices":[],"_links":{"self":[{"href":"https:\/\/www.claret.cat\/es\/wp-json\/wp\/v2\/product\/305698","targetHints":{"allow":["GET"]}}],"collection":[{"href":"https:\/\/www.claret.cat\/es\/wp-json\/wp\/v2\/product"}],"about":[{"href":"https:\/\/www.claret.cat\/es\/wp-json\/wp\/v2\/types\/product"}],"wp:featuredmedia":[{"embeddable":true,"href":"https:\/\/www.claret.cat\/es\/wp-json\/wp\/v2\/media\/305699"}],"wp:attachment":[{"href":"https:\/\/www.claret.cat\/es\/wp-json\/wp\/v2\/media?parent=305698"}],"wp:term":[{"taxonomy":"product_brand","embeddable":true,"href":"https:\/\/www.claret.cat\/es\/wp-json\/wp\/v2\/product_brand?post=305698"},{"taxonomy":"product_cat","embeddable":true,"href":"https:\/\/www.claret.cat\/es\/wp-json\/wp\/v2\/product_cat?post=305698"},{"taxonomy":"product_tag","embeddable":true,"href":"https:\/\/www.claret.cat\/es\/wp-json\/wp\/v2\/product_tag?post=305698"}],"curies":[{"name":"wp","href":"https:\/\/api.w.org\/{rel}","templated":true}]}}