{"id":305758,"date":"2022-12-16T05:54:29","date_gmt":"2022-12-16T04:54:29","guid":{"rendered":"http:\/\/dev.claret.cat\/llibre\/yellow-van-14-max-y-mia-con-los-mayas-9788424664343\/"},"modified":"2025-01-31T17:44:52","modified_gmt":"2025-01-31T16:44:52","slug":"yellow-van-14-max-y-mia-con-los-mayas-9788424664343","status":"publish","type":"product","link":"https:\/\/www.claret.cat\/es\/libro\/yellow-van-14-max-y-mia-con-los-mayas-9788424664343\/","title":{"rendered":"YELLOW VAN 14. MAX Y M\u00cdA CON LOS MAYAS"},"content":{"rendered":"<p>Max y M\u00eda se despiertan rodeados de \u00e1rboles y animales extra\u00f1os: \u00a1est\u00e1n en la jungla! Un edificio muy curioso les da una pista sobre d\u00f3nde los puede haber llevado Yellow Van mientras dorm\u00edan: \u00a1a una ciudad de los mayas! \u00bfQu\u00e9 aventuras vivir\u00e1n esta vez?<\/p>\n","protected":false},"excerpt":{"rendered":"<p>DICKINSON, VITA\/CALAFELL, ROSER (IL.)<\/p>\n","protected":false},"featured_media":305759,"template":"","meta":{"_acf_changed":false,"om_disable_all_campaigns":false,"rs_blank_template":"","rs_page_bg_color":"","slide_template_v7":"","inline_featured_image":false,"_monsterinsights_skip_tracking":false,"_monsterinsights_sitenote_active":false,"_monsterinsights_sitenote_note":"","_monsterinsights_sitenote_category":0},"product_brand":[],"product_cat":[86,352],"product_tag":[],"class_list":{"0":"post-305758","1":"product","2":"type-product","3":"status-publish","4":"has-post-thumbnail","6":"product_cat-infantil","7":"product_cat-infantil-3_infantil-juvenil-spa","9":"first","10":"instock","11":"taxable","12":"shipping-taxable","13":"purchasable","14":"product-type-simple"},"acf":{"autor":"DICKINSON, VITA\/CALAFELL, ROSER (IL.)","codart":"842466434","libros-coleccion":"Yellow Van","ediciones":"1","encuadernacion":"R\u00fastica","fecha_de_publicacion":"01\/06\/2019","novedad":"1","paginas":"45","subtitulo":"","orden":"0","portada":"0","idioma":"spa","editorial":[{"ID":148189,"post_author":"3","post_date":"2022-10-14 11:56:19","post_date_gmt":"2022-10-14 09:56:19","post_content":"","post_title":"GALERA, EDITORIAL","post_excerpt":"","post_status":"publish","comment_status":"closed","ping_status":"closed","post_password":"","post_name":"galera-editorial","to_ping":"","pinged":"","post_modified":"2022-10-14 11:56:19","post_modified_gmt":"2022-10-14 09:56:19","post_content_filtered":"","post_parent":0,"guid":"http:\/\/dev.claret.cat\/editorial\/galera-editorial\/","menu_order":0,"post_type":"editorial","post_mime_type":"","comment_count":"0","filter":"raw"}],"autores-libros":[{"ID":171173,"post_author":"3","post_date":"2022-10-14 22:41:16","post_date_gmt":"2022-10-14 20:41:16","post_content":"","post_title":"VITA DICKINSON","post_excerpt":"","post_status":"publish","comment_status":"closed","ping_status":"closed","post_password":"","post_name":"vita-dickinson","to_ping":"","pinged":"","post_modified":"2022-10-14 22:41:16","post_modified_gmt":"2022-10-14 20:41:16","post_content_filtered":"","post_parent":0,"guid":"http:\/\/dev.claret.cat\/autor\/vita-dickinson\/","menu_order":0,"post_type":"autor","post_mime_type":"","comment_count":"0","filter":"raw"},{"ID":168578,"post_author":"3","post_date":"2022-10-14 22:20:14","post_date_gmt":"2022-10-14 20:20:14","post_content":"","post_title":"ROSER (IL.) CALAFELL","post_excerpt":"","post_status":"publish","comment_status":"closed","ping_status":"closed","post_password":"","post_name":"roser-il-calafell","to_ping":"","pinged":"","post_modified":"2022-10-14 22:20:14","post_modified_gmt":"2022-10-14 20:20:14","post_content_filtered":"","post_parent":0,"guid":"http:\/\/dev.claret.cat\/autor\/roser-il-calafell\/","menu_order":0,"post_type":"autor","post_mime_type":"","comment_count":"0","filter":"raw"}]},"aioseo_notices":[],"_links":{"self":[{"href":"https:\/\/www.claret.cat\/es\/wp-json\/wp\/v2\/product\/305758","targetHints":{"allow":["GET"]}}],"collection":[{"href":"https:\/\/www.claret.cat\/es\/wp-json\/wp\/v2\/product"}],"about":[{"href":"https:\/\/www.claret.cat\/es\/wp-json\/wp\/v2\/types\/product"}],"wp:featuredmedia":[{"embeddable":true,"href":"https:\/\/www.claret.cat\/es\/wp-json\/wp\/v2\/media\/305759"}],"wp:attachment":[{"href":"https:\/\/www.claret.cat\/es\/wp-json\/wp\/v2\/media?parent=305758"}],"wp:term":[{"taxonomy":"product_brand","embeddable":true,"href":"https:\/\/www.claret.cat\/es\/wp-json\/wp\/v2\/product_brand?post=305758"},{"taxonomy":"product_cat","embeddable":true,"href":"https:\/\/www.claret.cat\/es\/wp-json\/wp\/v2\/product_cat?post=305758"},{"taxonomy":"product_tag","embeddable":true,"href":"https:\/\/www.claret.cat\/es\/wp-json\/wp\/v2\/product_tag?post=305758"}],"curies":[{"name":"wp","href":"https:\/\/api.w.org\/{rel}","templated":true}]}}