{"id":305788,"date":"2022-12-16T05:55:49","date_gmt":"2022-12-16T04:55:49","guid":{"rendered":"http:\/\/dev.claret.cat\/llibre\/meditaciones-9788424938963\/"},"modified":"2025-02-04T17:41:14","modified_gmt":"2025-02-04T16:41:14","slug":"meditaciones-9788424938963","status":"publish","type":"product","link":"https:\/\/www.claret.cat\/es\/libro\/meditaciones-9788424938963\/","title":{"rendered":"MEDITACIONES"},"content":{"rendered":"<p>Las anotaciones autobiogr\u00e1ficas, las reflexiones y sentencias que Marco Aurelio fue escribiendo para s\u00ed mismo, durante sus \u00faltimos a\u00f1os de vida, componen un texto singular en la literatura antigua. Ning\u00fan otro gran personaje del mundo antiguo nos ha legado un testimonio personal tan sincero, tan hondo y tan pat\u00e9ticamente filos\u00f3fico. Marco Aurelio tuvo que vestir la p\u00farpura y la coraza del guerrero al frente de un inmenso y amenazado imperio. Sin ilusionarse con una Rep\u00fablica como la de Plat\u00f3n, intent\u00f3 portarse siempre como un fil\u00f3sofo estoico y un digno romano. Y lo consigui\u00f3. Este extra\u00f1o diario recoge sus pensamientos en las noches de vigilia, sus vacilaciones, sus recuerdos agradecidos, los consejos repetidos a s\u00ed mismo, sus m\u00e1ximas y su desesperanza. Con todo ello, consigui\u00f3 una de las obras m\u00e1s perfectas sobre lo que debe ser un buen gobierno.<\/p>\n","protected":false},"excerpt":{"rendered":"<p>MARCO AURELIO<\/p>\n","protected":false},"featured_media":305789,"template":"","meta":{"_acf_changed":false,"om_disable_all_campaigns":false,"rs_blank_template":"","rs_page_bg_color":"","slide_template_v7":"","inline_featured_image":false,"_monsterinsights_skip_tracking":false,"_monsterinsights_sitenote_active":false,"_monsterinsights_sitenote_note":"","_monsterinsights_sitenote_category":0},"product_brand":[],"product_cat":[83,349],"product_tag":[],"class_list":{"0":"post-305788","1":"product","2":"type-product","3":"status-publish","4":"has-post-thumbnail","6":"product_cat-filosofia","7":"product_cat-filosofia-2_humanidades","9":"first","10":"instock","11":"taxable","12":"shipping-taxable","13":"purchasable","14":"product-type-simple"},"acf":{"autor":"MARCO AURELIO","codart":"842493896","libros-coleccion":"BIBLIOTECA CL\u00c1SICA","ediciones":"1","encuadernacion":"Carton\u00e9","fecha_de_publicacion":"01\/06\/2019","novedad":"1","paginas":"230","subtitulo":"","orden":"0","portada":"0","idioma":"spa","editorial":[{"ID":148225,"post_author":"3","post_date":"2022-10-14 11:56:36","post_date_gmt":"2022-10-14 09:56:36","post_content":"","post_title":"Gredos","post_excerpt":"","post_status":"publish","comment_status":"closed","ping_status":"closed","post_password":"","post_name":"gredos","to_ping":"","pinged":"","post_modified":"2022-10-14 11:56:36","post_modified_gmt":"2022-10-14 09:56:36","post_content_filtered":"","post_parent":0,"guid":"http:\/\/dev.claret.cat\/editorial\/gredos\/","menu_order":0,"post_type":"editorial","post_mime_type":"","comment_count":"0","filter":"raw"}],"autores-libros":[{"ID":163405,"post_author":"3","post_date":"2022-10-14 17:38:46","post_date_gmt":"2022-10-14 15:38:46","post_content":"","post_title":"MARCO AURELIO","post_excerpt":"","post_status":"publish","comment_status":"closed","ping_status":"closed","post_password":"","post_name":"marco-aurelio-2","to_ping":"","pinged":"","post_modified":"2022-10-14 17:38:46","post_modified_gmt":"2022-10-14 15:38:46","post_content_filtered":"","post_parent":0,"guid":"http:\/\/dev.claret.cat\/autor\/marco-aurelio-2\/","menu_order":0,"post_type":"autor","post_mime_type":"","comment_count":"0","filter":"raw"}]},"aioseo_notices":[],"_links":{"self":[{"href":"https:\/\/www.claret.cat\/es\/wp-json\/wp\/v2\/product\/305788","targetHints":{"allow":["GET"]}}],"collection":[{"href":"https:\/\/www.claret.cat\/es\/wp-json\/wp\/v2\/product"}],"about":[{"href":"https:\/\/www.claret.cat\/es\/wp-json\/wp\/v2\/types\/product"}],"wp:featuredmedia":[{"embeddable":true,"href":"https:\/\/www.claret.cat\/es\/wp-json\/wp\/v2\/media\/305789"}],"wp:attachment":[{"href":"https:\/\/www.claret.cat\/es\/wp-json\/wp\/v2\/media?parent=305788"}],"wp:term":[{"taxonomy":"product_brand","embeddable":true,"href":"https:\/\/www.claret.cat\/es\/wp-json\/wp\/v2\/product_brand?post=305788"},{"taxonomy":"product_cat","embeddable":true,"href":"https:\/\/www.claret.cat\/es\/wp-json\/wp\/v2\/product_cat?post=305788"},{"taxonomy":"product_tag","embeddable":true,"href":"https:\/\/www.claret.cat\/es\/wp-json\/wp\/v2\/product_tag?post=305788"}],"curies":[{"name":"wp","href":"https:\/\/api.w.org\/{rel}","templated":true}]}}