{"id":305791,"date":"2022-12-16T05:55:56","date_gmt":"2022-12-16T04:55:56","guid":{"rendered":"http:\/\/dev.claret.cat\/llibre\/odas-canto-secular-epodo-9788424939007\/"},"modified":"2025-02-04T17:40:17","modified_gmt":"2025-02-04T16:40:17","slug":"odas-canto-secular-epodo-9788424939007","status":"publish","type":"product","link":"https:\/\/www.claret.cat\/es\/libro\/odas-canto-secular-epodo-9788424939007\/","title":{"rendered":"ODAS, CANTO SECULAR, EPODO"},"content":{"rendered":"<p>Horacio es uno de los m\u00e1s relevantes e influyentes autores de la Antig\u00fcedad. Su obra alcanza unas cotas de madurez, perfecci\u00f3n formal y plenitud que es la esencia de lo cl\u00e1sico. Se presenta en este volumen una magn\u00edfica introducci\u00f3n general a cargo de Jos\u00e9 Luis Moralejo y dos de sus magnas obras: las Odas, de car\u00e1cter e inspiraci\u00f3n l\u00edrica y los Epodos, en la que dirige finas y humor\u00edsticas invectivas contra personajes y tipos de su entorno. Entre ellas se encuentra la c\u00e9lebre composici\u00f3n del &#8216;Beatus ille&#8217;, de gran pervivencia en la poes\u00eda espa\u00f1ola del Siglo de Oro.<\/p>\n","protected":false},"excerpt":{"rendered":"<p>HORACIO<\/p>\n","protected":false},"featured_media":305792,"template":"","meta":{"_acf_changed":false,"om_disable_all_campaigns":false,"rs_blank_template":"","rs_page_bg_color":"","slide_template_v7":"","inline_featured_image":false,"_monsterinsights_skip_tracking":false,"_monsterinsights_sitenote_active":false,"_monsterinsights_sitenote_note":"","_monsterinsights_sitenote_category":0},"product_brand":[],"product_cat":[87,353],"product_tag":[],"class_list":{"0":"post-305791","1":"product","2":"type-product","3":"status-publish","4":"has-post-thumbnail","6":"product_cat-literatura","7":"product_cat-literatura-2_humanidades","9":"first","10":"instock","11":"taxable","12":"shipping-taxable","13":"purchasable","14":"product-type-simple"},"acf":{"autor":"HORACIO","codart":"842493900","libros-coleccion":"BIBLIOTECA CL\u00c1SICA","ediciones":"1","encuadernacion":"Carton\u00e9","fecha_de_publicacion":"01\/05\/2019","novedad":"1","paginas":"583","subtitulo":"","orden":"0","portada":"0","idioma":"spa","editorial":[{"ID":148225,"post_author":"3","post_date":"2022-10-14 11:56:36","post_date_gmt":"2022-10-14 09:56:36","post_content":"","post_title":"Gredos","post_excerpt":"","post_status":"publish","comment_status":"closed","ping_status":"closed","post_password":"","post_name":"gredos","to_ping":"","pinged":"","post_modified":"2022-10-14 11:56:36","post_modified_gmt":"2022-10-14 09:56:36","post_content_filtered":"","post_parent":0,"guid":"http:\/\/dev.claret.cat\/editorial\/gredos\/","menu_order":0,"post_type":"editorial","post_mime_type":"","comment_count":"0","filter":"raw"}],"autores-libros":[{"ID":157643,"post_author":"3","post_date":"2022-10-14 15:30:27","post_date_gmt":"2022-10-14 13:30:27","post_content":"","post_title":"HORACIO","post_excerpt":"","post_status":"publish","comment_status":"closed","ping_status":"closed","post_password":"","post_name":"horacio","to_ping":"","pinged":"","post_modified":"2022-10-14 15:30:27","post_modified_gmt":"2022-10-14 13:30:27","post_content_filtered":"","post_parent":0,"guid":"http:\/\/dev.claret.cat\/autor\/horacio\/","menu_order":0,"post_type":"autor","post_mime_type":"","comment_count":"0","filter":"raw"}]},"aioseo_notices":[],"_links":{"self":[{"href":"https:\/\/www.claret.cat\/es\/wp-json\/wp\/v2\/product\/305791","targetHints":{"allow":["GET"]}}],"collection":[{"href":"https:\/\/www.claret.cat\/es\/wp-json\/wp\/v2\/product"}],"about":[{"href":"https:\/\/www.claret.cat\/es\/wp-json\/wp\/v2\/types\/product"}],"wp:featuredmedia":[{"embeddable":true,"href":"https:\/\/www.claret.cat\/es\/wp-json\/wp\/v2\/media\/305792"}],"wp:attachment":[{"href":"https:\/\/www.claret.cat\/es\/wp-json\/wp\/v2\/media?parent=305791"}],"wp:term":[{"taxonomy":"product_brand","embeddable":true,"href":"https:\/\/www.claret.cat\/es\/wp-json\/wp\/v2\/product_brand?post=305791"},{"taxonomy":"product_cat","embeddable":true,"href":"https:\/\/www.claret.cat\/es\/wp-json\/wp\/v2\/product_cat?post=305791"},{"taxonomy":"product_tag","embeddable":true,"href":"https:\/\/www.claret.cat\/es\/wp-json\/wp\/v2\/product_tag?post=305791"}],"curies":[{"name":"wp","href":"https:\/\/api.w.org\/{rel}","templated":true}]}}