{"id":305797,"date":"2022-12-16T05:56:12","date_gmt":"2022-12-16T04:56:12","guid":{"rendered":"http:\/\/dev.claret.cat\/llibre\/discursos-vol-1-9788424939021\/"},"modified":"2025-02-04T17:40:31","modified_gmt":"2025-02-04T16:40:31","slug":"discursos-vol-1-9788424939021","status":"publish","type":"product","link":"https:\/\/www.claret.cat\/es\/libro\/discursos-vol-1-9788424939021\/","title":{"rendered":"DISCURSOS VOL. 1"},"content":{"rendered":"<p>Una figura como la de Cicer\u00f3n es de las que, por s\u00ed solas, sirven para llenar un siglo. Y si en la vida p\u00fablica no tiene el genio de un C\u00e9sar o un Augusto, en la oratoria y en un sentido amplio en la vida intelectual y art\u00edstica no tiene parang\u00f3n en su \u00e9poca. Pero no se trata s\u00f3lo de que Cicer\u00f3n sea el primer orador de su tiempo y de la historia de Roma: es que nuestro autor es el creador de una prosa ya capaz de expresar tanto las complejidades del pensamiento abstracto cuanto el equilibrio, gracia y frescura indispensables para una verdadera prosa art\u00edstica. Este primer volumen de sus Discursos presenta la introducci\u00f3n general al autor, as\u00ed como la primera parte de las Verrinas, el discurso que en el a\u00f1o 70 a. C. confirma a Cicer\u00f3n como primer orador de roma y lo lanza con vigor a la vida pol\u00edtica, al hacer condenar, desde posturas pr\u00f3ximas a los populares, la rapaz gesti\u00f3n en Sicilia de un se\u00f1alado miembro de la nobilitas. Publicado originalmente en la BCG con el n\u00famero 139, este volumen presenta la traducci\u00f3n de la primera parte de esas Verrinas, realizada por Jos\u00e9 Mar\u00eda Requejo. La introducci\u00f3n general ha sido revisada y actualizada por su autor, Miguel Rodr\u00edguez-Pantoja.<\/p>\n","protected":false},"excerpt":{"rendered":"<p>CICER\u00d3N<\/p>\n","protected":false},"featured_media":305798,"template":"","meta":{"_acf_changed":false,"om_disable_all_campaigns":false,"rs_blank_template":"","rs_page_bg_color":"","slide_template_v7":"","inline_featured_image":false,"_monsterinsights_skip_tracking":false,"_monsterinsights_sitenote_active":false,"_monsterinsights_sitenote_note":"","_monsterinsights_sitenote_category":0},"product_brand":[],"product_cat":[83,349],"product_tag":[],"class_list":{"0":"post-305797","1":"product","2":"type-product","3":"status-publish","4":"has-post-thumbnail","6":"product_cat-filosofia","7":"product_cat-filosofia-2_humanidades","9":"first","10":"instock","11":"taxable","12":"shipping-taxable","13":"purchasable","14":"product-type-simple"},"acf":{"autor":"CICER\u00d3N","codart":"842493902","libros-coleccion":"BIBLIOTECA CL\u00c1SICA","ediciones":"1","encuadernacion":"Carton\u00e9","fecha_de_publicacion":"01\/06\/2019","novedad":"1","paginas":"462","subtitulo":"VERRINAS \/DISCURSO CONTRA Q. CECILIO\/ PRIMERA SESI\u00d3N\/SEGUNDA SESI\u00d3N (DISCURSOS I","orden":"0","portada":"0","idioma":"spa","editorial":[{"ID":148225,"post_author":"3","post_date":"2022-10-14 11:56:36","post_date_gmt":"2022-10-14 09:56:36","post_content":"","post_title":"Gredos","post_excerpt":"","post_status":"publish","comment_status":"closed","ping_status":"closed","post_password":"","post_name":"gredos","to_ping":"","pinged":"","post_modified":"2022-10-14 11:56:36","post_modified_gmt":"2022-10-14 09:56:36","post_content_filtered":"","post_parent":0,"guid":"http:\/\/dev.claret.cat\/editorial\/gredos\/","menu_order":0,"post_type":"editorial","post_mime_type":"","comment_count":"0","filter":"raw"}],"autores-libros":[{"ID":5355,"post_author":"3","post_date":"2022-07-28 17:22:12","post_date_gmt":"2022-07-28 15:22:12","post_content":"","post_title":"CICERON","post_excerpt":"","post_status":"publish","comment_status":"closed","ping_status":"closed","post_password":"","post_name":"ciceron","to_ping":"","pinged":"","post_modified":"2022-07-28 17:22:12","post_modified_gmt":"2022-07-28 15:22:12","post_content_filtered":"","post_parent":0,"guid":"http:\/\/dev.claret.cat\/autor\/ciceron\/","menu_order":0,"post_type":"autor","post_mime_type":"","comment_count":"0","filter":"raw"}]},"aioseo_notices":[],"_links":{"self":[{"href":"https:\/\/www.claret.cat\/es\/wp-json\/wp\/v2\/product\/305797","targetHints":{"allow":["GET"]}}],"collection":[{"href":"https:\/\/www.claret.cat\/es\/wp-json\/wp\/v2\/product"}],"about":[{"href":"https:\/\/www.claret.cat\/es\/wp-json\/wp\/v2\/types\/product"}],"wp:featuredmedia":[{"embeddable":true,"href":"https:\/\/www.claret.cat\/es\/wp-json\/wp\/v2\/media\/305798"}],"wp:attachment":[{"href":"https:\/\/www.claret.cat\/es\/wp-json\/wp\/v2\/media?parent=305797"}],"wp:term":[{"taxonomy":"product_brand","embeddable":true,"href":"https:\/\/www.claret.cat\/es\/wp-json\/wp\/v2\/product_brand?post=305797"},{"taxonomy":"product_cat","embeddable":true,"href":"https:\/\/www.claret.cat\/es\/wp-json\/wp\/v2\/product_cat?post=305797"},{"taxonomy":"product_tag","embeddable":true,"href":"https:\/\/www.claret.cat\/es\/wp-json\/wp\/v2\/product_tag?post=305797"}],"curies":[{"name":"wp","href":"https:\/\/api.w.org\/{rel}","templated":true}]}}